{"id":189,"date":"2018-07-30T20:13:32","date_gmt":"2018-07-31T00:13:32","guid":{"rendered":"http:\/\/canadiancentennialchoir.flywheelsites.com\/?page_id=189"},"modified":"2025-08-30T13:10:35","modified_gmt":"2025-08-30T17:10:35","slug":"accompagnatrice","status":"publish","type":"page","link":"https:\/\/ccc-ccc.ca\/fr\/accompagnatrice\/","title":{"rendered":"Accompagnatrice"},"content":{"rendered":"\n<h1>\n\t\t\tPianiste collaboratif\t<\/h1>\n<h3>\n\t\t\tNicholas Busch\u00a0&#8211; pianiste collaboratif\t<\/h3>\n\t<p><img loading=\"lazy\" decoding=\"async\" src=\"https:\/\/ccc-ccc.ca\/wp-content\/uploads\/2024\/10\/Nicholas-Buschs-Headshot-202x300.jpeg\" alt=\"\" width=\"202\" height=\"300\" \/><\/p>\n<h6>Photo credit:\u00a0 Devon Bradwell<\/h6>\nNicholas Busch est titulaire d&rsquo;une ma\u00eetrise en piano collaboratif de l&rsquo;Universit\u00e9 Western, o\u00f9 il a \u00e9tudi\u00e9 avec John Hess et Mariana Chibotar-Rutkevich, et est professeur de musique agr\u00e9\u00e9 en Ontario. Il d\u00e9tient le titre d&rsquo;Associ\u00e9 du Coll\u00e8ge royal canadien des organistes et a re\u00e7u le Prix Healey Willan. Il occupe actuellement le poste de directeur musical \u00e0 l&rsquo;\u00c9glise anglicane St. John the Evangelist, \u00e0 Ottawa. De 2022 \u00e0 2025, il \u00e9tait directeur musical \u00e0 l&rsquo;\u00c9glise unie Kanata. En partenariat avec cette derni\u00e8re, Nicholas a fond\u00e9 en 2023 la s\u00e9rie de concerts communautaires de Beaverbrook, qui donne \u00e0 des<br \/>\nmusiciens en d\u00e9but de carri\u00e8re l&rsquo;occasion d&rsquo;\u00eatre r\u00e9mun\u00e9r\u00e9s pour faire une prestation dans une collectivit\u00e9 o\u00f9 les lieux de concert sont limit\u00e9s. Il collabore souvent avec des chorales, des orchestres et des solistes partout en Ontario et au Qu\u00e9bec.\n<p>Nicholas\u00a0travaille r\u00e9guli\u00e8rement avec le Ch\u0153ur du Centenaire canadien, la All Voices Community Choir, la chorale Accord et Joyful Sound Ottawa. Passionn\u00e9 de musique nouvelle, Nicholas a eu l&rsquo;honneur de cr\u00e9er et d&rsquo;enregistrer de nombreuses nouvelles pi\u00e8ces pour ensembles mixtes et piano solo de compositeurs de partout au Canada. Avec son \u00e9pouse, Olivia Adams, il forme le duo de piano Adams-Busch qui se produit en Ontario et au Qu\u00e9bec. En tant que compositeur, il a eu le privil\u00e8ge de voir sa musique cr\u00e9\u00e9e par des interpr\u00e8tes professionnels de tout l&rsquo;Ontario, dont le Duo\u00a0Mezzopiano et Andy\u00a0Busch, entre autres.<\/p>\n<p>Nicholas aime pratiquer la photographie, le v\u00e9lo et la randonn\u00e9e et passer du temps avec son chien Nori.<\/p>\n<p>Il s&rsquo;est joint au CCC en septembre 2024.<\/p>\n\n","protected":false},"excerpt":{"rendered":"<p>Pianiste collaboratif Nicholas Busch\u00a0&#8211; pianiste collaboratif Photo credit:\u00a0 Devon Bradwell Nicholas Busch est titulaire d&rsquo;une ma\u00eetrise en piano collaboratif de l&rsquo;Universit\u00e9 Western, o\u00f9 il a \u00e9tudi\u00e9 avec John Hess et Mariana Chibotar-Rutkevich, et est professeur de musique agr\u00e9\u00e9 en Ontario. Il d\u00e9tient le titre d&rsquo;Associ\u00e9 du Coll\u00e8ge royal canadien des organistes et a re\u00e7u le&hellip;<\/p>\n","protected":false},"author":1,"featured_media":0,"parent":0,"menu_order":0,"comment_status":"closed","ping_status":"closed","template":"","meta":{"_acf_changed":false,"_monsterinsights_skip_tracking":false,"_monsterinsights_sitenote_active":false,"_monsterinsights_sitenote_note":"","_monsterinsights_sitenote_category":0,"footnotes":""},"class_list":["post-189","page","type-page","status-publish","hentry"],"acf":[],"yoast_head":"<!-- This site is optimized with the Yoast SEO plugin v27.3 - https:\/\/yoast.com\/product\/yoast-seo-wordpress\/ -->\n<title>Accompagnatrice - Ch\u0153ur du Centenaire canadien.<\/title>\n<meta name=\"robots\" content=\"index, follow, max-snippet:-1, max-image-preview:large, max-video-preview:-1\" \/>\n<link rel=\"canonical\" href=\"https:\/\/ccc-ccc.ca\/fr\/accompagnatrice\/\" \/>\n<meta property=\"og:locale\" content=\"fr_FR\" \/>\n<meta property=\"og:type\" content=\"article\" \/>\n<meta property=\"og:title\" content=\"Accompagnatrice - Ch\u0153ur du Centenaire canadien.\" \/>\n<meta property=\"og:description\" content=\"Pianiste collaboratif Nicholas Busch\u00a0&#8211; pianiste collaboratif Photo credit:\u00a0 Devon Bradwell Nicholas Busch est titulaire d&rsquo;une ma\u00eetrise en piano collaboratif de l&rsquo;Universit\u00e9 Western, o\u00f9 il a \u00e9tudi\u00e9 avec John Hess et Mariana Chibotar-Rutkevich, et est professeur de musique agr\u00e9\u00e9 en Ontario. Il d\u00e9tient le titre d&rsquo;Associ\u00e9 du Coll\u00e8ge royal canadien des organistes et a re\u00e7u le&hellip;\" \/>\n<meta property=\"og:url\" content=\"https:\/\/ccc-ccc.ca\/fr\/accompagnatrice\/\" \/>\n<meta property=\"og:site_name\" content=\"Ch\u0153ur du Centenaire canadien.\" \/>\n<meta property=\"article:modified_time\" content=\"2025-08-30T17:10:35+00:00\" \/>\n<meta property=\"og:image\" content=\"https:\/\/ccc-ccc.ca\/wp-content\/uploads\/2024\/10\/Nicholas-Buschs-Headshot-202x300.jpeg\" \/>\n<meta name=\"twitter:card\" content=\"summary_large_image\" \/>\n<meta name=\"twitter:label1\" content=\"Dur\u00e9e de lecture estim\u00e9e\" \/>\n\t<meta name=\"twitter:data1\" content=\"1 minute\" \/>\n<script type=\"application\/ld+json\" class=\"yoast-schema-graph\">{\"@context\":\"https:\\\/\\\/schema.org\",\"@graph\":[{\"@type\":\"WebPage\",\"@id\":\"https:\\\/\\\/ccc-ccc.ca\\\/fr\\\/accompagnatrice\\\/\",\"url\":\"https:\\\/\\\/ccc-ccc.ca\\\/fr\\\/accompagnatrice\\\/\",\"name\":\"Accompagnatrice - Ch\u0153ur du Centenaire canadien.\",\"isPartOf\":{\"@id\":\"https:\\\/\\\/ccc-ccc.ca\\\/#website\"},\"primaryImageOfPage\":{\"@id\":\"https:\\\/\\\/ccc-ccc.ca\\\/fr\\\/accompagnatrice\\\/#primaryimage\"},\"image\":{\"@id\":\"https:\\\/\\\/ccc-ccc.ca\\\/fr\\\/accompagnatrice\\\/#primaryimage\"},\"thumbnailUrl\":\"https:\\\/\\\/ccc-ccc.ca\\\/wp-content\\\/uploads\\\/2024\\\/10\\\/Nicholas-Buschs-Headshot-202x300.jpeg\",\"datePublished\":\"2018-07-31T00:13:32+00:00\",\"dateModified\":\"2025-08-30T17:10:35+00:00\",\"breadcrumb\":{\"@id\":\"https:\\\/\\\/ccc-ccc.ca\\\/fr\\\/accompagnatrice\\\/#breadcrumb\"},\"inLanguage\":\"fr-FR\",\"potentialAction\":[{\"@type\":\"ReadAction\",\"target\":[\"https:\\\/\\\/ccc-ccc.ca\\\/fr\\\/accompagnatrice\\\/\"]}]},{\"@type\":\"ImageObject\",\"inLanguage\":\"fr-FR\",\"@id\":\"https:\\\/\\\/ccc-ccc.ca\\\/fr\\\/accompagnatrice\\\/#primaryimage\",\"url\":\"https:\\\/\\\/ccc-ccc.ca\\\/wp-content\\\/uploads\\\/2024\\\/10\\\/Nicholas-Buschs-Headshot-202x300.jpeg\",\"contentUrl\":\"https:\\\/\\\/ccc-ccc.ca\\\/wp-content\\\/uploads\\\/2024\\\/10\\\/Nicholas-Buschs-Headshot-202x300.jpeg\"},{\"@type\":\"BreadcrumbList\",\"@id\":\"https:\\\/\\\/ccc-ccc.ca\\\/fr\\\/accompagnatrice\\\/#breadcrumb\",\"itemListElement\":[{\"@type\":\"ListItem\",\"position\":1,\"name\":\"Home\",\"item\":\"https:\\\/\\\/ccc-ccc.ca\\\/fr\\\/\"},{\"@type\":\"ListItem\",\"position\":2,\"name\":\"Accompagnatrice\"}]},{\"@type\":\"WebSite\",\"@id\":\"https:\\\/\\\/ccc-ccc.ca\\\/#website\",\"url\":\"https:\\\/\\\/ccc-ccc.ca\\\/\",\"name\":\"Ch\u0153ur du Centenaire canadien.\",\"description\":\"Non-profit community choir\",\"potentialAction\":[{\"@type\":\"SearchAction\",\"target\":{\"@type\":\"EntryPoint\",\"urlTemplate\":\"https:\\\/\\\/ccc-ccc.ca\\\/?s={search_term_string}\"},\"query-input\":{\"@type\":\"PropertyValueSpecification\",\"valueRequired\":true,\"valueName\":\"search_term_string\"}}],\"inLanguage\":\"fr-FR\"}]}<\/script>\n<!-- \/ Yoast SEO plugin. -->","yoast_head_json":{"title":"Accompagnatrice - Ch\u0153ur du Centenaire canadien.","robots":{"index":"index","follow":"follow","max-snippet":"max-snippet:-1","max-image-preview":"max-image-preview:large","max-video-preview":"max-video-preview:-1"},"canonical":"https:\/\/ccc-ccc.ca\/fr\/accompagnatrice\/","og_locale":"fr_FR","og_type":"article","og_title":"Accompagnatrice - Ch\u0153ur du Centenaire canadien.","og_description":"Pianiste collaboratif Nicholas Busch\u00a0&#8211; pianiste collaboratif Photo credit:\u00a0 Devon Bradwell Nicholas Busch est titulaire d&rsquo;une ma\u00eetrise en piano collaboratif de l&rsquo;Universit\u00e9 Western, o\u00f9 il a \u00e9tudi\u00e9 avec John Hess et Mariana Chibotar-Rutkevich, et est professeur de musique agr\u00e9\u00e9 en Ontario. Il d\u00e9tient le titre d&rsquo;Associ\u00e9 du Coll\u00e8ge royal canadien des organistes et a re\u00e7u le&hellip;","og_url":"https:\/\/ccc-ccc.ca\/fr\/accompagnatrice\/","og_site_name":"Ch\u0153ur du Centenaire canadien.","article_modified_time":"2025-08-30T17:10:35+00:00","og_image":[{"url":"https:\/\/ccc-ccc.ca\/wp-content\/uploads\/2024\/10\/Nicholas-Buschs-Headshot-202x300.jpeg","type":"","width":"","height":""}],"twitter_card":"summary_large_image","twitter_misc":{"Dur\u00e9e de lecture estim\u00e9e":"1 minute"},"schema":{"@context":"https:\/\/schema.org","@graph":[{"@type":"WebPage","@id":"https:\/\/ccc-ccc.ca\/fr\/accompagnatrice\/","url":"https:\/\/ccc-ccc.ca\/fr\/accompagnatrice\/","name":"Accompagnatrice - Ch\u0153ur du Centenaire canadien.","isPartOf":{"@id":"https:\/\/ccc-ccc.ca\/#website"},"primaryImageOfPage":{"@id":"https:\/\/ccc-ccc.ca\/fr\/accompagnatrice\/#primaryimage"},"image":{"@id":"https:\/\/ccc-ccc.ca\/fr\/accompagnatrice\/#primaryimage"},"thumbnailUrl":"https:\/\/ccc-ccc.ca\/wp-content\/uploads\/2024\/10\/Nicholas-Buschs-Headshot-202x300.jpeg","datePublished":"2018-07-31T00:13:32+00:00","dateModified":"2025-08-30T17:10:35+00:00","breadcrumb":{"@id":"https:\/\/ccc-ccc.ca\/fr\/accompagnatrice\/#breadcrumb"},"inLanguage":"fr-FR","potentialAction":[{"@type":"ReadAction","target":["https:\/\/ccc-ccc.ca\/fr\/accompagnatrice\/"]}]},{"@type":"ImageObject","inLanguage":"fr-FR","@id":"https:\/\/ccc-ccc.ca\/fr\/accompagnatrice\/#primaryimage","url":"https:\/\/ccc-ccc.ca\/wp-content\/uploads\/2024\/10\/Nicholas-Buschs-Headshot-202x300.jpeg","contentUrl":"https:\/\/ccc-ccc.ca\/wp-content\/uploads\/2024\/10\/Nicholas-Buschs-Headshot-202x300.jpeg"},{"@type":"BreadcrumbList","@id":"https:\/\/ccc-ccc.ca\/fr\/accompagnatrice\/#breadcrumb","itemListElement":[{"@type":"ListItem","position":1,"name":"Home","item":"https:\/\/ccc-ccc.ca\/fr\/"},{"@type":"ListItem","position":2,"name":"Accompagnatrice"}]},{"@type":"WebSite","@id":"https:\/\/ccc-ccc.ca\/#website","url":"https:\/\/ccc-ccc.ca\/","name":"Ch\u0153ur du Centenaire canadien.","description":"Non-profit community choir","potentialAction":[{"@type":"SearchAction","target":{"@type":"EntryPoint","urlTemplate":"https:\/\/ccc-ccc.ca\/?s={search_term_string}"},"query-input":{"@type":"PropertyValueSpecification","valueRequired":true,"valueName":"search_term_string"}}],"inLanguage":"fr-FR"}]}},"_links":{"self":[{"href":"https:\/\/ccc-ccc.ca\/fr\/wp-json\/wp\/v2\/pages\/189","targetHints":{"allow":["GET"]}}],"collection":[{"href":"https:\/\/ccc-ccc.ca\/fr\/wp-json\/wp\/v2\/pages"}],"about":[{"href":"https:\/\/ccc-ccc.ca\/fr\/wp-json\/wp\/v2\/types\/page"}],"author":[{"embeddable":true,"href":"https:\/\/ccc-ccc.ca\/fr\/wp-json\/wp\/v2\/users\/1"}],"replies":[{"embeddable":true,"href":"https:\/\/ccc-ccc.ca\/fr\/wp-json\/wp\/v2\/comments?post=189"}],"version-history":[{"count":0,"href":"https:\/\/ccc-ccc.ca\/fr\/wp-json\/wp\/v2\/pages\/189\/revisions"}],"wp:attachment":[{"href":"https:\/\/ccc-ccc.ca\/fr\/wp-json\/wp\/v2\/media?parent=189"}],"curies":[{"name":"wp","href":"https:\/\/api.w.org\/{rel}","templated":true}]}}