{"id":191,"date":"2018-07-08T20:04:01","date_gmt":"2018-07-08T20:04:01","guid":{"rendered":"http:\/\/canadiancentennialchoir.flywheelsites.com\/berrysales\/"},"modified":"2025-11-12T14:15:40","modified_gmt":"2025-11-12T19:15:40","slug":"levee-de-fonds","status":"publish","type":"page","link":"https:\/\/ccc-ccc.ca\/fr\/levee-de-fonds\/","title":{"rendered":"Lev\u00e9e de fonds"},"content":{"rendered":"\n<h1>\n\t\t\tLev\u00e9e de fonds\t<\/h1>\n\t<h1>Lev\u00e9e de fonds<\/h1>\n\t<h4>Le Ch\u0153ur du centenaire canadien compte sur ses collectes de fonds pour aider \u00e0 financer ses activit\u00e9s. La plus grande partie des fonds recueillis viennent de deux activit\u00e9s annuelles :<\/h4>\n\n<h4>Vente de caf\u00e9<\/h4>\n<p>Notre campagne annuelle de financement du caf\u00e9 est maintenant active!<\/p>\n<p>Veuillez cliquer sur <a href=\"https:\/\/ccc-ccc.ca\/fr\/vente-de-cafe\/\">ce lien<\/a> pour plus de d\u00e9tails.<\/p>\n\t<h4>Vente de baies<\/h4>\n<p>&nbsp;<\/p>\nNotre campagne de baies pour l&rsquo;hiver 2025 est termin\u00e9e. Merci \u00e0 tous ceux qui ont command\u00e9 des baies de nous. Nous appr\u00e9cions votre soutien.<br \/>\nNous pr\u00e9voyons d&rsquo;organiser une collecte de fonds par la vente de petits fruits en janvier\/f\u00e9vrier 2026.\n<p>Veuillez consulter la pr\u00e9sente page au d\u00e9but de janvier pour plus de d\u00e9tails.<\/p>\n<p>D&rsquo;ici l\u00e0, pensez \u00e0 faire un don pour soutenir les activit\u00e9s de la chorale.<\/p>\n<article id=\"fl-post-677\">\n<\/article>\n\t\t\t<a href=\"https:\/\/ccc-ccc.ca\/fr\/vente-de-baies\/\" target=\"_self\">\n\t\t\t\t\t\t\tPlus d&rsquo;info\n\t\t\t\t\t<\/a>\n\n","protected":false},"excerpt":{"rendered":"<p>Lev\u00e9e de fonds Lev\u00e9e de fonds Le Ch\u0153ur du centenaire canadien compte sur ses collectes de fonds pour aider \u00e0 financer ses activit\u00e9s. La plus grande partie des fonds recueillis viennent de deux activit\u00e9s annuelles : Vente de caf\u00e9 Notre campagne annuelle de financement du caf\u00e9 est maintenant active! Veuillez cliquer sur ce lien pour&hellip;<\/p>\n","protected":false},"author":2,"featured_media":0,"parent":0,"menu_order":0,"comment_status":"closed","ping_status":"closed","template":"","meta":{"_acf_changed":false,"_monsterinsights_skip_tracking":false,"_monsterinsights_sitenote_active":false,"_monsterinsights_sitenote_note":"","_monsterinsights_sitenote_category":0,"footnotes":""},"class_list":["post-191","page","type-page","status-publish","hentry"],"acf":[],"yoast_head":"<!-- This site is optimized with the Yoast SEO plugin v27.3 - https:\/\/yoast.com\/product\/yoast-seo-wordpress\/ -->\n<title>Lev\u00e9e de fonds - Ch\u0153ur du Centenaire canadien.<\/title>\n<meta name=\"robots\" content=\"index, follow, max-snippet:-1, max-image-preview:large, max-video-preview:-1\" \/>\n<link rel=\"canonical\" href=\"https:\/\/ccc-ccc.ca\/fr\/levee-de-fonds\/\" \/>\n<meta property=\"og:locale\" content=\"fr_FR\" \/>\n<meta property=\"og:type\" content=\"article\" \/>\n<meta property=\"og:title\" content=\"Lev\u00e9e de fonds - Ch\u0153ur du Centenaire canadien.\" \/>\n<meta property=\"og:description\" content=\"Lev\u00e9e de fonds Lev\u00e9e de fonds Le Ch\u0153ur du centenaire canadien compte sur ses collectes de fonds pour aider \u00e0 financer ses activit\u00e9s. La plus grande partie des fonds recueillis viennent de deux activit\u00e9s annuelles : Vente de caf\u00e9 Notre campagne annuelle de financement du caf\u00e9 est maintenant active! Veuillez cliquer sur ce lien pour&hellip;\" \/>\n<meta property=\"og:url\" content=\"https:\/\/ccc-ccc.ca\/fr\/levee-de-fonds\/\" \/>\n<meta property=\"og:site_name\" content=\"Ch\u0153ur du Centenaire canadien.\" \/>\n<meta property=\"article:modified_time\" content=\"2025-11-12T19:15:40+00:00\" \/>\n<meta name=\"twitter:card\" content=\"summary_large_image\" \/>\n<meta name=\"twitter:label1\" content=\"Dur\u00e9e de lecture estim\u00e9e\" \/>\n\t<meta name=\"twitter:data1\" content=\"1 minute\" \/>\n<script type=\"application\/ld+json\" class=\"yoast-schema-graph\">{\"@context\":\"https:\\\/\\\/schema.org\",\"@graph\":[{\"@type\":\"WebPage\",\"@id\":\"https:\\\/\\\/ccc-ccc.ca\\\/fr\\\/levee-de-fonds\\\/\",\"url\":\"https:\\\/\\\/ccc-ccc.ca\\\/fr\\\/levee-de-fonds\\\/\",\"name\":\"Lev\u00e9e de fonds - Ch\u0153ur du Centenaire canadien.\",\"isPartOf\":{\"@id\":\"https:\\\/\\\/ccc-ccc.ca\\\/#website\"},\"datePublished\":\"2018-07-08T20:04:01+00:00\",\"dateModified\":\"2025-11-12T19:15:40+00:00\",\"breadcrumb\":{\"@id\":\"https:\\\/\\\/ccc-ccc.ca\\\/fr\\\/levee-de-fonds\\\/#breadcrumb\"},\"inLanguage\":\"fr-FR\",\"potentialAction\":[{\"@type\":\"ReadAction\",\"target\":[\"https:\\\/\\\/ccc-ccc.ca\\\/fr\\\/levee-de-fonds\\\/\"]}]},{\"@type\":\"BreadcrumbList\",\"@id\":\"https:\\\/\\\/ccc-ccc.ca\\\/fr\\\/levee-de-fonds\\\/#breadcrumb\",\"itemListElement\":[{\"@type\":\"ListItem\",\"position\":1,\"name\":\"Home\",\"item\":\"https:\\\/\\\/ccc-ccc.ca\\\/fr\\\/\"},{\"@type\":\"ListItem\",\"position\":2,\"name\":\"Lev\u00e9e de fonds\"}]},{\"@type\":\"WebSite\",\"@id\":\"https:\\\/\\\/ccc-ccc.ca\\\/#website\",\"url\":\"https:\\\/\\\/ccc-ccc.ca\\\/\",\"name\":\"Ch\u0153ur du Centenaire canadien.\",\"description\":\"Non-profit community choir\",\"potentialAction\":[{\"@type\":\"SearchAction\",\"target\":{\"@type\":\"EntryPoint\",\"urlTemplate\":\"https:\\\/\\\/ccc-ccc.ca\\\/?s={search_term_string}\"},\"query-input\":{\"@type\":\"PropertyValueSpecification\",\"valueRequired\":true,\"valueName\":\"search_term_string\"}}],\"inLanguage\":\"fr-FR\"}]}<\/script>\n<!-- \/ Yoast SEO plugin. -->","yoast_head_json":{"title":"Lev\u00e9e de fonds - Ch\u0153ur du Centenaire canadien.","robots":{"index":"index","follow":"follow","max-snippet":"max-snippet:-1","max-image-preview":"max-image-preview:large","max-video-preview":"max-video-preview:-1"},"canonical":"https:\/\/ccc-ccc.ca\/fr\/levee-de-fonds\/","og_locale":"fr_FR","og_type":"article","og_title":"Lev\u00e9e de fonds - Ch\u0153ur du Centenaire canadien.","og_description":"Lev\u00e9e de fonds Lev\u00e9e de fonds Le Ch\u0153ur du centenaire canadien compte sur ses collectes de fonds pour aider \u00e0 financer ses activit\u00e9s. La plus grande partie des fonds recueillis viennent de deux activit\u00e9s annuelles : Vente de caf\u00e9 Notre campagne annuelle de financement du caf\u00e9 est maintenant active! Veuillez cliquer sur ce lien pour&hellip;","og_url":"https:\/\/ccc-ccc.ca\/fr\/levee-de-fonds\/","og_site_name":"Ch\u0153ur du Centenaire canadien.","article_modified_time":"2025-11-12T19:15:40+00:00","twitter_card":"summary_large_image","twitter_misc":{"Dur\u00e9e de lecture estim\u00e9e":"1 minute"},"schema":{"@context":"https:\/\/schema.org","@graph":[{"@type":"WebPage","@id":"https:\/\/ccc-ccc.ca\/fr\/levee-de-fonds\/","url":"https:\/\/ccc-ccc.ca\/fr\/levee-de-fonds\/","name":"Lev\u00e9e de fonds - Ch\u0153ur du Centenaire canadien.","isPartOf":{"@id":"https:\/\/ccc-ccc.ca\/#website"},"datePublished":"2018-07-08T20:04:01+00:00","dateModified":"2025-11-12T19:15:40+00:00","breadcrumb":{"@id":"https:\/\/ccc-ccc.ca\/fr\/levee-de-fonds\/#breadcrumb"},"inLanguage":"fr-FR","potentialAction":[{"@type":"ReadAction","target":["https:\/\/ccc-ccc.ca\/fr\/levee-de-fonds\/"]}]},{"@type":"BreadcrumbList","@id":"https:\/\/ccc-ccc.ca\/fr\/levee-de-fonds\/#breadcrumb","itemListElement":[{"@type":"ListItem","position":1,"name":"Home","item":"https:\/\/ccc-ccc.ca\/fr\/"},{"@type":"ListItem","position":2,"name":"Lev\u00e9e de fonds"}]},{"@type":"WebSite","@id":"https:\/\/ccc-ccc.ca\/#website","url":"https:\/\/ccc-ccc.ca\/","name":"Ch\u0153ur du Centenaire canadien.","description":"Non-profit community choir","potentialAction":[{"@type":"SearchAction","target":{"@type":"EntryPoint","urlTemplate":"https:\/\/ccc-ccc.ca\/?s={search_term_string}"},"query-input":{"@type":"PropertyValueSpecification","valueRequired":true,"valueName":"search_term_string"}}],"inLanguage":"fr-FR"}]}},"_links":{"self":[{"href":"https:\/\/ccc-ccc.ca\/fr\/wp-json\/wp\/v2\/pages\/191","targetHints":{"allow":["GET"]}}],"collection":[{"href":"https:\/\/ccc-ccc.ca\/fr\/wp-json\/wp\/v2\/pages"}],"about":[{"href":"https:\/\/ccc-ccc.ca\/fr\/wp-json\/wp\/v2\/types\/page"}],"author":[{"embeddable":true,"href":"https:\/\/ccc-ccc.ca\/fr\/wp-json\/wp\/v2\/users\/2"}],"replies":[{"embeddable":true,"href":"https:\/\/ccc-ccc.ca\/fr\/wp-json\/wp\/v2\/comments?post=191"}],"version-history":[{"count":0,"href":"https:\/\/ccc-ccc.ca\/fr\/wp-json\/wp\/v2\/pages\/191\/revisions"}],"wp:attachment":[{"href":"https:\/\/ccc-ccc.ca\/fr\/wp-json\/wp\/v2\/media?parent=191"}],"curies":[{"name":"wp","href":"https:\/\/api.w.org\/{rel}","templated":true}]}}