{"id":210,"date":"2018-07-16T19:55:11","date_gmt":"2018-07-16T23:55:11","guid":{"rendered":"http:\/\/canadiancentennialchoir.flywheelsites.com\/?page_id=210"},"modified":"2026-03-09T13:22:47","modified_gmt":"2026-03-09T17:22:47","slug":"billets-concerts","status":"publish","type":"page","link":"https:\/\/ccc-ccc.ca\/fr\/billets-concerts\/","title":{"rendered":"Billets"},"content":{"rendered":"\n\n\t<h5><a href=\"#decembre\">Voil\u00e0 pourquoi nous chantons, partie IV : Hiver<\/a>\u00a0 | <a href=\"#march\" rel=\"noopener\">Chants de l&rsquo;esprit \u00a0<\/a>|\u00a0 <a href=\"#mai\">Vive la vie!<\/a>\u00a0 |\u00a0 <a href=\"#tickets\">Achat de billets<\/a><\/h5>\n<h1>\n\t\t\tConcerts 2025-2026\t<\/h1>\n<h6>\n\t\t\t<strong>D\u00e9cembre 2025<\/strong>\t<\/h6>\n<h3>\n\t\t\tVoil\u00e0 pourquoi nous chantons, partie IV : Hiver\t<\/h3>\n\t<p><img loading=\"lazy\" decoding=\"async\" src=\"https:\/\/ccc-ccc.ca\/wp-content\/uploads\/2025\/08\/Poster-imagetitle_2025-12-16_TIWWS-Winter_250809-300x277.jpg\" alt=\"\" width=\"300\" height=\"277\" \/><\/p>\n<p>Notre s\u00e9rie de concerts de musique choisie par les membres du Ch\u0153ur se poursuit avec une soir\u00e9e de pi\u00e8ces sur des th\u00e8mes saisonniers : le froid et la glace, le solstice d&rsquo;hiver et une bonne dose de No\u00ebl.<\/p>\n<p><a href=\"https:\/\/fr.brownpapertickets.com\/event\/6669724\" target=\"_blank\" rel=\"noopener\"><strong>Commandez des billets pour ce concert<\/strong><\/a> \u00a0Adulte :\u00a0 30 $; A\u00een\u00e9(e) (65+)\/\u00e9tudiant(e) : 25 $<\/p>\n<h6>\n\t\t\t<strong>Mars 2026<\/strong>\t<\/h6>\n<h3>\n\t\t\tChants de l&rsquo;esprit\t<\/h3>\n\t<p><img loading=\"lazy\" decoding=\"async\" src=\"https:\/\/ccc-ccc.ca\/wp-content\/uploads\/2025\/08\/Poster-imagetitle_2026-03-08_SongsoftheSpirit_250809-300x277.jpg\" alt=\"\" width=\"300\" height=\"277\" \/><\/p>\n<p>Un concert d&rsquo;apr\u00e8s-midi compos\u00e9 d&rsquo;\u0153uvres inspirantes, allant des chants contemplatifs de Hildegard von Bingen (XIe si\u00e8cle) \u00e0 des arrangements entra\u00eenants de spirituals de Moses Hogan et Stacey V. Gibbs, en passant par la musique de Maurice Durufl\u00e9, \u0112riks E\u0161envalds et Christopher Tin.<\/p>\n<p><a href=\"https:\/\/www.zeffy.com\/en-CA\/ticketing\/songs-of-the-spirit\" target=\"_blank\" rel=\"noopener\"><strong>Commandez des billets pour ce concert<\/strong><\/a> \u00a0Adulte :\u00a0 30 $; A\u00een\u00e9(e) (65+)\/\u00e9tudiant(e) : 25 $<\/p>\n<h6>\n\t\t\t<strong>Mai 2026<\/strong>\t<\/h6>\n<h3>\n\t\t\tVive la vie!\t<\/h3>\n\t<p><img loading=\"lazy\" decoding=\"async\" src=\"https:\/\/ccc-ccc.ca\/wp-content\/uploads\/2025\/08\/Poster-imagetitle_2026-05-19_ToLife_250809-300x277.jpg\" alt=\"\" width=\"300\" height=\"277\" \/><\/p>\n<p>Un concert sp\u00e9cial proposant la premi\u00e8re d&rsquo;une \u0153uvre command\u00e9e \u00e0 la compositrice canadienne Christine Donkin, inspir\u00e9e de la po\u00e9sie de Wendy Jean MacLean, ainsi que le <em>Requiem for the Living<\/em> de Dan Forrest. Avec des solistes invit\u00e9s et un orchestre complet.<\/p>\n<p><strong><a href=\"https:\/\/www.zeffy.com\/en-CA\/ticketing\/to-life-vive-la-vie\" target=\"_blank\" rel=\"noopener\">Commandez des billets pour ce concert<\/a><\/strong><\/p>\n<p>Entr\u00e9e g\u00e9n\u00e9rale : Adulte : 45 $; A\u00een\u00e9(e) (65+)\/\u00e9tudiant(e) : 35 $<\/p>\n<p>Places r\u00e9serv\u00e9es : Adulte : 55 $; A\u00een\u00e9(e) (65+)\/\u00e9tudiant(e) : 55 $<\/p>\n<figure itemscope itemtype=\"https:\/\/schema.org\/ImageObject\">\n\t\t\t\t<img decoding=\"async\" src=\"https:\/\/ccc-ccc.ca\/wp-content\/plugins\/bb-plugin\/img\/pixel.png\" alt=\"\" onerror=\"this.style.display='none'\" loading=\"lazy\" \/>\n\t<\/figure>\n\t<h3>Brochure\u00a0num\u00e9rique de notre saison<\/h3>\n<h3><a href=\"https:\/\/ccc-ccc.ca\/wp-content\/uploads\/2026\/01\/CCC_2025-26_Digital-brochure_EN-FR_V10-FINAL3_260127.pdf\" target=\"_blank\" rel=\"noopener\">Saison musicale 2025-2026<\/a><\/h3>\n<h3>Achetez un abonnement saisonnier et \u00e9conomisez<\/h3>\n<p>Les abonnements sont en vente :<\/p>\n<ul>\n<li>En ligne par l&rsquo;entremise de <a href=\"https:\/\/fr.brownpapertickets.com\/event\/6669747\">Brown Paper Tickets &#8211; Abonnement<\/a><\/li>\n<li>Par courrier postal (<a href=\"https:\/\/ccc-ccc.ca\/wp-content\/uploads\/2025\/07\/CCC_2025-26_Subscription-form-for-mail-ins_FR_V4-FINAL_250724.pdf\" target=\"_blank\" rel=\"noopener\">bon de commande<\/a>)<br \/>\nRemarque : les commandes d&rsquo;abonnement par correspondance doivent \u00eatre re\u00e7ues au plus tard le 8 d\u00e9cembre 2025.<\/li>\n<li>Aupr\u00e8s des membres de la chorale<\/li>\n<\/ul>\n<p>Les billets d&rsquo;abonnement (pour les trois concerts) doivent \u00eatre r\u00e9cup\u00e9r\u00e9s au comptoir des abonnements lors du premier concert (le 16 d\u00e9cembre 2025). Les billets d&rsquo;abonnement non r\u00e9cup\u00e9r\u00e9s \u00e0 cette date seront envoy\u00e9s par la poste apr\u00e8s le concert.<\/p>\n\t<h2><em>Prix des abonnements<\/em><\/h2>\n<p>&nbsp;<\/p>\n<table>\n<tbody>\n<tr>\n\n<td>Entr\u00e9e g\u00e9n\u00e9rale<\/td>\n<td>Places r\u00e9serv\u00e9es **<\/td>\n<\/tr>\n<tr>\n<td>Adulte<\/td>\n<td>80 $<\/td>\n<td>90 $<\/td>\n<\/tr>\n<tr>\n<td>A\u00een\u00e9(e) (65+)\/ \u00e9tudiant(e)<\/td>\n<td>70 $<\/td>\n<td>80 $<\/td>\n<\/tr>\n<\/tbody>\n<\/table>\n<p>&nbsp;<\/p>\n<p>** Les places r\u00e9serv\u00e9es sont disponibles uniquement pour le concert du 29 mai.<\/p>\n<p>Entr\u00e9e gratuite pour les enfants de moins de 12\u00a0ans accompagn\u00e9s d&rsquo;un adulte.<\/p>\n\t<h2><i>Achetez des billets pour les concerts individuels<\/i><\/h2>\n<ul>\n<li>En ligne par l&rsquo;entremise de Brown Paper Tickets (Cliquez sur le bouton ci-dessous pour le concert s\u00e9lectionn\u00e9)<br \/>\n<a href=\"https:\/\/www.brownpapertickets.com\/event\/6669724\" target=\"_blank\" rel=\"noopener\">Voil\u00e0 pourquoi nous chantons, partie IV : Hiver<\/a><a href=\"https:\/\/www.brownpapertickets.com\/event\/6669736\" rel=\"noopener\">Chants de l&rsquo;esprit<\/a>\n<a href=\"https:\/\/www.brownpapertickets.com\/event\/6669742\" target=\"_blank\" rel=\"noopener\">Vive la vie!<\/a><\/li>\n<\/ul>\n<ul>\n<li>Par la poste (<a href=\"https:\/\/ccc-ccc.ca\/wp-content\/uploads\/2026\/03\/2025-2026-Individual-Concert-Order-Form-French.pdf\" target=\"_blank\" rel=\"noopener\">bon de commande<\/a>)<br \/>\n<em><\/em><em>Nota\u00a0:\u00a0<\/em>Les commandes de billets par la poste doivent \u00eatre re\u00e7ues au plus tard 7 jours avant le concert.<\/li>\n<li>Aupr\u00e8s des membres de la chorale<\/li>\n<li>\u00c0 la porte le soir m\u00eame de chaque concert (selon la disponibilit\u00e9; argent comptant seulement)<\/li>\n<\/ul>\n\t<h2><em>Prix des billets \u00e0 l&rsquo;unit\u00e9<\/em><\/h2>\n<p>&nbsp;<\/p>\n<table>\n<tbody>\n<tr>\n<td width=\"140\"><\/td>\n<td rowspan=\"2\" width=\"106\">Concerts de d\u00e9cembre et mars<\/td>\n<td colspan=\"2\">Concert<br \/>\nde mai<\/td>\n<\/tr>\n<tr>\n\n<td>Entr\u00e9e g\u00e9n\u00e9rale<\/td>\n<td>Places r\u00e9serv\u00e9es<\/td>\n<\/tr>\n<tr>\n<td>Adulte<\/td>\n<td>30 $<\/td>\n<td>45 $<\/td>\n<td>55 $<\/td>\n<\/tr>\n<tr>\n<td>A\u00een\u00e9(e) (65+)\/<br \/>\n\u00e9tudiant(e)<\/td>\n<td>25 $<\/td>\n<td>35 $<\/td>\n<td>55 $<\/td>\n<\/tr>\n<\/tbody>\n<\/table>\n<p>&nbsp;<\/p>\n<p>** Les places r\u00e9serv\u00e9es sont disponibles uniquement pour le concert du 29 mai.<\/p>\n<p>Entr\u00e9e gratuite pour les enfants de moins de 12\u00a0ans accompagn\u00e9s d&rsquo;un adulte.<\/p>\n\n","protected":false},"excerpt":{"rendered":"<p>Voil\u00e0 pourquoi nous chantons, partie IV : Hiver\u00a0 | Chants de l&rsquo;esprit \u00a0|\u00a0 Vive la vie!\u00a0 |\u00a0 Achat de billets Concerts 2025-2026 D\u00e9cembre 2025 Voil\u00e0 pourquoi nous chantons, partie IV : Hiver Notre s\u00e9rie de concerts de musique choisie par les membres du Ch\u0153ur se poursuit avec une soir\u00e9e de pi\u00e8ces sur des th\u00e8mes saisonniers&hellip;<\/p>\n","protected":false},"author":1,"featured_media":0,"parent":0,"menu_order":0,"comment_status":"closed","ping_status":"closed","template":"","meta":{"_acf_changed":false,"_monsterinsights_skip_tracking":false,"_monsterinsights_sitenote_active":false,"_monsterinsights_sitenote_note":"","_monsterinsights_sitenote_category":0,"footnotes":""},"class_list":["post-210","page","type-page","status-publish","hentry"],"acf":[],"yoast_head":"<!-- This site is optimized with the Yoast SEO plugin v27.3 - https:\/\/yoast.com\/product\/yoast-seo-wordpress\/ -->\n<title>Billets - Ch\u0153ur du Centenaire canadien.<\/title>\n<meta name=\"robots\" content=\"index, follow, max-snippet:-1, max-image-preview:large, max-video-preview:-1\" \/>\n<link rel=\"canonical\" href=\"https:\/\/ccc-ccc.ca\/fr\/billets-concerts\/\" \/>\n<meta property=\"og:locale\" content=\"fr_FR\" \/>\n<meta property=\"og:type\" content=\"article\" \/>\n<meta property=\"og:title\" content=\"Billets - Ch\u0153ur du Centenaire canadien.\" \/>\n<meta property=\"og:description\" content=\"Voil\u00e0 pourquoi nous chantons, partie IV : Hiver\u00a0 | Chants de l&rsquo;esprit \u00a0|\u00a0 Vive la vie!\u00a0 |\u00a0 Achat de billets Concerts 2025-2026 D\u00e9cembre 2025 Voil\u00e0 pourquoi nous chantons, partie IV : Hiver Notre s\u00e9rie de concerts de musique choisie par les membres du Ch\u0153ur se poursuit avec une soir\u00e9e de pi\u00e8ces sur des th\u00e8mes saisonniers&hellip;\" \/>\n<meta property=\"og:url\" content=\"https:\/\/ccc-ccc.ca\/fr\/billets-concerts\/\" \/>\n<meta property=\"og:site_name\" content=\"Ch\u0153ur du Centenaire canadien.\" \/>\n<meta property=\"article:modified_time\" content=\"2026-03-09T17:22:47+00:00\" \/>\n<meta property=\"og:image\" content=\"https:\/\/ccc-ccc.ca\/wp-content\/uploads\/2025\/08\/Poster-imagetitle_2025-12-16_TIWWS-Winter_250809-300x277.jpg\" \/>\n<meta name=\"twitter:card\" content=\"summary_large_image\" \/>\n<meta name=\"twitter:label1\" content=\"Dur\u00e9e de lecture estim\u00e9e\" \/>\n\t<meta name=\"twitter:data1\" content=\"3 minutes\" \/>\n<script type=\"application\/ld+json\" class=\"yoast-schema-graph\">{\"@context\":\"https:\\\/\\\/schema.org\",\"@graph\":[{\"@type\":\"WebPage\",\"@id\":\"https:\\\/\\\/ccc-ccc.ca\\\/fr\\\/billets-concerts\\\/\",\"url\":\"https:\\\/\\\/ccc-ccc.ca\\\/fr\\\/billets-concerts\\\/\",\"name\":\"Billets - Ch\u0153ur du Centenaire canadien.\",\"isPartOf\":{\"@id\":\"https:\\\/\\\/ccc-ccc.ca\\\/#website\"},\"primaryImageOfPage\":{\"@id\":\"https:\\\/\\\/ccc-ccc.ca\\\/fr\\\/billets-concerts\\\/#primaryimage\"},\"image\":{\"@id\":\"https:\\\/\\\/ccc-ccc.ca\\\/fr\\\/billets-concerts\\\/#primaryimage\"},\"thumbnailUrl\":\"https:\\\/\\\/ccc-ccc.ca\\\/wp-content\\\/uploads\\\/2025\\\/08\\\/Poster-imagetitle_2025-12-16_TIWWS-Winter_250809-300x277.jpg\",\"datePublished\":\"2018-07-16T23:55:11+00:00\",\"dateModified\":\"2026-03-09T17:22:47+00:00\",\"breadcrumb\":{\"@id\":\"https:\\\/\\\/ccc-ccc.ca\\\/fr\\\/billets-concerts\\\/#breadcrumb\"},\"inLanguage\":\"fr-FR\",\"potentialAction\":[{\"@type\":\"ReadAction\",\"target\":[\"https:\\\/\\\/ccc-ccc.ca\\\/fr\\\/billets-concerts\\\/\"]}]},{\"@type\":\"ImageObject\",\"inLanguage\":\"fr-FR\",\"@id\":\"https:\\\/\\\/ccc-ccc.ca\\\/fr\\\/billets-concerts\\\/#primaryimage\",\"url\":\"https:\\\/\\\/ccc-ccc.ca\\\/wp-content\\\/uploads\\\/2025\\\/08\\\/Poster-imagetitle_2025-12-16_TIWWS-Winter_250809-300x277.jpg\",\"contentUrl\":\"https:\\\/\\\/ccc-ccc.ca\\\/wp-content\\\/uploads\\\/2025\\\/08\\\/Poster-imagetitle_2025-12-16_TIWWS-Winter_250809-300x277.jpg\"},{\"@type\":\"BreadcrumbList\",\"@id\":\"https:\\\/\\\/ccc-ccc.ca\\\/fr\\\/billets-concerts\\\/#breadcrumb\",\"itemListElement\":[{\"@type\":\"ListItem\",\"position\":1,\"name\":\"Home\",\"item\":\"https:\\\/\\\/ccc-ccc.ca\\\/fr\\\/\"},{\"@type\":\"ListItem\",\"position\":2,\"name\":\"Billets\"}]},{\"@type\":\"WebSite\",\"@id\":\"https:\\\/\\\/ccc-ccc.ca\\\/#website\",\"url\":\"https:\\\/\\\/ccc-ccc.ca\\\/\",\"name\":\"Ch\u0153ur du Centenaire canadien.\",\"description\":\"Non-profit community choir\",\"potentialAction\":[{\"@type\":\"SearchAction\",\"target\":{\"@type\":\"EntryPoint\",\"urlTemplate\":\"https:\\\/\\\/ccc-ccc.ca\\\/?s={search_term_string}\"},\"query-input\":{\"@type\":\"PropertyValueSpecification\",\"valueRequired\":true,\"valueName\":\"search_term_string\"}}],\"inLanguage\":\"fr-FR\"}]}<\/script>\n<!-- \/ Yoast SEO plugin. -->","yoast_head_json":{"title":"Billets - Ch\u0153ur du Centenaire canadien.","robots":{"index":"index","follow":"follow","max-snippet":"max-snippet:-1","max-image-preview":"max-image-preview:large","max-video-preview":"max-video-preview:-1"},"canonical":"https:\/\/ccc-ccc.ca\/fr\/billets-concerts\/","og_locale":"fr_FR","og_type":"article","og_title":"Billets - Ch\u0153ur du Centenaire canadien.","og_description":"Voil\u00e0 pourquoi nous chantons, partie IV : Hiver\u00a0 | Chants de l&rsquo;esprit \u00a0|\u00a0 Vive la vie!\u00a0 |\u00a0 Achat de billets Concerts 2025-2026 D\u00e9cembre 2025 Voil\u00e0 pourquoi nous chantons, partie IV : Hiver Notre s\u00e9rie de concerts de musique choisie par les membres du Ch\u0153ur se poursuit avec une soir\u00e9e de pi\u00e8ces sur des th\u00e8mes saisonniers&hellip;","og_url":"https:\/\/ccc-ccc.ca\/fr\/billets-concerts\/","og_site_name":"Ch\u0153ur du Centenaire canadien.","article_modified_time":"2026-03-09T17:22:47+00:00","og_image":[{"url":"https:\/\/ccc-ccc.ca\/wp-content\/uploads\/2025\/08\/Poster-imagetitle_2025-12-16_TIWWS-Winter_250809-300x277.jpg","type":"","width":"","height":""}],"twitter_card":"summary_large_image","twitter_misc":{"Dur\u00e9e de lecture estim\u00e9e":"3 minutes"},"schema":{"@context":"https:\/\/schema.org","@graph":[{"@type":"WebPage","@id":"https:\/\/ccc-ccc.ca\/fr\/billets-concerts\/","url":"https:\/\/ccc-ccc.ca\/fr\/billets-concerts\/","name":"Billets - Ch\u0153ur du Centenaire canadien.","isPartOf":{"@id":"https:\/\/ccc-ccc.ca\/#website"},"primaryImageOfPage":{"@id":"https:\/\/ccc-ccc.ca\/fr\/billets-concerts\/#primaryimage"},"image":{"@id":"https:\/\/ccc-ccc.ca\/fr\/billets-concerts\/#primaryimage"},"thumbnailUrl":"https:\/\/ccc-ccc.ca\/wp-content\/uploads\/2025\/08\/Poster-imagetitle_2025-12-16_TIWWS-Winter_250809-300x277.jpg","datePublished":"2018-07-16T23:55:11+00:00","dateModified":"2026-03-09T17:22:47+00:00","breadcrumb":{"@id":"https:\/\/ccc-ccc.ca\/fr\/billets-concerts\/#breadcrumb"},"inLanguage":"fr-FR","potentialAction":[{"@type":"ReadAction","target":["https:\/\/ccc-ccc.ca\/fr\/billets-concerts\/"]}]},{"@type":"ImageObject","inLanguage":"fr-FR","@id":"https:\/\/ccc-ccc.ca\/fr\/billets-concerts\/#primaryimage","url":"https:\/\/ccc-ccc.ca\/wp-content\/uploads\/2025\/08\/Poster-imagetitle_2025-12-16_TIWWS-Winter_250809-300x277.jpg","contentUrl":"https:\/\/ccc-ccc.ca\/wp-content\/uploads\/2025\/08\/Poster-imagetitle_2025-12-16_TIWWS-Winter_250809-300x277.jpg"},{"@type":"BreadcrumbList","@id":"https:\/\/ccc-ccc.ca\/fr\/billets-concerts\/#breadcrumb","itemListElement":[{"@type":"ListItem","position":1,"name":"Home","item":"https:\/\/ccc-ccc.ca\/fr\/"},{"@type":"ListItem","position":2,"name":"Billets"}]},{"@type":"WebSite","@id":"https:\/\/ccc-ccc.ca\/#website","url":"https:\/\/ccc-ccc.ca\/","name":"Ch\u0153ur du Centenaire canadien.","description":"Non-profit community choir","potentialAction":[{"@type":"SearchAction","target":{"@type":"EntryPoint","urlTemplate":"https:\/\/ccc-ccc.ca\/?s={search_term_string}"},"query-input":{"@type":"PropertyValueSpecification","valueRequired":true,"valueName":"search_term_string"}}],"inLanguage":"fr-FR"}]}},"_links":{"self":[{"href":"https:\/\/ccc-ccc.ca\/fr\/wp-json\/wp\/v2\/pages\/210","targetHints":{"allow":["GET"]}}],"collection":[{"href":"https:\/\/ccc-ccc.ca\/fr\/wp-json\/wp\/v2\/pages"}],"about":[{"href":"https:\/\/ccc-ccc.ca\/fr\/wp-json\/wp\/v2\/types\/page"}],"author":[{"embeddable":true,"href":"https:\/\/ccc-ccc.ca\/fr\/wp-json\/wp\/v2\/users\/1"}],"replies":[{"embeddable":true,"href":"https:\/\/ccc-ccc.ca\/fr\/wp-json\/wp\/v2\/comments?post=210"}],"version-history":[{"count":0,"href":"https:\/\/ccc-ccc.ca\/fr\/wp-json\/wp\/v2\/pages\/210\/revisions"}],"wp:attachment":[{"href":"https:\/\/ccc-ccc.ca\/fr\/wp-json\/wp\/v2\/media?parent=210"}],"curies":[{"name":"wp","href":"https:\/\/api.w.org\/{rel}","templated":true}]}}