{"id":30,"date":"2018-06-26T13:35:04","date_gmt":"2018-06-26T13:35:04","guid":{"rendered":"http:\/\/canadiancentennialchoir.flywheelsites.com\/?page_id=30"},"modified":"2023-10-15T11:09:41","modified_gmt":"2023-10-15T15:09:41","slug":"a-notre-sujet","status":"publish","type":"page","link":"https:\/\/ccc-ccc.ca\/fr\/a-notre-sujet\/","title":{"rendered":"\u00c0 notre sujet"},"content":{"rendered":"\n<h1>\n\t\t\u00c0 notre sujet\n\t<\/h1>\n\t<p>Le Ch\u0153ur du Centenaire canadien (CCC) est une chorale communautaire amatrice qui compte environ 70 voix. Il fut fond\u00e9 en 1967 afin de c\u00e9l\u00e9brer le centenaire de la Conf\u00e9d\u00e9ration canadienne. Gr\u00e2ce aux efforts soutenus de ses membres fondateurs, le Ch\u0153ur a \u00e9t\u00e9 cr\u00e9\u00e9 en 1968 dans sa forme actuelle d&rsquo;organisme de bienfaisance sans but lucratif en vertu de la Loi canadienne sur les soci\u00e9t\u00e9s commerciales. Depuis 2013, le Ch\u0153ur fonctionne sous le r\u00e9gime de la Loi canadienne sur les organisations \u00e0 but non lucratif.<\/p>\n<p>Le CCC est r\u00e9gi par des statuts et sous la gouverne d&rsquo;un conseil d&rsquo;administration (CA) dont les membres sont \u00e9lus. L&rsquo;assembl\u00e9e g\u00e9n\u00e9rale annuelle a lieu \u00e0 la fin de la saison musicale. Les membres du CA y sont alors \u00e9lus.<\/p>\n<p>Le Ch\u0153ur pr\u00e9sente de la musique profane et sacr\u00e9e tout en mettant un accent particulier sur des \u0153uvres command\u00e9es ou nouvelles, compos\u00e9es ou adapt\u00e9es par des artistes canadiens.<\/p>\n<p>Le revenu d&rsquo;exploitation du Ch\u0153ur provient principalement des frais d&rsquo;adh\u00e9sion, des cueillettes de fonds, de commandites et de la vente d&rsquo;abonnements et de billets.<\/p>\n<p>Cliquez sur les titres ci-dessous pour entendre le CCC chanter.<\/p>\n\t\t<div class=\"wp-playlist wp-audio-playlist wp-playlist-light\">\n\t\t\t<div class=\"wp-playlist-current-item\"><\/div>\n\t\t<audio controls=\"controls\" preload=\"none\" width=\"640\"\n\t\t\t><\/audio>\n\t<div class=\"wp-playlist-next\"><\/div>\n\t<div class=\"wp-playlist-prev\"><\/div>\n\t<noscript>\n\t<ol>\n\t\t<li><a href='https:\/\/ccc-ccc.ca\/wp-content\/uploads\/2018\/08\/Audio-Clip-In-Song-How-Can-I-Keep-from-Singing.mp3'>\"In Song - How Can I Keep from Singing\" (Laura Hawley)<\/a><\/li><li><a href='https:\/\/ccc-ccc.ca\/wp-content\/uploads\/2018\/08\/Audio-Clip-This-Little-Babe.mp3'>\"This Little Babe\" (Benjamin Britten)<\/a><\/li><li><a href='https:\/\/ccc-ccc.ca\/wp-content\/uploads\/2018\/08\/Audio-Clip-Ave-Maria.mp3'>\"Ave Maria\" (Elise Letourneau)<\/a><\/li>\t<\/ol>\n\t<\/noscript>\n\t<script type=\"application\/json\" class=\"wp-playlist-script\">{\"type\":\"audio\",\"tracklist\":true,\"tracknumbers\":true,\"images\":true,\"artists\":true,\"tracks\":[{\"src\":\"https:\/\/ccc-ccc.ca\/wp-content\/uploads\/2018\/08\/Audio-Clip-In-Song-How-Can-I-Keep-from-Singing.mp3\",\"type\":\"audio\/mpeg\",\"title\":\"\\\"In Song - How Can I Keep from Singing\\\" (Laura Hawley)\",\"caption\":\"\",\"description\":\"\\\"Audio Clip - In Song - How Can I Keep from Singing\\\". Genre: Other.\",\"meta\":{\"genre\":\"Other\",\"length_formatted\":\"3:32\"},\"image\":{\"src\":\"https:\/\/ccc-ccc.ca\/wp-includes\/images\/media\/audio.svg\",\"width\":48,\"height\":64},\"thumb\":{\"src\":\"https:\/\/ccc-ccc.ca\/wp-includes\/images\/media\/audio.svg\",\"width\":48,\"height\":64}},{\"src\":\"https:\/\/ccc-ccc.ca\/wp-content\/uploads\/2018\/08\/Audio-Clip-This-Little-Babe.mp3\",\"type\":\"audio\/mpeg\",\"title\":\"\\\"This Little Babe\\\" (Benjamin Britten)\",\"caption\":\"\",\"description\":\"\\\"\\u0090\\\". Genre: Other.\",\"meta\":{\"genre\":\"Other\",\"length_formatted\":\"1:30\"},\"image\":{\"src\":\"https:\/\/ccc-ccc.ca\/wp-includes\/images\/media\/audio.svg\",\"width\":48,\"height\":64},\"thumb\":{\"src\":\"https:\/\/ccc-ccc.ca\/wp-includes\/images\/media\/audio.svg\",\"width\":48,\"height\":64}},{\"src\":\"https:\/\/ccc-ccc.ca\/wp-content\/uploads\/2018\/08\/Audio-Clip-Ave-Maria.mp3\",\"type\":\"audio\/mpeg\",\"title\":\"\\\"Ave Maria\\\" (Elise Letourneau)\",\"caption\":\"\",\"description\":\"\\\"Audio Clip - Ave Maria\\\". Genre: Other.\",\"meta\":{\"genre\":\"Other\",\"length_formatted\":\"3:52\"},\"image\":{\"src\":\"https:\/\/ccc-ccc.ca\/wp-includes\/images\/media\/audio.svg\",\"width\":48,\"height\":64},\"thumb\":{\"src\":\"https:\/\/ccc-ccc.ca\/wp-includes\/images\/media\/audio.svg\",\"width\":48,\"height\":64}}]}<\/script>\n<\/div>\n\t\t\n\t\t\t\t<img loading=\"lazy\" decoding=\"async\" src=\"https:\/\/ccc-ccc.ca\/wp-content\/uploads\/2018\/07\/Keepsake-CCC.png\" alt=\"Keepsake CCC\" itemprop=\"image\" height=\"427\" width=\"640\" title=\"Keepsake CCC\" onerror=\"this.style.display='none'\"  \/>\n\n","protected":false},"excerpt":{"rendered":"<p>\u00c0 notre sujet Le Ch\u0153ur du Centenaire canadien (CCC) est une chorale communautaire amatrice qui compte environ 70 voix. Il fut fond\u00e9 en 1967 afin de c\u00e9l\u00e9brer le centenaire de la Conf\u00e9d\u00e9ration canadienne. Gr\u00e2ce aux efforts soutenus de ses membres fondateurs, le Ch\u0153ur a \u00e9t\u00e9 cr\u00e9\u00e9 en 1968 dans sa forme actuelle d&rsquo;organisme de bienfaisance&hellip;<\/p>\n","protected":false},"author":1,"featured_media":0,"parent":0,"menu_order":0,"comment_status":"closed","ping_status":"closed","template":"","meta":{"_acf_changed":false,"_monsterinsights_skip_tracking":false,"_monsterinsights_sitenote_active":false,"_monsterinsights_sitenote_note":"","_monsterinsights_sitenote_category":0,"footnotes":""},"class_list":["post-30","page","type-page","status-publish","hentry"],"acf":[],"yoast_head":"<!-- This site is optimized with the Yoast SEO plugin v27.3 - https:\/\/yoast.com\/product\/yoast-seo-wordpress\/ -->\n<title>\u00c0 notre sujet - Ch\u0153ur du Centenaire canadien.<\/title>\n<meta name=\"robots\" content=\"index, follow, max-snippet:-1, max-image-preview:large, max-video-preview:-1\" \/>\n<link rel=\"canonical\" href=\"https:\/\/ccc-ccc.ca\/fr\/a-notre-sujet\/\" \/>\n<meta property=\"og:locale\" content=\"fr_FR\" \/>\n<meta property=\"og:type\" content=\"article\" \/>\n<meta property=\"og:title\" content=\"\u00c0 notre sujet - Ch\u0153ur du Centenaire canadien.\" \/>\n<meta property=\"og:description\" content=\"\u00c0 notre sujet Le Ch\u0153ur du Centenaire canadien (CCC) est une chorale communautaire amatrice qui compte environ 70 voix. Il fut fond\u00e9 en 1967 afin de c\u00e9l\u00e9brer le centenaire de la Conf\u00e9d\u00e9ration canadienne. Gr\u00e2ce aux efforts soutenus de ses membres fondateurs, le Ch\u0153ur a \u00e9t\u00e9 cr\u00e9\u00e9 en 1968 dans sa forme actuelle d&rsquo;organisme de bienfaisance&hellip;\" \/>\n<meta property=\"og:url\" content=\"https:\/\/ccc-ccc.ca\/fr\/a-notre-sujet\/\" \/>\n<meta property=\"og:site_name\" content=\"Ch\u0153ur du Centenaire canadien.\" \/>\n<meta property=\"article:modified_time\" content=\"2023-10-15T15:09:41+00:00\" \/>\n<meta property=\"og:image\" content=\"https:\/\/ccc-ccc.ca\/wp-content\/uploads\/2018\/07\/Keepsake-CCC.png\" \/>\n<meta name=\"twitter:card\" content=\"summary_large_image\" \/>\n<meta name=\"twitter:label1\" content=\"Dur\u00e9e de lecture estim\u00e9e\" \/>\n\t<meta name=\"twitter:data1\" content=\"1 minute\" \/>\n<script type=\"application\/ld+json\" class=\"yoast-schema-graph\">{\"@context\":\"https:\\\/\\\/schema.org\",\"@graph\":[{\"@type\":\"WebPage\",\"@id\":\"https:\\\/\\\/ccc-ccc.ca\\\/fr\\\/a-notre-sujet\\\/\",\"url\":\"https:\\\/\\\/ccc-ccc.ca\\\/fr\\\/a-notre-sujet\\\/\",\"name\":\"\u00c0 notre sujet - Ch\u0153ur du Centenaire canadien.\",\"isPartOf\":{\"@id\":\"https:\\\/\\\/ccc-ccc.ca\\\/#website\"},\"primaryImageOfPage\":{\"@id\":\"https:\\\/\\\/ccc-ccc.ca\\\/fr\\\/a-notre-sujet\\\/#primaryimage\"},\"image\":{\"@id\":\"https:\\\/\\\/ccc-ccc.ca\\\/fr\\\/a-notre-sujet\\\/#primaryimage\"},\"thumbnailUrl\":\"https:\\\/\\\/ccc-ccc.ca\\\/wp-content\\\/uploads\\\/2018\\\/07\\\/Keepsake-CCC.png\",\"datePublished\":\"2018-06-26T13:35:04+00:00\",\"dateModified\":\"2023-10-15T15:09:41+00:00\",\"breadcrumb\":{\"@id\":\"https:\\\/\\\/ccc-ccc.ca\\\/fr\\\/a-notre-sujet\\\/#breadcrumb\"},\"inLanguage\":\"fr-FR\",\"potentialAction\":[{\"@type\":\"ReadAction\",\"target\":[\"https:\\\/\\\/ccc-ccc.ca\\\/fr\\\/a-notre-sujet\\\/\"]}]},{\"@type\":\"ImageObject\",\"inLanguage\":\"fr-FR\",\"@id\":\"https:\\\/\\\/ccc-ccc.ca\\\/fr\\\/a-notre-sujet\\\/#primaryimage\",\"url\":\"https:\\\/\\\/ccc-ccc.ca\\\/wp-content\\\/uploads\\\/2018\\\/07\\\/Keepsake-CCC.png\",\"contentUrl\":\"https:\\\/\\\/ccc-ccc.ca\\\/wp-content\\\/uploads\\\/2018\\\/07\\\/Keepsake-CCC.png\"},{\"@type\":\"BreadcrumbList\",\"@id\":\"https:\\\/\\\/ccc-ccc.ca\\\/fr\\\/a-notre-sujet\\\/#breadcrumb\",\"itemListElement\":[{\"@type\":\"ListItem\",\"position\":1,\"name\":\"Home\",\"item\":\"https:\\\/\\\/ccc-ccc.ca\\\/fr\\\/\"},{\"@type\":\"ListItem\",\"position\":2,\"name\":\"\u00c0 notre sujet\"}]},{\"@type\":\"WebSite\",\"@id\":\"https:\\\/\\\/ccc-ccc.ca\\\/#website\",\"url\":\"https:\\\/\\\/ccc-ccc.ca\\\/\",\"name\":\"Ch\u0153ur du Centenaire canadien.\",\"description\":\"Non-profit community choir\",\"potentialAction\":[{\"@type\":\"SearchAction\",\"target\":{\"@type\":\"EntryPoint\",\"urlTemplate\":\"https:\\\/\\\/ccc-ccc.ca\\\/?s={search_term_string}\"},\"query-input\":{\"@type\":\"PropertyValueSpecification\",\"valueRequired\":true,\"valueName\":\"search_term_string\"}}],\"inLanguage\":\"fr-FR\"}]}<\/script>\n<!-- \/ Yoast SEO plugin. -->","yoast_head_json":{"title":"\u00c0 notre sujet - Ch\u0153ur du Centenaire canadien.","robots":{"index":"index","follow":"follow","max-snippet":"max-snippet:-1","max-image-preview":"max-image-preview:large","max-video-preview":"max-video-preview:-1"},"canonical":"https:\/\/ccc-ccc.ca\/fr\/a-notre-sujet\/","og_locale":"fr_FR","og_type":"article","og_title":"\u00c0 notre sujet - Ch\u0153ur du Centenaire canadien.","og_description":"\u00c0 notre sujet Le Ch\u0153ur du Centenaire canadien (CCC) est une chorale communautaire amatrice qui compte environ 70 voix. Il fut fond\u00e9 en 1967 afin de c\u00e9l\u00e9brer le centenaire de la Conf\u00e9d\u00e9ration canadienne. Gr\u00e2ce aux efforts soutenus de ses membres fondateurs, le Ch\u0153ur a \u00e9t\u00e9 cr\u00e9\u00e9 en 1968 dans sa forme actuelle d&rsquo;organisme de bienfaisance&hellip;","og_url":"https:\/\/ccc-ccc.ca\/fr\/a-notre-sujet\/","og_site_name":"Ch\u0153ur du Centenaire canadien.","article_modified_time":"2023-10-15T15:09:41+00:00","og_image":[{"url":"https:\/\/ccc-ccc.ca\/wp-content\/uploads\/2018\/07\/Keepsake-CCC.png","type":"","width":"","height":""}],"twitter_card":"summary_large_image","twitter_misc":{"Dur\u00e9e de lecture estim\u00e9e":"1 minute"},"schema":{"@context":"https:\/\/schema.org","@graph":[{"@type":"WebPage","@id":"https:\/\/ccc-ccc.ca\/fr\/a-notre-sujet\/","url":"https:\/\/ccc-ccc.ca\/fr\/a-notre-sujet\/","name":"\u00c0 notre sujet - Ch\u0153ur du Centenaire canadien.","isPartOf":{"@id":"https:\/\/ccc-ccc.ca\/#website"},"primaryImageOfPage":{"@id":"https:\/\/ccc-ccc.ca\/fr\/a-notre-sujet\/#primaryimage"},"image":{"@id":"https:\/\/ccc-ccc.ca\/fr\/a-notre-sujet\/#primaryimage"},"thumbnailUrl":"https:\/\/ccc-ccc.ca\/wp-content\/uploads\/2018\/07\/Keepsake-CCC.png","datePublished":"2018-06-26T13:35:04+00:00","dateModified":"2023-10-15T15:09:41+00:00","breadcrumb":{"@id":"https:\/\/ccc-ccc.ca\/fr\/a-notre-sujet\/#breadcrumb"},"inLanguage":"fr-FR","potentialAction":[{"@type":"ReadAction","target":["https:\/\/ccc-ccc.ca\/fr\/a-notre-sujet\/"]}]},{"@type":"ImageObject","inLanguage":"fr-FR","@id":"https:\/\/ccc-ccc.ca\/fr\/a-notre-sujet\/#primaryimage","url":"https:\/\/ccc-ccc.ca\/wp-content\/uploads\/2018\/07\/Keepsake-CCC.png","contentUrl":"https:\/\/ccc-ccc.ca\/wp-content\/uploads\/2018\/07\/Keepsake-CCC.png"},{"@type":"BreadcrumbList","@id":"https:\/\/ccc-ccc.ca\/fr\/a-notre-sujet\/#breadcrumb","itemListElement":[{"@type":"ListItem","position":1,"name":"Home","item":"https:\/\/ccc-ccc.ca\/fr\/"},{"@type":"ListItem","position":2,"name":"\u00c0 notre sujet"}]},{"@type":"WebSite","@id":"https:\/\/ccc-ccc.ca\/#website","url":"https:\/\/ccc-ccc.ca\/","name":"Ch\u0153ur du Centenaire canadien.","description":"Non-profit community choir","potentialAction":[{"@type":"SearchAction","target":{"@type":"EntryPoint","urlTemplate":"https:\/\/ccc-ccc.ca\/?s={search_term_string}"},"query-input":{"@type":"PropertyValueSpecification","valueRequired":true,"valueName":"search_term_string"}}],"inLanguage":"fr-FR"}]}},"_links":{"self":[{"href":"https:\/\/ccc-ccc.ca\/fr\/wp-json\/wp\/v2\/pages\/30","targetHints":{"allow":["GET"]}}],"collection":[{"href":"https:\/\/ccc-ccc.ca\/fr\/wp-json\/wp\/v2\/pages"}],"about":[{"href":"https:\/\/ccc-ccc.ca\/fr\/wp-json\/wp\/v2\/types\/page"}],"author":[{"embeddable":true,"href":"https:\/\/ccc-ccc.ca\/fr\/wp-json\/wp\/v2\/users\/1"}],"replies":[{"embeddable":true,"href":"https:\/\/ccc-ccc.ca\/fr\/wp-json\/wp\/v2\/comments?post=30"}],"version-history":[{"count":0,"href":"https:\/\/ccc-ccc.ca\/fr\/wp-json\/wp\/v2\/pages\/30\/revisions"}],"wp:attachment":[{"href":"https:\/\/ccc-ccc.ca\/fr\/wp-json\/wp\/v2\/media?parent=30"}],"curies":[{"name":"wp","href":"https:\/\/api.w.org\/{rel}","templated":true}]}}