{"id":393,"date":"2018-07-17T16:13:06","date_gmt":"2018-07-17T20:13:06","guid":{"rendered":"http:\/\/canadiancentennialchoir.flywheelsites.com\/2017-2018\/"},"modified":"2018-09-28T12:09:34","modified_gmt":"2018-09-28T16:09:34","slug":"2017-2018","status":"publish","type":"page","link":"https:\/\/ccc-ccc.ca\/fr\/2017-2018\/","title":{"rendered":"2017-2018"},"content":{"rendered":"<h1 >\tSaisons pass\u00e9es2017-2018<br \/>\n    <\/h1>\n<h3 align=\"left\">Commanditaire de la saison<\/h3>\n<h3 align=\"left\"><img decoding=\"async\" src=\"https:\/\/ccc-ccc.ca\/images\/2017\/sponsor_prospect_79.png?1\" alt=\"image\" \/><\/h3>\n<h3 align=\"left\">Que la lumi\u00e8re soit!<\/h3>\n<p>Mardi 12 d\u00e9cembre 2017, 19 h 30<br \/>\n\u00c9glise Centretown United<br \/>\n507, rue Bank, Ottawa<\/p>\n<p>Affiche (cliquez pour agrandir)<\/p>\n<p><a href=\"https:\/\/ccc-ccc.ca\/images\/2017\/poster_2017_12_l.jpg?1\"><img decoding=\"async\" src=\"https:\/\/ccc-ccc.ca\/images\/2017\/poster_2017_12_s.jpg?1\" alt=\"image\" \/><\/a><strong>Commanditaire Argent du concert \u00a0<\/strong><\/p>\n<p><img decoding=\"async\" src=\"https:\/\/ccc-ccc.ca\/images\/2017\/sponsor_cibc_79.png?1\" alt=\"image\" \/><\/p>\n<p>Notre 50<sup>e\u00a0<\/sup>saison d\u00e9bute avec un concert des f\u00eates pr\u00e9sentant des \u0153uvres vivifiantes sur le th\u00e8me de la lumi\u00e8re. Elles comprennent le motet sacr\u00e9 de Morten\u00a0Lauridsen,<i>O\u00a0Nata\u00a0Lux<\/i>; des \u0153uvres du compositeur am\u00e9ricain d\u2019origine norv\u00e9gienne Ola\u00a0Gjeilo; des extraits de\u00a0<i>la Cantate\u00a0140<\/i>\u00a0et de\u00a0<i>la Messe en si\u00a0mineur<\/i>\u00a0de J.\u00a0S.\u00a0Bach;\u00a0<i>Alhamdoulillah (Vivre, aimer, partager)\u00a0<\/i>de Laura\u00a0Hawley, chant\u00e9 en fran\u00e7ais et en arabe;\u00a0<i>Three Hanukkah Songs<\/i>\u00a0de Charles\u00a0Baker; et un festin choral d\u2019\u0153uvres saisonni\u00e8res traditionnelles et contemporaines. Pour c\u00e9l\u00e9brer nos cinq d\u00e9cennies de performance musicale, des anciens du CCC ajouteront leur voix au ch\u0153ur dans plusieurs morceaux.<\/p>\n<hr \/>\n<h2>Sur la terre comme au ciel<\/h2>\n<p>Dimanche 18\u00a0mars 2018, 15 h<br \/>\n\u00c9glise St.\u00a0John the Evangelist<br \/>\n154, rue Somerset O., Ottawa<\/p>\n<p>Affiche (cliquez pour agrandir)<\/p>\n<p><a href=\"https:\/\/ccc-ccc.ca\/images\/2017\/poster_2018_03_l.jpg?1\"><img decoding=\"async\" src=\"https:\/\/ccc-ccc.ca\/images\/2017\/poster_2018_03_s.jpg?1\" alt=\"image\" \/><\/a><strong>Commanditaire Argent du concert<br \/>\n<\/strong><img decoding=\"async\" src=\"https:\/\/ccc-ccc.ca\/images\/2017\/habitat.png?1\" alt=\"image\" \/><\/p>\n<p>Nous accueillons le printemps avec un pot-pourri de riche musique pour tous les go\u00fbts. Notre programme comprend le\u00a0<i>Requiem<\/i>\u00a0de Bob\u00a0Chilcott, ancien membre des King\u2019s Singers et l\u2019un des compositeurs les plus prolifiques et les plus cr\u00e9atifs du Royaume-Uni, accompagn\u00e9 par un ensemble \u00e0 vent et timbales, avec solistes soprano et t\u00e9nor; de la musique sublime pour ch\u0153ur, hautbois et percussion compos\u00e9e par Ennio\u00a0Morricone pour la bande sonore laur\u00e9ate de prix du film\u00a0<i>The\u00a0Mission<\/i>; et un arrangement de\u00a0<i>Light of a Clear Blue Morning<\/i>\u00a0de Dolly\u00a0Parton.<\/p>\n<hr \/>\n<h2>Voil\u00e0 pourquoi nous chantons\u00a0: Cinq d\u00e9cennies du CCC<\/h2>\n<p>Samedi 12 mai 2018, 15 h<br \/>\n\u00c9glise All Saints\u2019 Westboro\u00a0\/ First United<br \/>\n347, chemin Richmond, Ottawa<\/p>\n<p>Affiche (cliquez pour agrandir)<\/p>\n<p><a href=\"https:\/\/ccc-ccc.ca\/images\/2017\/Poster_2018-05_l.jpg?1\"><img loading=\"lazy\" decoding=\"async\" src=\"https:\/\/ccc-ccc.ca\/images\/2017\/Poster_2018-05_s.jpg?1\" alt=\"image\" width=\"305\" height=\"390\" \/><\/a><strong>Commanditaire Argent du concert<br \/>\n<\/strong><img loading=\"lazy\" decoding=\"async\" src=\"https:\/\/ccc-ccc.ca\/images\/2017\/HerbSpice.png?1\" alt=\"image\" width=\"172\" height=\"119\" \/><\/p>\n<p>Un l\u00e9ger et joyeux concert \u00e0 double ch\u0153ur avec les Ch\u0153urs Cantiamo d\u2019Ottawa (Ch\u0153ur d\u2019apprentissage et Ch\u0153ur de jeunes en formation) dirig\u00e9s par Jackie\u00a0Hawley, et accompagnement instrumental. De Palestrina \u00e0 la pop, de l\u2019\u00eele d&rsquo;\u00c9meraude \u00e0 la Cit\u00e9 d\u2019\u00c9meraude, ce concert a de tout pour tous les go\u00fbts! Venez \u00e9couter des \u0153uvres cl\u00e9s du r\u00e9pertoire de Cantiamo, et des pi\u00e8ces chorales pr\u00e9f\u00e9r\u00e9es choisies par les membres du CCC parmi le r\u00e9pertoire des 50\u00a0ans du ch\u0153ur. \u00c9coutez ce qui nous inspire \u00e0 continuer de chanter!<\/p>\n<p>&nbsp;<\/p>\n<h6>\n\t\tSaisons pass\u00e9es<br \/>\n\t<\/h6>\n","protected":false},"excerpt":{"rendered":"<p>Saisons pass\u00e9es2017-2018 Commanditaire de la saison Que la lumi\u00e8re soit! Mardi 12 d\u00e9cembre 2017, 19 h 30 \u00c9glise Centretown United 507, rue Bank, Ottawa Affiche (cliquez pour agrandir) Commanditaire Argent du concert \u00a0 Notre 50e\u00a0saison d\u00e9bute avec un concert des f\u00eates pr\u00e9sentant des \u0153uvres vivifiantes sur le th\u00e8me de la lumi\u00e8re. Elles comprennent le motet&hellip;<\/p>\n","protected":false},"author":1,"featured_media":0,"parent":0,"menu_order":0,"comment_status":"closed","ping_status":"closed","template":"","meta":{"_acf_changed":false,"_monsterinsights_skip_tracking":false,"_monsterinsights_sitenote_active":false,"_monsterinsights_sitenote_note":"","_monsterinsights_sitenote_category":0,"footnotes":""},"class_list":["post-393","page","type-page","status-publish","hentry"],"acf":[],"yoast_head":"<!-- This site is optimized with the Yoast SEO plugin v27.3 - https:\/\/yoast.com\/product\/yoast-seo-wordpress\/ -->\n<title>2017-2018 - Ch\u0153ur du Centenaire canadien.<\/title>\n<meta name=\"robots\" content=\"index, follow, max-snippet:-1, max-image-preview:large, max-video-preview:-1\" \/>\n<link rel=\"canonical\" href=\"https:\/\/ccc-ccc.ca\/fr\/2017-2018\/\" \/>\n<meta property=\"og:locale\" content=\"fr_FR\" \/>\n<meta property=\"og:type\" content=\"article\" \/>\n<meta property=\"og:title\" content=\"2017-2018 - Ch\u0153ur du Centenaire canadien.\" \/>\n<meta property=\"og:description\" content=\"Saisons pass\u00e9es2017-2018 Commanditaire de la saison Que la lumi\u00e8re soit! Mardi 12 d\u00e9cembre 2017, 19 h 30 \u00c9glise Centretown United 507, rue Bank, Ottawa Affiche (cliquez pour agrandir) Commanditaire Argent du concert \u00a0 Notre 50e\u00a0saison d\u00e9bute avec un concert des f\u00eates pr\u00e9sentant des \u0153uvres vivifiantes sur le th\u00e8me de la lumi\u00e8re. Elles comprennent le motet&hellip;\" \/>\n<meta property=\"og:url\" content=\"https:\/\/ccc-ccc.ca\/fr\/2017-2018\/\" \/>\n<meta property=\"og:site_name\" content=\"Ch\u0153ur du Centenaire canadien.\" \/>\n<meta property=\"article:modified_time\" content=\"2018-09-28T16:09:34+00:00\" \/>\n<meta property=\"og:image\" content=\"https:\/\/ccc-ccc.ca\/images\/2017\/sponsor_prospect_79.png?1\" \/>\n<meta name=\"twitter:card\" content=\"summary_large_image\" \/>\n<meta name=\"twitter:label1\" content=\"Dur\u00e9e de lecture estim\u00e9e\" \/>\n\t<meta name=\"twitter:data1\" content=\"2 minutes\" \/>\n<script type=\"application\/ld+json\" class=\"yoast-schema-graph\">{\"@context\":\"https:\\\/\\\/schema.org\",\"@graph\":[{\"@type\":\"WebPage\",\"@id\":\"https:\\\/\\\/ccc-ccc.ca\\\/fr\\\/2017-2018\\\/\",\"url\":\"https:\\\/\\\/ccc-ccc.ca\\\/fr\\\/2017-2018\\\/\",\"name\":\"2017-2018 - Ch\u0153ur du Centenaire canadien.\",\"isPartOf\":{\"@id\":\"https:\\\/\\\/ccc-ccc.ca\\\/#website\"},\"primaryImageOfPage\":{\"@id\":\"https:\\\/\\\/ccc-ccc.ca\\\/fr\\\/2017-2018\\\/#primaryimage\"},\"image\":{\"@id\":\"https:\\\/\\\/ccc-ccc.ca\\\/fr\\\/2017-2018\\\/#primaryimage\"},\"thumbnailUrl\":\"https:\\\/\\\/ccc-ccc.ca\\\/images\\\/2017\\\/sponsor_prospect_79.png?1\",\"datePublished\":\"2018-07-17T20:13:06+00:00\",\"dateModified\":\"2018-09-28T16:09:34+00:00\",\"breadcrumb\":{\"@id\":\"https:\\\/\\\/ccc-ccc.ca\\\/fr\\\/2017-2018\\\/#breadcrumb\"},\"inLanguage\":\"fr-FR\",\"potentialAction\":[{\"@type\":\"ReadAction\",\"target\":[\"https:\\\/\\\/ccc-ccc.ca\\\/fr\\\/2017-2018\\\/\"]}]},{\"@type\":\"ImageObject\",\"inLanguage\":\"fr-FR\",\"@id\":\"https:\\\/\\\/ccc-ccc.ca\\\/fr\\\/2017-2018\\\/#primaryimage\",\"url\":\"https:\\\/\\\/ccc-ccc.ca\\\/images\\\/2017\\\/sponsor_prospect_79.png?1\",\"contentUrl\":\"https:\\\/\\\/ccc-ccc.ca\\\/images\\\/2017\\\/sponsor_prospect_79.png?1\"},{\"@type\":\"BreadcrumbList\",\"@id\":\"https:\\\/\\\/ccc-ccc.ca\\\/fr\\\/2017-2018\\\/#breadcrumb\",\"itemListElement\":[{\"@type\":\"ListItem\",\"position\":1,\"name\":\"Home\",\"item\":\"https:\\\/\\\/ccc-ccc.ca\\\/fr\\\/\"},{\"@type\":\"ListItem\",\"position\":2,\"name\":\"2017-2018\"}]},{\"@type\":\"WebSite\",\"@id\":\"https:\\\/\\\/ccc-ccc.ca\\\/#website\",\"url\":\"https:\\\/\\\/ccc-ccc.ca\\\/\",\"name\":\"Ch\u0153ur du Centenaire canadien.\",\"description\":\"Non-profit community choir\",\"potentialAction\":[{\"@type\":\"SearchAction\",\"target\":{\"@type\":\"EntryPoint\",\"urlTemplate\":\"https:\\\/\\\/ccc-ccc.ca\\\/?s={search_term_string}\"},\"query-input\":{\"@type\":\"PropertyValueSpecification\",\"valueRequired\":true,\"valueName\":\"search_term_string\"}}],\"inLanguage\":\"fr-FR\"}]}<\/script>\n<!-- \/ Yoast SEO plugin. -->","yoast_head_json":{"title":"2017-2018 - Ch\u0153ur du Centenaire canadien.","robots":{"index":"index","follow":"follow","max-snippet":"max-snippet:-1","max-image-preview":"max-image-preview:large","max-video-preview":"max-video-preview:-1"},"canonical":"https:\/\/ccc-ccc.ca\/fr\/2017-2018\/","og_locale":"fr_FR","og_type":"article","og_title":"2017-2018 - Ch\u0153ur du Centenaire canadien.","og_description":"Saisons pass\u00e9es2017-2018 Commanditaire de la saison Que la lumi\u00e8re soit! Mardi 12 d\u00e9cembre 2017, 19 h 30 \u00c9glise Centretown United 507, rue Bank, Ottawa Affiche (cliquez pour agrandir) Commanditaire Argent du concert \u00a0 Notre 50e\u00a0saison d\u00e9bute avec un concert des f\u00eates pr\u00e9sentant des \u0153uvres vivifiantes sur le th\u00e8me de la lumi\u00e8re. Elles comprennent le motet&hellip;","og_url":"https:\/\/ccc-ccc.ca\/fr\/2017-2018\/","og_site_name":"Ch\u0153ur du Centenaire canadien.","article_modified_time":"2018-09-28T16:09:34+00:00","og_image":[{"url":"https:\/\/ccc-ccc.ca\/images\/2017\/sponsor_prospect_79.png?1","type":"","width":"","height":""}],"twitter_card":"summary_large_image","twitter_misc":{"Dur\u00e9e de lecture estim\u00e9e":"2 minutes"},"schema":{"@context":"https:\/\/schema.org","@graph":[{"@type":"WebPage","@id":"https:\/\/ccc-ccc.ca\/fr\/2017-2018\/","url":"https:\/\/ccc-ccc.ca\/fr\/2017-2018\/","name":"2017-2018 - Ch\u0153ur du Centenaire canadien.","isPartOf":{"@id":"https:\/\/ccc-ccc.ca\/#website"},"primaryImageOfPage":{"@id":"https:\/\/ccc-ccc.ca\/fr\/2017-2018\/#primaryimage"},"image":{"@id":"https:\/\/ccc-ccc.ca\/fr\/2017-2018\/#primaryimage"},"thumbnailUrl":"https:\/\/ccc-ccc.ca\/images\/2017\/sponsor_prospect_79.png?1","datePublished":"2018-07-17T20:13:06+00:00","dateModified":"2018-09-28T16:09:34+00:00","breadcrumb":{"@id":"https:\/\/ccc-ccc.ca\/fr\/2017-2018\/#breadcrumb"},"inLanguage":"fr-FR","potentialAction":[{"@type":"ReadAction","target":["https:\/\/ccc-ccc.ca\/fr\/2017-2018\/"]}]},{"@type":"ImageObject","inLanguage":"fr-FR","@id":"https:\/\/ccc-ccc.ca\/fr\/2017-2018\/#primaryimage","url":"https:\/\/ccc-ccc.ca\/images\/2017\/sponsor_prospect_79.png?1","contentUrl":"https:\/\/ccc-ccc.ca\/images\/2017\/sponsor_prospect_79.png?1"},{"@type":"BreadcrumbList","@id":"https:\/\/ccc-ccc.ca\/fr\/2017-2018\/#breadcrumb","itemListElement":[{"@type":"ListItem","position":1,"name":"Home","item":"https:\/\/ccc-ccc.ca\/fr\/"},{"@type":"ListItem","position":2,"name":"2017-2018"}]},{"@type":"WebSite","@id":"https:\/\/ccc-ccc.ca\/#website","url":"https:\/\/ccc-ccc.ca\/","name":"Ch\u0153ur du Centenaire canadien.","description":"Non-profit community choir","potentialAction":[{"@type":"SearchAction","target":{"@type":"EntryPoint","urlTemplate":"https:\/\/ccc-ccc.ca\/?s={search_term_string}"},"query-input":{"@type":"PropertyValueSpecification","valueRequired":true,"valueName":"search_term_string"}}],"inLanguage":"fr-FR"}]}},"_links":{"self":[{"href":"https:\/\/ccc-ccc.ca\/fr\/wp-json\/wp\/v2\/pages\/393","targetHints":{"allow":["GET"]}}],"collection":[{"href":"https:\/\/ccc-ccc.ca\/fr\/wp-json\/wp\/v2\/pages"}],"about":[{"href":"https:\/\/ccc-ccc.ca\/fr\/wp-json\/wp\/v2\/types\/page"}],"author":[{"embeddable":true,"href":"https:\/\/ccc-ccc.ca\/fr\/wp-json\/wp\/v2\/users\/1"}],"replies":[{"embeddable":true,"href":"https:\/\/ccc-ccc.ca\/fr\/wp-json\/wp\/v2\/comments?post=393"}],"version-history":[{"count":0,"href":"https:\/\/ccc-ccc.ca\/fr\/wp-json\/wp\/v2\/pages\/393\/revisions"}],"wp:attachment":[{"href":"https:\/\/ccc-ccc.ca\/fr\/wp-json\/wp\/v2\/media?parent=393"}],"curies":[{"name":"wp","href":"https:\/\/api.w.org\/{rel}","templated":true}]}}