{"id":396,"date":"2018-06-26T13:35:40","date_gmt":"2018-06-26T17:35:40","guid":{"rendered":"http:\/\/canadiancentennialchoir.flywheelsites.com\/2016-2017\/"},"modified":"2018-09-25T17:32:41","modified_gmt":"2018-09-25T21:32:41","slug":"2016-2017","status":"publish","type":"page","link":"https:\/\/ccc-ccc.ca\/fr\/2016-2017\/","title":{"rendered":"2016-2017"},"content":{"rendered":"<h1 >\tSaisons pass\u00e9es2016-2017<br \/>\n    <\/h1>\n<h2>J\u2019entends l\u2019\u00e9cho d\u2019une musique<\/h2>\n<p>Dimanche 13 novembre 2016, 15 h<br \/>\n\u00c9glise St.\u00a0Thomas the Apostle Anglican<br \/>\n2345, promenade Alta Vista, Ottawa<\/p>\n<p>Affiche (cliquez pour agrandir)<\/p>\n<h2><a href=\"https:\/\/ccc-ccc.ca\/images\/2016\/2016_nov_l.jpg\"><img decoding=\"async\" src=\"https:\/\/ccc-ccc.ca\/images\/2016\/2016_nov_s.jpg\" alt=\"image\" \/><\/a><\/h2>\n<p>Nous entamons notre 49<sup>e\u00a0<\/sup>saison avec un concert pour souligner le jour du Souvenir. Le programme comprendra <em>Ubi\u00a0caritas<\/em> d\u2019Ola\u00a0Gjeilo, <em>Ave\u00a0Maria<\/em> de Franz\u00a0Biebl, <em>Au\u00a0champ d\u2019honneur<\/em> de Laura\u00a0Hawley, <em>We\u00a0Are<\/em>, de l\u2019ensemble vocal Sweet Honey in the Rock, et d\u2019autres chants sacr\u00e9s. L\u2019arrangement r\u00e9cent et \u00e9vocateur de <em>The\u00a0Trumpet Sounds Within-a My Soul<\/em> de Ian\u00a0David\u00a0Coleman mettra \u00e0 contribution notre trompettiste de jazz invit\u00e9, Nicholas\u00a0Dyson.<\/p>\n<p>&nbsp;<\/p>\n<h2>Voil\u00e0 pourquoi je chante\u00a0: No\u00ebl<\/h2>\n<p>Mardi 13 d\u00e9cembre 2016, 19 h 30<br \/>\n\u00c9glise Woodroffe United<br \/>\n207, ave Woodroffe, Ottawa<\/p>\n<p>Affiche (cliquez pour agrandir)<\/p>\n<p><a href=\"https:\/\/ccc-ccc.ca\/images\/2016\/2016_dec_l.jpg\"><img decoding=\"async\" src=\"https:\/\/ccc-ccc.ca\/images\/2016\/2016_dec_s.jpg\" alt=\"image\" \/><\/a><\/p>\n<p>Venez entendre une \u00e9blouissante collection de chants de l\u2019Avent et de No\u00ebl choisis par les membres du ch\u0153ur. Vous d\u00e9couvrirez ce qui nous motive \u00e0 chanter, et aussi, notre appr\u00e9ciation de notre polyvalente accompagnatrice, Jenna\u00a0Richards.<\/p>\n<p>&nbsp;<\/p>\n<h2>50<sup>e<\/sup>\u00a0du CCC!<\/h2>\n<p>Dimanche 7 mai 2017, 15 h<br \/>\n\u00c9glise Woodroffe United<br \/>\n207, ave Woodroffe, Ottawa<\/p>\n<p>Affiche (cliquez pour agrandir)<\/p>\n<p><a href=\"https:\/\/ccc-ccc.ca\/images\/2016\/2017_may_l.jpg\"><img decoding=\"async\" src=\"https:\/\/ccc-ccc.ca\/images\/2016\/2017_may_s.jpg\" alt=\"image\" \/><\/a><\/p>\n<p>Afin de c\u00e9l\u00e9brer notre 50<sup>e\u00a0<\/sup>anniversaire, nous sommes heureux de pr\u00e9senter un programme enti\u00e8rement consacr\u00e9 \u00e0 la musique canadienne, comprenant la cr\u00e9ation d\u2019une nouvelle \u0153uvre de la compositrice d\u2019Ottawa, Laura\u00a0Hawley. Nous interpr\u00e9terons \u00e9galement des \u0153uvres d\u2019Eleanor\u00a0Daley (<em>A\u00a0Celtic Blessing of Light<\/em>), de Srul Irving Glick (extraits de <em>Triumph of the Spirit<\/em>), d\u2019Elise\u00a0Letourneau (<em>Ave\u00a0Maria<\/em>) et m\u00eame un petit quelque chose du tout premier concert du Ch\u0153ur en avril\u00a01967!<\/p>\n<p>Soyez des n\u00f4tres pour la r\u00e9ception de gala apr\u00e8s le concert et renouez avec des amis \u00e0 l\u2019occasion des 50\u00a0ans du CCC!<\/p>\n<h6>\n\t\tSaisons pass\u00e9es<br \/>\n\t<\/h6>\n","protected":false},"excerpt":{"rendered":"<p>Saisons pass\u00e9es2016-2017 J\u2019entends l\u2019\u00e9cho d\u2019une musique Dimanche 13 novembre 2016, 15 h \u00c9glise St.\u00a0Thomas the Apostle Anglican 2345, promenade Alta Vista, Ottawa Affiche (cliquez pour agrandir) Nous entamons notre 49e\u00a0saison avec un concert pour souligner le jour du Souvenir. Le programme comprendra Ubi\u00a0caritas d\u2019Ola\u00a0Gjeilo, Ave\u00a0Maria de Franz\u00a0Biebl, Au\u00a0champ d\u2019honneur de Laura\u00a0Hawley, We\u00a0Are, de l\u2019ensemble vocal&hellip;<\/p>\n","protected":false},"author":1,"featured_media":0,"parent":0,"menu_order":0,"comment_status":"closed","ping_status":"closed","template":"","meta":{"_acf_changed":false,"_monsterinsights_skip_tracking":false,"_monsterinsights_sitenote_active":false,"_monsterinsights_sitenote_note":"","_monsterinsights_sitenote_category":0,"footnotes":""},"class_list":["post-396","page","type-page","status-publish","hentry"],"acf":[],"yoast_head":"<!-- This site is optimized with the Yoast SEO plugin v27.3 - https:\/\/yoast.com\/product\/yoast-seo-wordpress\/ -->\n<title>2016-2017 - Ch\u0153ur du Centenaire canadien.<\/title>\n<meta name=\"robots\" content=\"index, follow, max-snippet:-1, max-image-preview:large, max-video-preview:-1\" \/>\n<link rel=\"canonical\" href=\"https:\/\/ccc-ccc.ca\/fr\/2016-2017\/\" \/>\n<meta property=\"og:locale\" content=\"fr_FR\" \/>\n<meta property=\"og:type\" content=\"article\" \/>\n<meta property=\"og:title\" content=\"2016-2017 - Ch\u0153ur du Centenaire canadien.\" \/>\n<meta property=\"og:description\" content=\"Saisons pass\u00e9es2016-2017 J\u2019entends l\u2019\u00e9cho d\u2019une musique Dimanche 13 novembre 2016, 15 h \u00c9glise St.\u00a0Thomas the Apostle Anglican 2345, promenade Alta Vista, Ottawa Affiche (cliquez pour agrandir) Nous entamons notre 49e\u00a0saison avec un concert pour souligner le jour du Souvenir. Le programme comprendra Ubi\u00a0caritas d\u2019Ola\u00a0Gjeilo, Ave\u00a0Maria de Franz\u00a0Biebl, Au\u00a0champ d\u2019honneur de Laura\u00a0Hawley, We\u00a0Are, de l\u2019ensemble vocal&hellip;\" \/>\n<meta property=\"og:url\" content=\"https:\/\/ccc-ccc.ca\/fr\/2016-2017\/\" \/>\n<meta property=\"og:site_name\" content=\"Ch\u0153ur du Centenaire canadien.\" \/>\n<meta property=\"article:modified_time\" content=\"2018-09-25T21:32:41+00:00\" \/>\n<meta property=\"og:image\" content=\"https:\/\/ccc-ccc.ca\/images\/2016\/2016_nov_s.jpg\" \/>\n<meta name=\"twitter:card\" content=\"summary_large_image\" \/>\n<meta name=\"twitter:label1\" content=\"Dur\u00e9e de lecture estim\u00e9e\" \/>\n\t<meta name=\"twitter:data1\" content=\"1 minute\" \/>\n<script type=\"application\/ld+json\" class=\"yoast-schema-graph\">{\"@context\":\"https:\\\/\\\/schema.org\",\"@graph\":[{\"@type\":\"WebPage\",\"@id\":\"https:\\\/\\\/ccc-ccc.ca\\\/fr\\\/2016-2017\\\/\",\"url\":\"https:\\\/\\\/ccc-ccc.ca\\\/fr\\\/2016-2017\\\/\",\"name\":\"2016-2017 - Ch\u0153ur du Centenaire canadien.\",\"isPartOf\":{\"@id\":\"https:\\\/\\\/ccc-ccc.ca\\\/#website\"},\"primaryImageOfPage\":{\"@id\":\"https:\\\/\\\/ccc-ccc.ca\\\/fr\\\/2016-2017\\\/#primaryimage\"},\"image\":{\"@id\":\"https:\\\/\\\/ccc-ccc.ca\\\/fr\\\/2016-2017\\\/#primaryimage\"},\"thumbnailUrl\":\"https:\\\/\\\/ccc-ccc.ca\\\/images\\\/2016\\\/2016_nov_s.jpg\",\"datePublished\":\"2018-06-26T17:35:40+00:00\",\"dateModified\":\"2018-09-25T21:32:41+00:00\",\"breadcrumb\":{\"@id\":\"https:\\\/\\\/ccc-ccc.ca\\\/fr\\\/2016-2017\\\/#breadcrumb\"},\"inLanguage\":\"fr-FR\",\"potentialAction\":[{\"@type\":\"ReadAction\",\"target\":[\"https:\\\/\\\/ccc-ccc.ca\\\/fr\\\/2016-2017\\\/\"]}]},{\"@type\":\"ImageObject\",\"inLanguage\":\"fr-FR\",\"@id\":\"https:\\\/\\\/ccc-ccc.ca\\\/fr\\\/2016-2017\\\/#primaryimage\",\"url\":\"https:\\\/\\\/ccc-ccc.ca\\\/images\\\/2016\\\/2016_nov_s.jpg\",\"contentUrl\":\"https:\\\/\\\/ccc-ccc.ca\\\/images\\\/2016\\\/2016_nov_s.jpg\"},{\"@type\":\"BreadcrumbList\",\"@id\":\"https:\\\/\\\/ccc-ccc.ca\\\/fr\\\/2016-2017\\\/#breadcrumb\",\"itemListElement\":[{\"@type\":\"ListItem\",\"position\":1,\"name\":\"Home\",\"item\":\"https:\\\/\\\/ccc-ccc.ca\\\/fr\\\/\"},{\"@type\":\"ListItem\",\"position\":2,\"name\":\"2016-2017\"}]},{\"@type\":\"WebSite\",\"@id\":\"https:\\\/\\\/ccc-ccc.ca\\\/#website\",\"url\":\"https:\\\/\\\/ccc-ccc.ca\\\/\",\"name\":\"Ch\u0153ur du Centenaire canadien.\",\"description\":\"Non-profit community choir\",\"potentialAction\":[{\"@type\":\"SearchAction\",\"target\":{\"@type\":\"EntryPoint\",\"urlTemplate\":\"https:\\\/\\\/ccc-ccc.ca\\\/?s={search_term_string}\"},\"query-input\":{\"@type\":\"PropertyValueSpecification\",\"valueRequired\":true,\"valueName\":\"search_term_string\"}}],\"inLanguage\":\"fr-FR\"}]}<\/script>\n<!-- \/ Yoast SEO plugin. -->","yoast_head_json":{"title":"2016-2017 - Ch\u0153ur du Centenaire canadien.","robots":{"index":"index","follow":"follow","max-snippet":"max-snippet:-1","max-image-preview":"max-image-preview:large","max-video-preview":"max-video-preview:-1"},"canonical":"https:\/\/ccc-ccc.ca\/fr\/2016-2017\/","og_locale":"fr_FR","og_type":"article","og_title":"2016-2017 - Ch\u0153ur du Centenaire canadien.","og_description":"Saisons pass\u00e9es2016-2017 J\u2019entends l\u2019\u00e9cho d\u2019une musique Dimanche 13 novembre 2016, 15 h \u00c9glise St.\u00a0Thomas the Apostle Anglican 2345, promenade Alta Vista, Ottawa Affiche (cliquez pour agrandir) Nous entamons notre 49e\u00a0saison avec un concert pour souligner le jour du Souvenir. Le programme comprendra Ubi\u00a0caritas d\u2019Ola\u00a0Gjeilo, Ave\u00a0Maria de Franz\u00a0Biebl, Au\u00a0champ d\u2019honneur de Laura\u00a0Hawley, We\u00a0Are, de l\u2019ensemble vocal&hellip;","og_url":"https:\/\/ccc-ccc.ca\/fr\/2016-2017\/","og_site_name":"Ch\u0153ur du Centenaire canadien.","article_modified_time":"2018-09-25T21:32:41+00:00","og_image":[{"url":"https:\/\/ccc-ccc.ca\/images\/2016\/2016_nov_s.jpg","type":"","width":"","height":""}],"twitter_card":"summary_large_image","twitter_misc":{"Dur\u00e9e de lecture estim\u00e9e":"1 minute"},"schema":{"@context":"https:\/\/schema.org","@graph":[{"@type":"WebPage","@id":"https:\/\/ccc-ccc.ca\/fr\/2016-2017\/","url":"https:\/\/ccc-ccc.ca\/fr\/2016-2017\/","name":"2016-2017 - Ch\u0153ur du Centenaire canadien.","isPartOf":{"@id":"https:\/\/ccc-ccc.ca\/#website"},"primaryImageOfPage":{"@id":"https:\/\/ccc-ccc.ca\/fr\/2016-2017\/#primaryimage"},"image":{"@id":"https:\/\/ccc-ccc.ca\/fr\/2016-2017\/#primaryimage"},"thumbnailUrl":"https:\/\/ccc-ccc.ca\/images\/2016\/2016_nov_s.jpg","datePublished":"2018-06-26T17:35:40+00:00","dateModified":"2018-09-25T21:32:41+00:00","breadcrumb":{"@id":"https:\/\/ccc-ccc.ca\/fr\/2016-2017\/#breadcrumb"},"inLanguage":"fr-FR","potentialAction":[{"@type":"ReadAction","target":["https:\/\/ccc-ccc.ca\/fr\/2016-2017\/"]}]},{"@type":"ImageObject","inLanguage":"fr-FR","@id":"https:\/\/ccc-ccc.ca\/fr\/2016-2017\/#primaryimage","url":"https:\/\/ccc-ccc.ca\/images\/2016\/2016_nov_s.jpg","contentUrl":"https:\/\/ccc-ccc.ca\/images\/2016\/2016_nov_s.jpg"},{"@type":"BreadcrumbList","@id":"https:\/\/ccc-ccc.ca\/fr\/2016-2017\/#breadcrumb","itemListElement":[{"@type":"ListItem","position":1,"name":"Home","item":"https:\/\/ccc-ccc.ca\/fr\/"},{"@type":"ListItem","position":2,"name":"2016-2017"}]},{"@type":"WebSite","@id":"https:\/\/ccc-ccc.ca\/#website","url":"https:\/\/ccc-ccc.ca\/","name":"Ch\u0153ur du Centenaire canadien.","description":"Non-profit community choir","potentialAction":[{"@type":"SearchAction","target":{"@type":"EntryPoint","urlTemplate":"https:\/\/ccc-ccc.ca\/?s={search_term_string}"},"query-input":{"@type":"PropertyValueSpecification","valueRequired":true,"valueName":"search_term_string"}}],"inLanguage":"fr-FR"}]}},"_links":{"self":[{"href":"https:\/\/ccc-ccc.ca\/fr\/wp-json\/wp\/v2\/pages\/396","targetHints":{"allow":["GET"]}}],"collection":[{"href":"https:\/\/ccc-ccc.ca\/fr\/wp-json\/wp\/v2\/pages"}],"about":[{"href":"https:\/\/ccc-ccc.ca\/fr\/wp-json\/wp\/v2\/types\/page"}],"author":[{"embeddable":true,"href":"https:\/\/ccc-ccc.ca\/fr\/wp-json\/wp\/v2\/users\/1"}],"replies":[{"embeddable":true,"href":"https:\/\/ccc-ccc.ca\/fr\/wp-json\/wp\/v2\/comments?post=396"}],"version-history":[{"count":0,"href":"https:\/\/ccc-ccc.ca\/fr\/wp-json\/wp\/v2\/pages\/396\/revisions"}],"wp:attachment":[{"href":"https:\/\/ccc-ccc.ca\/fr\/wp-json\/wp\/v2\/media?parent=396"}],"curies":[{"name":"wp","href":"https:\/\/api.w.org\/{rel}","templated":true}]}}