{"id":401,"date":"2018-07-17T15:58:22","date_gmt":"2018-07-17T19:58:22","guid":{"rendered":"http:\/\/canadiancentennialchoir.flywheelsites.com\/2015-2016\/"},"modified":"2018-10-09T14:53:25","modified_gmt":"2018-10-09T18:53:25","slug":"2015-2016","status":"publish","type":"page","link":"https:\/\/ccc-ccc.ca\/fr\/2015-2016\/","title":{"rendered":"2015-2016"},"content":{"rendered":"<h1 >\t\tSaisons pass\u00e9es<br \/>\n\t\t2015-2016<br \/>\n\t<\/h1>\n<h2>Le CCC prend la cl\u00e9 des champs!<\/h2>\n<p>Samedi 26 septembre 2015, 19 h 30<br \/>\nEglise Centretown United<br \/>\n507, rue Bank (angle de l&rsquo;avenue Argyle), Ottawa<\/p>\n<p>Affiche (cliquez pour agrandir)<\/p>\n<p><a href=\"https:\/\/ccc-ccc.ca\/images\/2015\/2015_sept_poster_l.jpg\"><img loading=\"lazy\" decoding=\"async\" src=\"https:\/\/ccc-ccc.ca\/images\/2015\/2015_sept_poster_l.jpg\" alt=\"image\" width=\"305\" height=\"236\" \/><\/a><\/p>\n<p>La reprise de notre formidable repr\u00e9sentation de mai\u00a02015!<\/p>\n<p>Un concert b\u00e9n\u00e9fice sp\u00e9cial pour le Artistic Expression Studio au Centre\u00a0507, un centre d\u2019accueil et de services de soutien pour adultes.<\/p>\n<p>Droits d\u2019entr\u00e9e sous forme de dons (don propos\u00e9\u00a0: 10\u00a0$ &#8211; 15\u00a0$).<\/p>\n<p>Au cours de ce concert \u00e0 l\u2019atmosph\u00e8re d\u00e9contract\u00e9e, le ch\u0153ur complet et de petits ensembles vous divertiront avec des airs enlevants de jazz, de pop et de Broadway, accompagn\u00e9s d\u2019un groupe de musiciens (clavier, basse et batterie).<\/p>\n<p>Il s\u2019agit d\u2019une excellente occasion de voir le Ch\u0153ur du Centenaire canadien chanter un concert amusant et fantastiquement musical \u00e0 l\u2019appui du programme artistique du Centre 507. Emmenez vos enfants! Dansez pendant que nous chantons des chansons des Beatles et d\u2019Abba, des airs bien connus de com\u00e9dies musicales et bien plus, dont une \u0153uvre exceptionnelle intitul\u00e9e <em>Little Jazz Mass<\/em> (12\u00a0minutes de ravissement avec un clavier, une basse et des percussions en accompagnement!). C\u2019est une merveilleuse occasion d\u2019assister \u00e0 un concert divertissant, d\u2019appuyer des programmes de musique et d\u2019art et de passer du temps \u00e0 s\u2019amuser avec famille et amis.<\/p>\n<h2>Gloria!<\/h2>\n<p>Mardi 15 d\u00e9cembre 2015, 19 h 30<br \/>\n\u00c9glise Woodroffe United<br \/>\n207, ave Woodroffe, Ottawa<\/p>\n<p>Affiche (cliquez pour agrandir)<\/p>\n<p><a href=\"https:\/\/ccc-ccc.ca\/images\/2015\/2015_dec_poster_l.jpg\"><img decoding=\"async\" src=\"https:\/\/ccc-ccc.ca\/images\/2015\/2015_dec_poster_s.jpg\" alt=\"image\" \/><\/a><\/p>\n<p>La 48<sup>e<\/sup>\u00a0saison du Ch\u0153ur du Centenaire canadien d\u00e9bute par une \u0153uvre pour ch\u0153ur et orchestre unanimement aim\u00e9e : le\u00a0<i>Gloria<\/i>\u00a0en r\u00e9 majeur, RV 589, de Vivaldi. Le Ch\u0153ur et trois solistes invit\u00e9s seront accompagn\u00e9s par un orchestre de chambre.<br \/>\nLe compositeur britannique Bob Chilcott a \u00e9crit une version tr\u00e8s divertissante du chant\u00a0<i>The Twelve Days of Christmas<\/i>, avec d\u2019habiles rebondissements musicaux dans divers styles. Le Ch\u0153ur l\u2019interpr\u00e9tera avec un duo de piano et de percussion, et pr\u00e9sentera d\u2019autres \u0153uvres saisonni\u00e8res.<\/p>\n<p>&nbsp;<\/p>\n<h2>Joyaux du r\u00e9pertoire choral canadien<\/h2>\n<p>Dimanche 13 mars 2016, 15 h<br \/>\n\u00c9glise St. John the Evangelist<br \/>\n154, rue Somerset O., Ottawa<\/p>\n<p>Affiche (cliquez pour agrandir)<\/p>\n<p><a href=\"https:\/\/ccc-ccc.ca\/images\/2016\/2016_mar_l.jpg\"><img decoding=\"async\" src=\"https:\/\/ccc-ccc.ca\/images\/2016\/2016_mar_s.jpg\" alt=\"image\" \/><\/a><\/p>\n<p>Le magnifique\u00a0<i>Requiem<\/i>, pour ch\u0153ur, avec solistes soprano et baryton, compos\u00e9 par Eleanor Daley, l\u2019une des compositrices les plus connues du Canada, sera la pi\u00e8ce de r\u00e9sistance de ce concert.\u00a0 Le Ch\u0153ur interpr\u00e9tera \u00e9galement\u00a0<i>The Rain is Over and Gone<\/i>\u00a0de Paul Halley et d\u2019autres \u0153uvres de musique sacr\u00e9e de Tobin Stokes, Diane Loomer et Stephanie Martin. Venez entendre aussi les originales\u00a0<i>Figures de danse<\/i>\u00a0de Lionel Daunais et\u00a0<i>Gamelan<\/i>\u00a0de R. Murray Schafer.<\/p>\n<p>&nbsp;<\/p>\n<h2>Aurore am\u00e9ricaine<\/h2>\n<p>Samedi 7 mai 2016, 19 h 30<br \/>\n\u00c9glise Dominion-Chalmers United<br \/>\n355, rue Cooper, Ottawa<\/p>\n<p>Affiche (cliquez pour agrandir)<\/p>\n<p><a href=\"https:\/\/ccc-ccc.ca\/images\/2016\/2016_may_l.jpg\"><img decoding=\"async\" src=\"https:\/\/ccc-ccc.ca\/images\/2016\/2016_may_s.jpg\" alt=\"image\" \/><\/a><\/p>\n<p>Un concert conjoint sp\u00e9cial avec le Harmonia Choir of Ottawa dirig\u00e9 par Kurt\u00a0Ala-Kantti, pour c\u00e9l\u00e9brer la musique de compositeurs am\u00e9ricains. Plus de 100\u00a0voix seront r\u00e9unies pour interpr\u00e9ter la <em>Sunrise Mass<\/em>, une messe symphonique de 30\u00a0minutes pour ch\u0153ur et orchestre \u00e0 cordes du compositeur new-yorkais n\u00e9 en Norv\u00e8ge, Ola\u00a0Gjeilo. Vous entendrez \u00e9galement des \u0153uvres d\u2019Eric\u00a0Whitacre, de Morten\u00a0Lauridsen et d&rsquo;autres.<\/p>\n<h6>\n\t\tSaisons pass\u00e9es<br \/>\n\t<\/h6>\n","protected":false},"excerpt":{"rendered":"<p>Saisons pass\u00e9es 2015-2016 Le CCC prend la cl\u00e9 des champs! Samedi 26 septembre 2015, 19 h 30 Eglise Centretown United 507, rue Bank (angle de l&rsquo;avenue Argyle), Ottawa Affiche (cliquez pour agrandir) La reprise de notre formidable repr\u00e9sentation de mai\u00a02015! Un concert b\u00e9n\u00e9fice sp\u00e9cial pour le Artistic Expression Studio au Centre\u00a0507, un centre d\u2019accueil et&hellip;<\/p>\n","protected":false},"author":1,"featured_media":0,"parent":0,"menu_order":0,"comment_status":"closed","ping_status":"closed","template":"","meta":{"_acf_changed":false,"_monsterinsights_skip_tracking":false,"_monsterinsights_sitenote_active":false,"_monsterinsights_sitenote_note":"","_monsterinsights_sitenote_category":0,"footnotes":""},"class_list":["post-401","page","type-page","status-publish","hentry"],"acf":[],"yoast_head":"<!-- This site is optimized with the Yoast SEO plugin v27.4 - https:\/\/yoast.com\/product\/yoast-seo-wordpress\/ -->\n<title>2015-2016 - Ch\u0153ur du Centenaire canadien.<\/title>\n<meta name=\"robots\" content=\"index, follow, max-snippet:-1, max-image-preview:large, max-video-preview:-1\" \/>\n<link rel=\"canonical\" href=\"https:\/\/ccc-ccc.ca\/fr\/2015-2016\/\" \/>\n<meta property=\"og:locale\" content=\"fr_FR\" \/>\n<meta property=\"og:type\" content=\"article\" \/>\n<meta property=\"og:title\" content=\"2015-2016 - Ch\u0153ur du Centenaire canadien.\" \/>\n<meta property=\"og:description\" content=\"Saisons pass\u00e9es 2015-2016 Le CCC prend la cl\u00e9 des champs! Samedi 26 septembre 2015, 19 h 30 Eglise Centretown United 507, rue Bank (angle de l&rsquo;avenue Argyle), Ottawa Affiche (cliquez pour agrandir) La reprise de notre formidable repr\u00e9sentation de mai\u00a02015! Un concert b\u00e9n\u00e9fice sp\u00e9cial pour le Artistic Expression Studio au Centre\u00a0507, un centre d\u2019accueil et&hellip;\" \/>\n<meta property=\"og:url\" content=\"https:\/\/ccc-ccc.ca\/fr\/2015-2016\/\" \/>\n<meta property=\"og:site_name\" content=\"Ch\u0153ur du Centenaire canadien.\" \/>\n<meta property=\"article:modified_time\" content=\"2018-10-09T18:53:25+00:00\" \/>\n<meta property=\"og:image\" content=\"https:\/\/ccc-ccc.ca\/images\/2015\/2015_sept_poster_l.jpg\" \/>\n<meta name=\"twitter:card\" content=\"summary_large_image\" \/>\n<meta name=\"twitter:label1\" content=\"Dur\u00e9e de lecture estim\u00e9e\" \/>\n\t<meta name=\"twitter:data1\" content=\"3 minutes\" \/>\n<script type=\"application\/ld+json\" class=\"yoast-schema-graph\">{\"@context\":\"https:\\\/\\\/schema.org\",\"@graph\":[{\"@type\":\"WebPage\",\"@id\":\"https:\\\/\\\/ccc-ccc.ca\\\/fr\\\/2015-2016\\\/\",\"url\":\"https:\\\/\\\/ccc-ccc.ca\\\/fr\\\/2015-2016\\\/\",\"name\":\"2015-2016 - Ch\u0153ur du Centenaire canadien.\",\"isPartOf\":{\"@id\":\"https:\\\/\\\/ccc-ccc.ca\\\/#website\"},\"primaryImageOfPage\":{\"@id\":\"https:\\\/\\\/ccc-ccc.ca\\\/fr\\\/2015-2016\\\/#primaryimage\"},\"image\":{\"@id\":\"https:\\\/\\\/ccc-ccc.ca\\\/fr\\\/2015-2016\\\/#primaryimage\"},\"thumbnailUrl\":\"https:\\\/\\\/ccc-ccc.ca\\\/images\\\/2015\\\/2015_sept_poster_l.jpg\",\"datePublished\":\"2018-07-17T19:58:22+00:00\",\"dateModified\":\"2018-10-09T18:53:25+00:00\",\"breadcrumb\":{\"@id\":\"https:\\\/\\\/ccc-ccc.ca\\\/fr\\\/2015-2016\\\/#breadcrumb\"},\"inLanguage\":\"fr-FR\",\"potentialAction\":[{\"@type\":\"ReadAction\",\"target\":[\"https:\\\/\\\/ccc-ccc.ca\\\/fr\\\/2015-2016\\\/\"]}]},{\"@type\":\"ImageObject\",\"inLanguage\":\"fr-FR\",\"@id\":\"https:\\\/\\\/ccc-ccc.ca\\\/fr\\\/2015-2016\\\/#primaryimage\",\"url\":\"https:\\\/\\\/ccc-ccc.ca\\\/images\\\/2015\\\/2015_sept_poster_l.jpg\",\"contentUrl\":\"https:\\\/\\\/ccc-ccc.ca\\\/images\\\/2015\\\/2015_sept_poster_l.jpg\"},{\"@type\":\"BreadcrumbList\",\"@id\":\"https:\\\/\\\/ccc-ccc.ca\\\/fr\\\/2015-2016\\\/#breadcrumb\",\"itemListElement\":[{\"@type\":\"ListItem\",\"position\":1,\"name\":\"Home\",\"item\":\"https:\\\/\\\/ccc-ccc.ca\\\/fr\\\/\"},{\"@type\":\"ListItem\",\"position\":2,\"name\":\"2015-2016\"}]},{\"@type\":\"WebSite\",\"@id\":\"https:\\\/\\\/ccc-ccc.ca\\\/#website\",\"url\":\"https:\\\/\\\/ccc-ccc.ca\\\/\",\"name\":\"Ch\u0153ur du Centenaire canadien.\",\"description\":\"Non-profit community choir\",\"potentialAction\":[{\"@type\":\"SearchAction\",\"target\":{\"@type\":\"EntryPoint\",\"urlTemplate\":\"https:\\\/\\\/ccc-ccc.ca\\\/?s={search_term_string}\"},\"query-input\":{\"@type\":\"PropertyValueSpecification\",\"valueRequired\":true,\"valueName\":\"search_term_string\"}}],\"inLanguage\":\"fr-FR\"}]}<\/script>\n<!-- \/ Yoast SEO plugin. -->","yoast_head_json":{"title":"2015-2016 - Ch\u0153ur du Centenaire canadien.","robots":{"index":"index","follow":"follow","max-snippet":"max-snippet:-1","max-image-preview":"max-image-preview:large","max-video-preview":"max-video-preview:-1"},"canonical":"https:\/\/ccc-ccc.ca\/fr\/2015-2016\/","og_locale":"fr_FR","og_type":"article","og_title":"2015-2016 - Ch\u0153ur du Centenaire canadien.","og_description":"Saisons pass\u00e9es 2015-2016 Le CCC prend la cl\u00e9 des champs! Samedi 26 septembre 2015, 19 h 30 Eglise Centretown United 507, rue Bank (angle de l&rsquo;avenue Argyle), Ottawa Affiche (cliquez pour agrandir) La reprise de notre formidable repr\u00e9sentation de mai\u00a02015! Un concert b\u00e9n\u00e9fice sp\u00e9cial pour le Artistic Expression Studio au Centre\u00a0507, un centre d\u2019accueil et&hellip;","og_url":"https:\/\/ccc-ccc.ca\/fr\/2015-2016\/","og_site_name":"Ch\u0153ur du Centenaire canadien.","article_modified_time":"2018-10-09T18:53:25+00:00","og_image":[{"url":"https:\/\/ccc-ccc.ca\/images\/2015\/2015_sept_poster_l.jpg","type":"","width":"","height":""}],"twitter_card":"summary_large_image","twitter_misc":{"Dur\u00e9e de lecture estim\u00e9e":"3 minutes"},"schema":{"@context":"https:\/\/schema.org","@graph":[{"@type":"WebPage","@id":"https:\/\/ccc-ccc.ca\/fr\/2015-2016\/","url":"https:\/\/ccc-ccc.ca\/fr\/2015-2016\/","name":"2015-2016 - Ch\u0153ur du Centenaire canadien.","isPartOf":{"@id":"https:\/\/ccc-ccc.ca\/#website"},"primaryImageOfPage":{"@id":"https:\/\/ccc-ccc.ca\/fr\/2015-2016\/#primaryimage"},"image":{"@id":"https:\/\/ccc-ccc.ca\/fr\/2015-2016\/#primaryimage"},"thumbnailUrl":"https:\/\/ccc-ccc.ca\/images\/2015\/2015_sept_poster_l.jpg","datePublished":"2018-07-17T19:58:22+00:00","dateModified":"2018-10-09T18:53:25+00:00","breadcrumb":{"@id":"https:\/\/ccc-ccc.ca\/fr\/2015-2016\/#breadcrumb"},"inLanguage":"fr-FR","potentialAction":[{"@type":"ReadAction","target":["https:\/\/ccc-ccc.ca\/fr\/2015-2016\/"]}]},{"@type":"ImageObject","inLanguage":"fr-FR","@id":"https:\/\/ccc-ccc.ca\/fr\/2015-2016\/#primaryimage","url":"https:\/\/ccc-ccc.ca\/images\/2015\/2015_sept_poster_l.jpg","contentUrl":"https:\/\/ccc-ccc.ca\/images\/2015\/2015_sept_poster_l.jpg"},{"@type":"BreadcrumbList","@id":"https:\/\/ccc-ccc.ca\/fr\/2015-2016\/#breadcrumb","itemListElement":[{"@type":"ListItem","position":1,"name":"Home","item":"https:\/\/ccc-ccc.ca\/fr\/"},{"@type":"ListItem","position":2,"name":"2015-2016"}]},{"@type":"WebSite","@id":"https:\/\/ccc-ccc.ca\/#website","url":"https:\/\/ccc-ccc.ca\/","name":"Ch\u0153ur du Centenaire canadien.","description":"Non-profit community choir","potentialAction":[{"@type":"SearchAction","target":{"@type":"EntryPoint","urlTemplate":"https:\/\/ccc-ccc.ca\/?s={search_term_string}"},"query-input":{"@type":"PropertyValueSpecification","valueRequired":true,"valueName":"search_term_string"}}],"inLanguage":"fr-FR"}]}},"_links":{"self":[{"href":"https:\/\/ccc-ccc.ca\/fr\/wp-json\/wp\/v2\/pages\/401","targetHints":{"allow":["GET"]}}],"collection":[{"href":"https:\/\/ccc-ccc.ca\/fr\/wp-json\/wp\/v2\/pages"}],"about":[{"href":"https:\/\/ccc-ccc.ca\/fr\/wp-json\/wp\/v2\/types\/page"}],"author":[{"embeddable":true,"href":"https:\/\/ccc-ccc.ca\/fr\/wp-json\/wp\/v2\/users\/1"}],"replies":[{"embeddable":true,"href":"https:\/\/ccc-ccc.ca\/fr\/wp-json\/wp\/v2\/comments?post=401"}],"version-history":[{"count":0,"href":"https:\/\/ccc-ccc.ca\/fr\/wp-json\/wp\/v2\/pages\/401\/revisions"}],"wp:attachment":[{"href":"https:\/\/ccc-ccc.ca\/fr\/wp-json\/wp\/v2\/media?parent=401"}],"curies":[{"name":"wp","href":"https:\/\/api.w.org\/{rel}","templated":true}]}}