{"id":404,"date":"2018-07-17T15:59:12","date_gmt":"2018-07-17T19:59:12","guid":{"rendered":"http:\/\/canadiancentennialchoir.flywheelsites.com\/2014-2015\/"},"modified":"2018-09-25T17:40:13","modified_gmt":"2018-09-25T21:40:13","slug":"2014-2015","status":"publish","type":"page","link":"https:\/\/ccc-ccc.ca\/fr\/2014-2015\/","title":{"rendered":"2014-2015"},"content":{"rendered":"<h1 >\tSaisons pass\u00e9es2014-2015<br \/>\n    <\/h1>\n<h2>Messe de Minuit pour No\u00ebl<\/h2>\n<p>Mardi 16 d\u00e9cembre 2014, 19 h 30<br \/>\n\u00c9glise Centretown United<br \/>\n507, rue Bank (angle de l\u2019avenue Argyle), Ottawa<\/p>\n<p>Affiche (cliquez pour agrandir)<\/p>\n<p><a href=\"https:\/\/ccc-ccc.ca\/images\/2014\/2014_dec_poster_l.jpg\"><img decoding=\"async\" src=\"https:\/\/ccc-ccc.ca\/images\/2014\/2014_dec_poster_s.jpg\" alt=\"image\" \/><\/a><\/p>\n<p>Nous ouvrons notre 47<sup>e\u00a0<\/sup>saison avec la merveilleuse\u00a0<i>Messe de Minuit pour No\u00ebl\u00a0<\/i>du compositeur baroque Marc-Antoine Charpentier (1634-1704). Cette oeuvre est bas\u00e9e sur 11 chants de No\u00ebl fran\u00e7ais qui ont \u00e9t\u00e9 int\u00e9gr\u00e9s \u00e0 la messe et qui auraient \u00e9t\u00e9 facilement reconnus par les paroissiens du XVII<sup>e<\/sup>\u00a0si\u00e8cle en France. Le choeur et les solistes seront accompagn\u00e9s de fl\u00fbtes, d\u2019instruments de musique \u00e0 cordes et d\u2019orgue. Nous pr\u00e9senterons d\u2019autres oeuvres saisonni\u00e8res et des chants de No\u00ebl avec participation de l\u2019auditoire.<\/p>\n<p>&nbsp;<\/p>\n<h2>Cantate Domino :\u0152uvres r\u00e9centes canadiennes<\/h2>\n<p>Samedi 7 mars 2015, 19 h 30<br \/>\n\u00c9glise Southminster United<br \/>\n15, avenue Aylmer (angle Bank), Ottawa<\/p>\n<p>Affiche (cliquez pour agrandir)<\/p>\n<p><a href=\"https:\/\/ccc-ccc.ca\/images\/2015\/2015_mar_poster_l.jpg\"><img decoding=\"async\" src=\"https:\/\/ccc-ccc.ca\/images\/2015\/2015_mar_poster_s.jpg\" alt=\"image\" \/><\/a><\/p>\n<p>Notre deuxi\u00e8me concert pr\u00e9sentera plusieurs nouvelles oeuvres de compositeurs canadiens, notamment\u00a0<i>All Days are Nights<\/i>, de Laura Hawley, et\u00a0<i>Ave Maria<\/i>, d\u2019Elise Letourneau, toutes deux d\u2019Ottawa, ainsi que la\u00a0<i>Missa Brevis en ut mineur\u00a0<\/i>pour choeur et piano d\u2019Imant Raminsh, et des oeuvres de Leonard Enns, de Paul Halley, de Cassandra Luftspring et d\u2019autres. Nous souhaitons la bienvenue \u00e0 notre nouvelle accompagnatrice, Jenna Richards. Venez entendre des joyaux du r\u00e9pertoire choral canadien!<\/p>\n<p>&nbsp;<\/p>\n<h2>Le CCC prend la cl\u00e9 des champs!<\/h2>\n<p>Samedi 9 mai 2015, 20 h<br \/>\n\u00c9glise Centretown United<br \/>\n507, rue Bank (angle de l\u2019avenue Argyle), Ottawa<\/p>\n<p>Affiche (cliquez pour agrandir)<\/p>\n<p><a href=\"https:\/\/ccc-ccc.ca\/images\/2015\/2015_may_poster_l.jpg\"><img decoding=\"async\" src=\"https:\/\/ccc-ccc.ca\/images\/2015\/2015_may_poster_s.jpg\" alt=\"image\" \/><\/a><\/p>\n<p>Si vous n\u2019\u00e9tiez pas d\u00e9j\u00e0 au courant, sachez que le CCC aime aborder un r\u00e9pertoire des plus vari\u00e9s. Au cours de ce concert, le choeur complet et de petits ensembles vous divertiront avec des airs de jazz, de pop et de Broadway, accompagn\u00e9s d\u2019un groupe de musiciens (clavier, basse et batterie).<\/p>\n<h6>\n\t\tSaisons pass\u00e9es<br \/>\n\t<\/h6>\n","protected":false},"excerpt":{"rendered":"<p>Saisons pass\u00e9es2014-2015 Messe de Minuit pour No\u00ebl Mardi 16 d\u00e9cembre 2014, 19 h 30 \u00c9glise Centretown United 507, rue Bank (angle de l\u2019avenue Argyle), Ottawa Affiche (cliquez pour agrandir) Nous ouvrons notre 47e\u00a0saison avec la merveilleuse\u00a0Messe de Minuit pour No\u00ebl\u00a0du compositeur baroque Marc-Antoine Charpentier (1634-1704). Cette oeuvre est bas\u00e9e sur 11 chants de No\u00ebl fran\u00e7ais&hellip;<\/p>\n","protected":false},"author":1,"featured_media":0,"parent":0,"menu_order":0,"comment_status":"closed","ping_status":"closed","template":"","meta":{"_acf_changed":false,"_monsterinsights_skip_tracking":false,"_monsterinsights_sitenote_active":false,"_monsterinsights_sitenote_note":"","_monsterinsights_sitenote_category":0,"footnotes":""},"class_list":["post-404","page","type-page","status-publish","hentry"],"acf":[],"yoast_head":"<!-- This site is optimized with the Yoast SEO plugin v27.3 - https:\/\/yoast.com\/product\/yoast-seo-wordpress\/ -->\n<title>2014-2015 - Ch\u0153ur du Centenaire canadien.<\/title>\n<meta name=\"robots\" content=\"index, follow, max-snippet:-1, max-image-preview:large, max-video-preview:-1\" \/>\n<link rel=\"canonical\" href=\"https:\/\/ccc-ccc.ca\/fr\/2014-2015\/\" \/>\n<meta property=\"og:locale\" content=\"fr_FR\" \/>\n<meta property=\"og:type\" content=\"article\" \/>\n<meta property=\"og:title\" content=\"2014-2015 - Ch\u0153ur du Centenaire canadien.\" \/>\n<meta property=\"og:description\" content=\"Saisons pass\u00e9es2014-2015 Messe de Minuit pour No\u00ebl Mardi 16 d\u00e9cembre 2014, 19 h 30 \u00c9glise Centretown United 507, rue Bank (angle de l\u2019avenue Argyle), Ottawa Affiche (cliquez pour agrandir) Nous ouvrons notre 47e\u00a0saison avec la merveilleuse\u00a0Messe de Minuit pour No\u00ebl\u00a0du compositeur baroque Marc-Antoine Charpentier (1634-1704). Cette oeuvre est bas\u00e9e sur 11 chants de No\u00ebl fran\u00e7ais&hellip;\" \/>\n<meta property=\"og:url\" content=\"https:\/\/ccc-ccc.ca\/fr\/2014-2015\/\" \/>\n<meta property=\"og:site_name\" content=\"Ch\u0153ur du Centenaire canadien.\" \/>\n<meta property=\"article:modified_time\" content=\"2018-09-25T21:40:13+00:00\" \/>\n<meta property=\"og:image\" content=\"https:\/\/ccc-ccc.ca\/images\/2014\/2014_dec_poster_s.jpg\" \/>\n<meta name=\"twitter:card\" content=\"summary_large_image\" \/>\n<meta name=\"twitter:label1\" content=\"Dur\u00e9e de lecture estim\u00e9e\" \/>\n\t<meta name=\"twitter:data1\" content=\"2 minutes\" \/>\n<script type=\"application\/ld+json\" class=\"yoast-schema-graph\">{\"@context\":\"https:\\\/\\\/schema.org\",\"@graph\":[{\"@type\":\"WebPage\",\"@id\":\"https:\\\/\\\/ccc-ccc.ca\\\/fr\\\/2014-2015\\\/\",\"url\":\"https:\\\/\\\/ccc-ccc.ca\\\/fr\\\/2014-2015\\\/\",\"name\":\"2014-2015 - Ch\u0153ur du Centenaire canadien.\",\"isPartOf\":{\"@id\":\"https:\\\/\\\/ccc-ccc.ca\\\/#website\"},\"primaryImageOfPage\":{\"@id\":\"https:\\\/\\\/ccc-ccc.ca\\\/fr\\\/2014-2015\\\/#primaryimage\"},\"image\":{\"@id\":\"https:\\\/\\\/ccc-ccc.ca\\\/fr\\\/2014-2015\\\/#primaryimage\"},\"thumbnailUrl\":\"https:\\\/\\\/ccc-ccc.ca\\\/images\\\/2014\\\/2014_dec_poster_s.jpg\",\"datePublished\":\"2018-07-17T19:59:12+00:00\",\"dateModified\":\"2018-09-25T21:40:13+00:00\",\"breadcrumb\":{\"@id\":\"https:\\\/\\\/ccc-ccc.ca\\\/fr\\\/2014-2015\\\/#breadcrumb\"},\"inLanguage\":\"fr-FR\",\"potentialAction\":[{\"@type\":\"ReadAction\",\"target\":[\"https:\\\/\\\/ccc-ccc.ca\\\/fr\\\/2014-2015\\\/\"]}]},{\"@type\":\"ImageObject\",\"inLanguage\":\"fr-FR\",\"@id\":\"https:\\\/\\\/ccc-ccc.ca\\\/fr\\\/2014-2015\\\/#primaryimage\",\"url\":\"https:\\\/\\\/ccc-ccc.ca\\\/images\\\/2014\\\/2014_dec_poster_s.jpg\",\"contentUrl\":\"https:\\\/\\\/ccc-ccc.ca\\\/images\\\/2014\\\/2014_dec_poster_s.jpg\"},{\"@type\":\"BreadcrumbList\",\"@id\":\"https:\\\/\\\/ccc-ccc.ca\\\/fr\\\/2014-2015\\\/#breadcrumb\",\"itemListElement\":[{\"@type\":\"ListItem\",\"position\":1,\"name\":\"Home\",\"item\":\"https:\\\/\\\/ccc-ccc.ca\\\/fr\\\/\"},{\"@type\":\"ListItem\",\"position\":2,\"name\":\"2014-2015\"}]},{\"@type\":\"WebSite\",\"@id\":\"https:\\\/\\\/ccc-ccc.ca\\\/#website\",\"url\":\"https:\\\/\\\/ccc-ccc.ca\\\/\",\"name\":\"Ch\u0153ur du Centenaire canadien.\",\"description\":\"Non-profit community choir\",\"potentialAction\":[{\"@type\":\"SearchAction\",\"target\":{\"@type\":\"EntryPoint\",\"urlTemplate\":\"https:\\\/\\\/ccc-ccc.ca\\\/?s={search_term_string}\"},\"query-input\":{\"@type\":\"PropertyValueSpecification\",\"valueRequired\":true,\"valueName\":\"search_term_string\"}}],\"inLanguage\":\"fr-FR\"}]}<\/script>\n<!-- \/ Yoast SEO plugin. -->","yoast_head_json":{"title":"2014-2015 - Ch\u0153ur du Centenaire canadien.","robots":{"index":"index","follow":"follow","max-snippet":"max-snippet:-1","max-image-preview":"max-image-preview:large","max-video-preview":"max-video-preview:-1"},"canonical":"https:\/\/ccc-ccc.ca\/fr\/2014-2015\/","og_locale":"fr_FR","og_type":"article","og_title":"2014-2015 - Ch\u0153ur du Centenaire canadien.","og_description":"Saisons pass\u00e9es2014-2015 Messe de Minuit pour No\u00ebl Mardi 16 d\u00e9cembre 2014, 19 h 30 \u00c9glise Centretown United 507, rue Bank (angle de l\u2019avenue Argyle), Ottawa Affiche (cliquez pour agrandir) Nous ouvrons notre 47e\u00a0saison avec la merveilleuse\u00a0Messe de Minuit pour No\u00ebl\u00a0du compositeur baroque Marc-Antoine Charpentier (1634-1704). Cette oeuvre est bas\u00e9e sur 11 chants de No\u00ebl fran\u00e7ais&hellip;","og_url":"https:\/\/ccc-ccc.ca\/fr\/2014-2015\/","og_site_name":"Ch\u0153ur du Centenaire canadien.","article_modified_time":"2018-09-25T21:40:13+00:00","og_image":[{"url":"https:\/\/ccc-ccc.ca\/images\/2014\/2014_dec_poster_s.jpg","type":"","width":"","height":""}],"twitter_card":"summary_large_image","twitter_misc":{"Dur\u00e9e de lecture estim\u00e9e":"2 minutes"},"schema":{"@context":"https:\/\/schema.org","@graph":[{"@type":"WebPage","@id":"https:\/\/ccc-ccc.ca\/fr\/2014-2015\/","url":"https:\/\/ccc-ccc.ca\/fr\/2014-2015\/","name":"2014-2015 - Ch\u0153ur du Centenaire canadien.","isPartOf":{"@id":"https:\/\/ccc-ccc.ca\/#website"},"primaryImageOfPage":{"@id":"https:\/\/ccc-ccc.ca\/fr\/2014-2015\/#primaryimage"},"image":{"@id":"https:\/\/ccc-ccc.ca\/fr\/2014-2015\/#primaryimage"},"thumbnailUrl":"https:\/\/ccc-ccc.ca\/images\/2014\/2014_dec_poster_s.jpg","datePublished":"2018-07-17T19:59:12+00:00","dateModified":"2018-09-25T21:40:13+00:00","breadcrumb":{"@id":"https:\/\/ccc-ccc.ca\/fr\/2014-2015\/#breadcrumb"},"inLanguage":"fr-FR","potentialAction":[{"@type":"ReadAction","target":["https:\/\/ccc-ccc.ca\/fr\/2014-2015\/"]}]},{"@type":"ImageObject","inLanguage":"fr-FR","@id":"https:\/\/ccc-ccc.ca\/fr\/2014-2015\/#primaryimage","url":"https:\/\/ccc-ccc.ca\/images\/2014\/2014_dec_poster_s.jpg","contentUrl":"https:\/\/ccc-ccc.ca\/images\/2014\/2014_dec_poster_s.jpg"},{"@type":"BreadcrumbList","@id":"https:\/\/ccc-ccc.ca\/fr\/2014-2015\/#breadcrumb","itemListElement":[{"@type":"ListItem","position":1,"name":"Home","item":"https:\/\/ccc-ccc.ca\/fr\/"},{"@type":"ListItem","position":2,"name":"2014-2015"}]},{"@type":"WebSite","@id":"https:\/\/ccc-ccc.ca\/#website","url":"https:\/\/ccc-ccc.ca\/","name":"Ch\u0153ur du Centenaire canadien.","description":"Non-profit community choir","potentialAction":[{"@type":"SearchAction","target":{"@type":"EntryPoint","urlTemplate":"https:\/\/ccc-ccc.ca\/?s={search_term_string}"},"query-input":{"@type":"PropertyValueSpecification","valueRequired":true,"valueName":"search_term_string"}}],"inLanguage":"fr-FR"}]}},"_links":{"self":[{"href":"https:\/\/ccc-ccc.ca\/fr\/wp-json\/wp\/v2\/pages\/404","targetHints":{"allow":["GET"]}}],"collection":[{"href":"https:\/\/ccc-ccc.ca\/fr\/wp-json\/wp\/v2\/pages"}],"about":[{"href":"https:\/\/ccc-ccc.ca\/fr\/wp-json\/wp\/v2\/types\/page"}],"author":[{"embeddable":true,"href":"https:\/\/ccc-ccc.ca\/fr\/wp-json\/wp\/v2\/users\/1"}],"replies":[{"embeddable":true,"href":"https:\/\/ccc-ccc.ca\/fr\/wp-json\/wp\/v2\/comments?post=404"}],"version-history":[{"count":0,"href":"https:\/\/ccc-ccc.ca\/fr\/wp-json\/wp\/v2\/pages\/404\/revisions"}],"wp:attachment":[{"href":"https:\/\/ccc-ccc.ca\/fr\/wp-json\/wp\/v2\/media?parent=404"}],"curies":[{"name":"wp","href":"https:\/\/api.w.org\/{rel}","templated":true}]}}