{"id":407,"date":"2018-07-17T15:59:38","date_gmt":"2018-07-17T19:59:38","guid":{"rendered":"http:\/\/canadiancentennialchoir.flywheelsites.com\/2013-2014\/"},"modified":"2018-10-01T18:35:18","modified_gmt":"2018-10-01T22:35:18","slug":"2013-2014","status":"publish","type":"page","link":"https:\/\/ccc-ccc.ca\/fr\/2013-2014\/","title":{"rendered":"2013-2014"},"content":{"rendered":"<h1 >\tSaisons pass\u00e9es2013-2014<br \/>\n    <\/h1>\n<h2>Magnificat!<\/h2>\n<p>Mardi 17 d\u00e9cembre 2013 \u00e0 19 h 30<br \/>\n\u00c9glise Woodroffe United<br \/>\n207, avenue Woodroffe, Ottawa<\/p>\n<p>Affiche (cliquez pour agrandir)<\/p>\n<p><a href=\"https:\/\/ccc-ccc.ca\/images\/2013\/2013_dec_poster_l.jpg\"><img decoding=\"async\" src=\"https:\/\/ccc-ccc.ca\/images\/2013\/2013_dec_poster_s.jpg\" alt=\"image\" \/><\/a><\/p>\n<p>Nous lan\u00e7ons notre 46<sup>e<\/sup>\u00a0saison avec le <em>Magnificat<\/em>, de John Rutter, pour choeur \u00e0 quatre voix et orchestre, interpr\u00e9t\u00e9 avec la soprano soliste Kimberley Bentham. L\u2019oeuvre est une c\u00e9l\u00e9bration joyeuse de la Vierge Marie, inspir\u00e9e par des festivit\u00e9s marquant le jour de sa f\u00eate en Espagne, au Mexique et \u00e0 Porto Rico. Le programme comprend \u00e9galement\u00a0<i>S\u00e9r\u00e9nit\u00e9 (O magnum mysterium)\u00a0<\/i>et\u00a0<i>Gloria<\/i>\u00a0(avec piano \u00e0 quatre mains), du compositeur norv\u00e9gien Ola Gjeilo, et\u00a0<i>les Chants de la Nativit\u00e9\u00a0<\/i>du compositeur de la Colombie-Britannique, Stephen Chatman.<\/p>\n<p>&nbsp;<\/p>\n<h2>C\u2019est pourquoi je chante<\/h2>\n<p>Dimanche 9 mars 2014 \u00e0 15 h<br \/>\n\u00c9glise St. John the Evangelist<br \/>\n154, rue Somerset Ouest, Ottawa<\/p>\n<p>Affiche (cliquez pour agrandir)<\/p>\n<p><a href=\"https:\/\/ccc-ccc.ca\/images\/2014\/ccc_2014_mar_poster_l.jpg\"><img decoding=\"async\" src=\"https:\/\/ccc-ccc.ca\/images\/2014\/ccc_2014_mar_poster_s.jpg\" alt=\"image\" \/><\/a><\/p>\n<p>Le programme de ce concert, qui verra Nick Rodgerson au piano, se compose de pi\u00e8ces choisies par les membres de la chorale. Chaque membre a \u00e9t\u00e9 invit\u00e9 \u00e0 proposer deux de ses pi\u00e8ces pr\u00e9f\u00e9r\u00e9es du r\u00e9pertoire choral. Notre directrice a puis\u00e9 parmi ces propositions pour tisser un programme \u00e9mouvant et coh\u00e9rent. Venez entendre ce pourquoi nous chantons!<\/p>\n<p>&nbsp;<\/p>\n<h2>Tango du printemps<\/h2>\n<p>Samedi 3 mai 2014 \u00e0 19 h 30<br \/>\n\u00c9glise Southminster United<br \/>\n15, avenue Aylmer (angle rue Bank), Ottawa<\/p>\n<p>Affiche (cliquez pour agrandir)<\/p>\n<p><a href=\"https:\/\/ccc-ccc.ca\/images\/2014\/CCC_May_2014_l.jpg\"><img decoding=\"async\" src=\"https:\/\/ccc-ccc.ca\/images\/2014\/CCC_May_2014_s.jpg\" alt=\"image\" \/><\/a><\/p>\n<p>Ce concert pr\u00e9sentera la premi\u00e8re mondiale d\u2019une pi\u00e8ce pour choeur \u00e0 quatre voix et percussions du compositeur d\u2019Ottawa Nicholas Piper, command\u00e9e par le Choeur du Centenaire canadien. Nous accueillerons le printemps sur un air de tango avec la musique vigoureuse d\u2019Astor Piazzola, l\u2019\u00e9l\u00e9gant\u00a0<i>Tango to Evora<\/i>, de la Canadienne Loreena McKennitt, et\u00a0<i>Five Hebrew Love Songs<\/i>\u00a0(Cinq chansons d\u2019amour h\u00e9bra\u00efques), d\u2019Eric Whitacre, en compagnie du violoniste Sean Kemp.<\/p>\n<hr \/>\n<h6>\n\t\tSaisons pass\u00e9es<br \/>\n\t<\/h6>\n","protected":false},"excerpt":{"rendered":"<p>Saisons pass\u00e9es2013-2014 Magnificat! Mardi 17 d\u00e9cembre 2013 \u00e0 19 h 30 \u00c9glise Woodroffe United 207, avenue Woodroffe, Ottawa Affiche (cliquez pour agrandir) Nous lan\u00e7ons notre 46e\u00a0saison avec le Magnificat, de John Rutter, pour choeur \u00e0 quatre voix et orchestre, interpr\u00e9t\u00e9 avec la soprano soliste Kimberley Bentham. L\u2019oeuvre est une c\u00e9l\u00e9bration joyeuse de la Vierge Marie,&hellip;<\/p>\n","protected":false},"author":1,"featured_media":0,"parent":0,"menu_order":0,"comment_status":"closed","ping_status":"closed","template":"","meta":{"_acf_changed":false,"_monsterinsights_skip_tracking":false,"_monsterinsights_sitenote_active":false,"_monsterinsights_sitenote_note":"","_monsterinsights_sitenote_category":0,"footnotes":""},"class_list":["post-407","page","type-page","status-publish","hentry"],"acf":[],"yoast_head":"<!-- This site is optimized with the Yoast SEO plugin v27.3 - https:\/\/yoast.com\/product\/yoast-seo-wordpress\/ -->\n<title>2013-2014 - Ch\u0153ur du Centenaire canadien.<\/title>\n<meta name=\"robots\" content=\"index, follow, max-snippet:-1, max-image-preview:large, max-video-preview:-1\" \/>\n<link rel=\"canonical\" href=\"https:\/\/ccc-ccc.ca\/fr\/2013-2014\/\" \/>\n<meta property=\"og:locale\" content=\"fr_FR\" \/>\n<meta property=\"og:type\" content=\"article\" \/>\n<meta property=\"og:title\" content=\"2013-2014 - Ch\u0153ur du Centenaire canadien.\" \/>\n<meta property=\"og:description\" content=\"Saisons pass\u00e9es2013-2014 Magnificat! Mardi 17 d\u00e9cembre 2013 \u00e0 19 h 30 \u00c9glise Woodroffe United 207, avenue Woodroffe, Ottawa Affiche (cliquez pour agrandir) Nous lan\u00e7ons notre 46e\u00a0saison avec le Magnificat, de John Rutter, pour choeur \u00e0 quatre voix et orchestre, interpr\u00e9t\u00e9 avec la soprano soliste Kimberley Bentham. L\u2019oeuvre est une c\u00e9l\u00e9bration joyeuse de la Vierge Marie,&hellip;\" \/>\n<meta property=\"og:url\" content=\"https:\/\/ccc-ccc.ca\/fr\/2013-2014\/\" \/>\n<meta property=\"og:site_name\" content=\"Ch\u0153ur du Centenaire canadien.\" \/>\n<meta property=\"article:modified_time\" content=\"2018-10-01T22:35:18+00:00\" \/>\n<meta property=\"og:image\" content=\"https:\/\/ccc-ccc.ca\/images\/2013\/2013_dec_poster_s.jpg\" \/>\n<meta name=\"twitter:card\" content=\"summary_large_image\" \/>\n<meta name=\"twitter:label1\" content=\"Dur\u00e9e de lecture estim\u00e9e\" \/>\n\t<meta name=\"twitter:data1\" content=\"2 minutes\" \/>\n<script type=\"application\/ld+json\" class=\"yoast-schema-graph\">{\"@context\":\"https:\\\/\\\/schema.org\",\"@graph\":[{\"@type\":\"WebPage\",\"@id\":\"https:\\\/\\\/ccc-ccc.ca\\\/fr\\\/2013-2014\\\/\",\"url\":\"https:\\\/\\\/ccc-ccc.ca\\\/fr\\\/2013-2014\\\/\",\"name\":\"2013-2014 - Ch\u0153ur du Centenaire canadien.\",\"isPartOf\":{\"@id\":\"https:\\\/\\\/ccc-ccc.ca\\\/#website\"},\"primaryImageOfPage\":{\"@id\":\"https:\\\/\\\/ccc-ccc.ca\\\/fr\\\/2013-2014\\\/#primaryimage\"},\"image\":{\"@id\":\"https:\\\/\\\/ccc-ccc.ca\\\/fr\\\/2013-2014\\\/#primaryimage\"},\"thumbnailUrl\":\"https:\\\/\\\/ccc-ccc.ca\\\/images\\\/2013\\\/2013_dec_poster_s.jpg\",\"datePublished\":\"2018-07-17T19:59:38+00:00\",\"dateModified\":\"2018-10-01T22:35:18+00:00\",\"breadcrumb\":{\"@id\":\"https:\\\/\\\/ccc-ccc.ca\\\/fr\\\/2013-2014\\\/#breadcrumb\"},\"inLanguage\":\"fr-FR\",\"potentialAction\":[{\"@type\":\"ReadAction\",\"target\":[\"https:\\\/\\\/ccc-ccc.ca\\\/fr\\\/2013-2014\\\/\"]}]},{\"@type\":\"ImageObject\",\"inLanguage\":\"fr-FR\",\"@id\":\"https:\\\/\\\/ccc-ccc.ca\\\/fr\\\/2013-2014\\\/#primaryimage\",\"url\":\"https:\\\/\\\/ccc-ccc.ca\\\/images\\\/2013\\\/2013_dec_poster_s.jpg\",\"contentUrl\":\"https:\\\/\\\/ccc-ccc.ca\\\/images\\\/2013\\\/2013_dec_poster_s.jpg\"},{\"@type\":\"BreadcrumbList\",\"@id\":\"https:\\\/\\\/ccc-ccc.ca\\\/fr\\\/2013-2014\\\/#breadcrumb\",\"itemListElement\":[{\"@type\":\"ListItem\",\"position\":1,\"name\":\"Home\",\"item\":\"https:\\\/\\\/ccc-ccc.ca\\\/fr\\\/\"},{\"@type\":\"ListItem\",\"position\":2,\"name\":\"2013-2014\"}]},{\"@type\":\"WebSite\",\"@id\":\"https:\\\/\\\/ccc-ccc.ca\\\/#website\",\"url\":\"https:\\\/\\\/ccc-ccc.ca\\\/\",\"name\":\"Ch\u0153ur du Centenaire canadien.\",\"description\":\"Non-profit community choir\",\"potentialAction\":[{\"@type\":\"SearchAction\",\"target\":{\"@type\":\"EntryPoint\",\"urlTemplate\":\"https:\\\/\\\/ccc-ccc.ca\\\/?s={search_term_string}\"},\"query-input\":{\"@type\":\"PropertyValueSpecification\",\"valueRequired\":true,\"valueName\":\"search_term_string\"}}],\"inLanguage\":\"fr-FR\"}]}<\/script>\n<!-- \/ Yoast SEO plugin. -->","yoast_head_json":{"title":"2013-2014 - Ch\u0153ur du Centenaire canadien.","robots":{"index":"index","follow":"follow","max-snippet":"max-snippet:-1","max-image-preview":"max-image-preview:large","max-video-preview":"max-video-preview:-1"},"canonical":"https:\/\/ccc-ccc.ca\/fr\/2013-2014\/","og_locale":"fr_FR","og_type":"article","og_title":"2013-2014 - Ch\u0153ur du Centenaire canadien.","og_description":"Saisons pass\u00e9es2013-2014 Magnificat! Mardi 17 d\u00e9cembre 2013 \u00e0 19 h 30 \u00c9glise Woodroffe United 207, avenue Woodroffe, Ottawa Affiche (cliquez pour agrandir) Nous lan\u00e7ons notre 46e\u00a0saison avec le Magnificat, de John Rutter, pour choeur \u00e0 quatre voix et orchestre, interpr\u00e9t\u00e9 avec la soprano soliste Kimberley Bentham. L\u2019oeuvre est une c\u00e9l\u00e9bration joyeuse de la Vierge Marie,&hellip;","og_url":"https:\/\/ccc-ccc.ca\/fr\/2013-2014\/","og_site_name":"Ch\u0153ur du Centenaire canadien.","article_modified_time":"2018-10-01T22:35:18+00:00","og_image":[{"url":"https:\/\/ccc-ccc.ca\/images\/2013\/2013_dec_poster_s.jpg","type":"","width":"","height":""}],"twitter_card":"summary_large_image","twitter_misc":{"Dur\u00e9e de lecture estim\u00e9e":"2 minutes"},"schema":{"@context":"https:\/\/schema.org","@graph":[{"@type":"WebPage","@id":"https:\/\/ccc-ccc.ca\/fr\/2013-2014\/","url":"https:\/\/ccc-ccc.ca\/fr\/2013-2014\/","name":"2013-2014 - Ch\u0153ur du Centenaire canadien.","isPartOf":{"@id":"https:\/\/ccc-ccc.ca\/#website"},"primaryImageOfPage":{"@id":"https:\/\/ccc-ccc.ca\/fr\/2013-2014\/#primaryimage"},"image":{"@id":"https:\/\/ccc-ccc.ca\/fr\/2013-2014\/#primaryimage"},"thumbnailUrl":"https:\/\/ccc-ccc.ca\/images\/2013\/2013_dec_poster_s.jpg","datePublished":"2018-07-17T19:59:38+00:00","dateModified":"2018-10-01T22:35:18+00:00","breadcrumb":{"@id":"https:\/\/ccc-ccc.ca\/fr\/2013-2014\/#breadcrumb"},"inLanguage":"fr-FR","potentialAction":[{"@type":"ReadAction","target":["https:\/\/ccc-ccc.ca\/fr\/2013-2014\/"]}]},{"@type":"ImageObject","inLanguage":"fr-FR","@id":"https:\/\/ccc-ccc.ca\/fr\/2013-2014\/#primaryimage","url":"https:\/\/ccc-ccc.ca\/images\/2013\/2013_dec_poster_s.jpg","contentUrl":"https:\/\/ccc-ccc.ca\/images\/2013\/2013_dec_poster_s.jpg"},{"@type":"BreadcrumbList","@id":"https:\/\/ccc-ccc.ca\/fr\/2013-2014\/#breadcrumb","itemListElement":[{"@type":"ListItem","position":1,"name":"Home","item":"https:\/\/ccc-ccc.ca\/fr\/"},{"@type":"ListItem","position":2,"name":"2013-2014"}]},{"@type":"WebSite","@id":"https:\/\/ccc-ccc.ca\/#website","url":"https:\/\/ccc-ccc.ca\/","name":"Ch\u0153ur du Centenaire canadien.","description":"Non-profit community choir","potentialAction":[{"@type":"SearchAction","target":{"@type":"EntryPoint","urlTemplate":"https:\/\/ccc-ccc.ca\/?s={search_term_string}"},"query-input":{"@type":"PropertyValueSpecification","valueRequired":true,"valueName":"search_term_string"}}],"inLanguage":"fr-FR"}]}},"_links":{"self":[{"href":"https:\/\/ccc-ccc.ca\/fr\/wp-json\/wp\/v2\/pages\/407","targetHints":{"allow":["GET"]}}],"collection":[{"href":"https:\/\/ccc-ccc.ca\/fr\/wp-json\/wp\/v2\/pages"}],"about":[{"href":"https:\/\/ccc-ccc.ca\/fr\/wp-json\/wp\/v2\/types\/page"}],"author":[{"embeddable":true,"href":"https:\/\/ccc-ccc.ca\/fr\/wp-json\/wp\/v2\/users\/1"}],"replies":[{"embeddable":true,"href":"https:\/\/ccc-ccc.ca\/fr\/wp-json\/wp\/v2\/comments?post=407"}],"version-history":[{"count":0,"href":"https:\/\/ccc-ccc.ca\/fr\/wp-json\/wp\/v2\/pages\/407\/revisions"}],"wp:attachment":[{"href":"https:\/\/ccc-ccc.ca\/fr\/wp-json\/wp\/v2\/media?parent=407"}],"curies":[{"name":"wp","href":"https:\/\/api.w.org\/{rel}","templated":true}]}}