{"id":41,"date":"2018-06-26T13:35:16","date_gmt":"2018-06-26T13:35:16","guid":{"rendered":"http:\/\/canadiancentennialchoir.flywheelsites.com\/?page_id=41"},"modified":"2023-12-11T13:17:50","modified_gmt":"2023-12-11T18:17:50","slug":"directrice-marg-stubington","status":"publish","type":"page","link":"https:\/\/ccc-ccc.ca\/fr\/directrice-marg-stubington\/","title":{"rendered":"Directrice, Marg Stubington"},"content":{"rendered":"\n<h1>\n\t\tDirectrice\n\t<\/h1>\n\t<h3><strong>Marg\u00a0Stubington\u00a0&#8211; directrice musicale<\/strong><\/h3>\n<p><img loading=\"lazy\" decoding=\"async\" src=\"https:\/\/ccc-ccc.ca\/wp-content\/uploads\/2022\/10\/marg_s-195x300-1.jpg\" alt=\"\" width=\"195\" height=\"300\" \/><\/p>\n<p>Active \u00e0 titre de chef de choeur, de pianiste et d&rsquo;\u00e9ducatrice, Marg Stubington est la directrice musicale du Choeur du Centenaire canadien (nomm\u00e9e \u00e0 l&rsquo;automne 2009) et de l&rsquo;\u00e9glise First United \u00e0 Ottawa (depuis 2013).<\/p>\n<p>Au cours des 25 derni\u00e8res ann\u00e9es, Marg a dirig\u00e9 divers choeurs \u00e0 Ottawa : Vox Femina\u00a0 (fondatrice), Musica Viva Singers, Tone Cluster &#8211; quite a queer choir, Le choeur gai d&rsquo;Ottawa, le choeur de l&rsquo;\u00e9glise Glebe-St. James United et le Ottawa Regional Youth Choir. Elle agit r\u00e9guli\u00e8rement \u00e0 titre de clinicienne de choeur \u00e0 l&rsquo;\u00e9cole secondaire Canterbury \u00e0 Ottawa et \u00e0 l&rsquo;\u00e9cole secondaire catholique St. Michael&rsquo;s \u00e0 Kemptville. Elle a \u00e9galement anim\u00e9 des ateliers avec le Ottawa Brahms Choir, Musica Ebraica et le Arnprior Community Chorus.<\/p>\n<p>Dipl\u00f4m\u00e9e de l&rsquo;Universit\u00e9 McGill (baccalaur\u00e9at en musique : piano) et de l&rsquo;Universit\u00e9 d&rsquo;Ottawa (baccalaur\u00e9at en \u00e9ducation : pr\u00e9scolaire et primaire), Marg insuffle une passion et une \u00e9nergie cr\u00e9ative \u00e0 son travail. Entre autres r\u00e9alisations, Marg a \u00e9labor\u00e9 et dirig\u00e9 pendant ses trois premi\u00e8res ann\u00e9es (2007-2010) le\u00a0 programme de choeur d&rsquo;enfants KidSingers, qui continue d&rsquo;\u00eatre un ensemble prosp\u00e8re int\u00e9gr\u00e9 \u00e0 Orkidstra-Sistema Ottawa, un programme prim\u00e9 de bienfaisance ax\u00e9 sur le d\u00e9veloppement social.<\/p>\n<p>Collaboratrice active de CAMMAC (Canadian Amateur Musicians, Musiciens amateurs du Canada) comme jeune musicienne et maintenant \u00e0 titre de membre du corps enseignant, Marg dirige r\u00e9guli\u00e8rement le choeur et l&rsquo;orchestre pour le concert annuel de CAMMAC Ottawa-Gatineau. En 2019 et en 2022, en\u00a0 collaboration avec CAMMAC Ottawa-Gatineau, elle a dirig\u00e9 le programme du Ottawa Valley Music Festival, \u00e0 Arnprior.<\/p>\n<p>En mars 2018, Marg se trouvait parmi les six directrices et directeurs choisis pour participer au tout premier atelier de direction chorale Amadeus anim\u00e9 par Lydia Adams, chef d&rsquo;orchestre et directrice musicale du Amadeus Choir \u00e0 Toronto.<\/p>\n<p>Marg a encourag\u00e9 la commande d&rsquo;oeuvres chorales de compositrices et compositeurs canadiens et l&rsquo;interpr\u00e9tation en premi\u00e8re de ces oeuvres, notamment : World Music Suite Three (2010) de Donald Patriquin avec les Musica Viva Singers, ainsi que Nisi Pontus et Aer, Nothing But Sea and Sky (2014) de Nick Piper et In Song (2017) de Laura Hawley avec le Choeur du Centenaire canadien.<\/p>\n\n","protected":false},"excerpt":{"rendered":"<p>Directrice Marg\u00a0Stubington\u00a0&#8211; directrice musicale Active \u00e0 titre de chef de choeur, de pianiste et d&rsquo;\u00e9ducatrice, Marg Stubington est la directrice musicale du Choeur du Centenaire canadien (nomm\u00e9e \u00e0 l&rsquo;automne 2009) et de l&rsquo;\u00e9glise First United \u00e0 Ottawa (depuis 2013). Au cours des 25 derni\u00e8res ann\u00e9es, Marg a dirig\u00e9 divers choeurs \u00e0 Ottawa : Vox Femina\u00a0&hellip;<\/p>\n","protected":false},"author":1,"featured_media":0,"parent":0,"menu_order":0,"comment_status":"closed","ping_status":"closed","template":"","meta":{"_acf_changed":false,"_monsterinsights_skip_tracking":false,"_monsterinsights_sitenote_active":false,"_monsterinsights_sitenote_note":"","_monsterinsights_sitenote_category":0,"footnotes":""},"class_list":["post-41","page","type-page","status-publish","hentry"],"acf":[],"yoast_head":"<!-- This site is optimized with the Yoast SEO plugin v27.3 - https:\/\/yoast.com\/product\/yoast-seo-wordpress\/ -->\n<title>Directrice, Marg Stubington - Ch\u0153ur du Centenaire canadien.<\/title>\n<meta name=\"robots\" content=\"index, follow, max-snippet:-1, max-image-preview:large, max-video-preview:-1\" \/>\n<link rel=\"canonical\" href=\"https:\/\/ccc-ccc.ca\/fr\/directrice-marg-stubington\/\" \/>\n<meta property=\"og:locale\" content=\"fr_FR\" \/>\n<meta property=\"og:type\" content=\"article\" \/>\n<meta property=\"og:title\" content=\"Directrice, Marg Stubington - Ch\u0153ur du Centenaire canadien.\" \/>\n<meta property=\"og:description\" content=\"Directrice Marg\u00a0Stubington\u00a0&#8211; directrice musicale Active \u00e0 titre de chef de choeur, de pianiste et d&rsquo;\u00e9ducatrice, Marg Stubington est la directrice musicale du Choeur du Centenaire canadien (nomm\u00e9e \u00e0 l&rsquo;automne 2009) et de l&rsquo;\u00e9glise First United \u00e0 Ottawa (depuis 2013). Au cours des 25 derni\u00e8res ann\u00e9es, Marg a dirig\u00e9 divers choeurs \u00e0 Ottawa : Vox Femina\u00a0&hellip;\" \/>\n<meta property=\"og:url\" content=\"https:\/\/ccc-ccc.ca\/fr\/directrice-marg-stubington\/\" \/>\n<meta property=\"og:site_name\" content=\"Ch\u0153ur du Centenaire canadien.\" \/>\n<meta property=\"article:modified_time\" content=\"2023-12-11T18:17:50+00:00\" \/>\n<meta property=\"og:image\" content=\"https:\/\/ccc-ccc.ca\/wp-content\/uploads\/2022\/10\/marg_s-195x300-1.jpg\" \/>\n<meta name=\"twitter:card\" content=\"summary_large_image\" \/>\n<meta name=\"twitter:label1\" content=\"Dur\u00e9e de lecture estim\u00e9e\" \/>\n\t<meta name=\"twitter:data1\" content=\"2 minutes\" \/>\n<script type=\"application\/ld+json\" class=\"yoast-schema-graph\">{\"@context\":\"https:\\\/\\\/schema.org\",\"@graph\":[{\"@type\":\"WebPage\",\"@id\":\"https:\\\/\\\/ccc-ccc.ca\\\/fr\\\/directrice-marg-stubington\\\/\",\"url\":\"https:\\\/\\\/ccc-ccc.ca\\\/fr\\\/directrice-marg-stubington\\\/\",\"name\":\"Directrice, Marg Stubington - Ch\u0153ur du Centenaire canadien.\",\"isPartOf\":{\"@id\":\"https:\\\/\\\/ccc-ccc.ca\\\/#website\"},\"primaryImageOfPage\":{\"@id\":\"https:\\\/\\\/ccc-ccc.ca\\\/fr\\\/directrice-marg-stubington\\\/#primaryimage\"},\"image\":{\"@id\":\"https:\\\/\\\/ccc-ccc.ca\\\/fr\\\/directrice-marg-stubington\\\/#primaryimage\"},\"thumbnailUrl\":\"https:\\\/\\\/ccc-ccc.ca\\\/wp-content\\\/uploads\\\/2022\\\/10\\\/marg_s-195x300-1.jpg\",\"datePublished\":\"2018-06-26T13:35:16+00:00\",\"dateModified\":\"2023-12-11T18:17:50+00:00\",\"breadcrumb\":{\"@id\":\"https:\\\/\\\/ccc-ccc.ca\\\/fr\\\/directrice-marg-stubington\\\/#breadcrumb\"},\"inLanguage\":\"fr-FR\",\"potentialAction\":[{\"@type\":\"ReadAction\",\"target\":[\"https:\\\/\\\/ccc-ccc.ca\\\/fr\\\/directrice-marg-stubington\\\/\"]}]},{\"@type\":\"ImageObject\",\"inLanguage\":\"fr-FR\",\"@id\":\"https:\\\/\\\/ccc-ccc.ca\\\/fr\\\/directrice-marg-stubington\\\/#primaryimage\",\"url\":\"https:\\\/\\\/ccc-ccc.ca\\\/wp-content\\\/uploads\\\/2022\\\/10\\\/marg_s-195x300-1.jpg\",\"contentUrl\":\"https:\\\/\\\/ccc-ccc.ca\\\/wp-content\\\/uploads\\\/2022\\\/10\\\/marg_s-195x300-1.jpg\"},{\"@type\":\"BreadcrumbList\",\"@id\":\"https:\\\/\\\/ccc-ccc.ca\\\/fr\\\/directrice-marg-stubington\\\/#breadcrumb\",\"itemListElement\":[{\"@type\":\"ListItem\",\"position\":1,\"name\":\"Home\",\"item\":\"https:\\\/\\\/ccc-ccc.ca\\\/fr\\\/\"},{\"@type\":\"ListItem\",\"position\":2,\"name\":\"Directrice, Marg Stubington\"}]},{\"@type\":\"WebSite\",\"@id\":\"https:\\\/\\\/ccc-ccc.ca\\\/#website\",\"url\":\"https:\\\/\\\/ccc-ccc.ca\\\/\",\"name\":\"Ch\u0153ur du Centenaire canadien.\",\"description\":\"Non-profit community choir\",\"potentialAction\":[{\"@type\":\"SearchAction\",\"target\":{\"@type\":\"EntryPoint\",\"urlTemplate\":\"https:\\\/\\\/ccc-ccc.ca\\\/?s={search_term_string}\"},\"query-input\":{\"@type\":\"PropertyValueSpecification\",\"valueRequired\":true,\"valueName\":\"search_term_string\"}}],\"inLanguage\":\"fr-FR\"}]}<\/script>\n<!-- \/ Yoast SEO plugin. -->","yoast_head_json":{"title":"Directrice, Marg Stubington - Ch\u0153ur du Centenaire canadien.","robots":{"index":"index","follow":"follow","max-snippet":"max-snippet:-1","max-image-preview":"max-image-preview:large","max-video-preview":"max-video-preview:-1"},"canonical":"https:\/\/ccc-ccc.ca\/fr\/directrice-marg-stubington\/","og_locale":"fr_FR","og_type":"article","og_title":"Directrice, Marg Stubington - Ch\u0153ur du Centenaire canadien.","og_description":"Directrice Marg\u00a0Stubington\u00a0&#8211; directrice musicale Active \u00e0 titre de chef de choeur, de pianiste et d&rsquo;\u00e9ducatrice, Marg Stubington est la directrice musicale du Choeur du Centenaire canadien (nomm\u00e9e \u00e0 l&rsquo;automne 2009) et de l&rsquo;\u00e9glise First United \u00e0 Ottawa (depuis 2013). Au cours des 25 derni\u00e8res ann\u00e9es, Marg a dirig\u00e9 divers choeurs \u00e0 Ottawa : Vox Femina\u00a0&hellip;","og_url":"https:\/\/ccc-ccc.ca\/fr\/directrice-marg-stubington\/","og_site_name":"Ch\u0153ur du Centenaire canadien.","article_modified_time":"2023-12-11T18:17:50+00:00","og_image":[{"url":"https:\/\/ccc-ccc.ca\/wp-content\/uploads\/2022\/10\/marg_s-195x300-1.jpg","type":"","width":"","height":""}],"twitter_card":"summary_large_image","twitter_misc":{"Dur\u00e9e de lecture estim\u00e9e":"2 minutes"},"schema":{"@context":"https:\/\/schema.org","@graph":[{"@type":"WebPage","@id":"https:\/\/ccc-ccc.ca\/fr\/directrice-marg-stubington\/","url":"https:\/\/ccc-ccc.ca\/fr\/directrice-marg-stubington\/","name":"Directrice, Marg Stubington - Ch\u0153ur du Centenaire canadien.","isPartOf":{"@id":"https:\/\/ccc-ccc.ca\/#website"},"primaryImageOfPage":{"@id":"https:\/\/ccc-ccc.ca\/fr\/directrice-marg-stubington\/#primaryimage"},"image":{"@id":"https:\/\/ccc-ccc.ca\/fr\/directrice-marg-stubington\/#primaryimage"},"thumbnailUrl":"https:\/\/ccc-ccc.ca\/wp-content\/uploads\/2022\/10\/marg_s-195x300-1.jpg","datePublished":"2018-06-26T13:35:16+00:00","dateModified":"2023-12-11T18:17:50+00:00","breadcrumb":{"@id":"https:\/\/ccc-ccc.ca\/fr\/directrice-marg-stubington\/#breadcrumb"},"inLanguage":"fr-FR","potentialAction":[{"@type":"ReadAction","target":["https:\/\/ccc-ccc.ca\/fr\/directrice-marg-stubington\/"]}]},{"@type":"ImageObject","inLanguage":"fr-FR","@id":"https:\/\/ccc-ccc.ca\/fr\/directrice-marg-stubington\/#primaryimage","url":"https:\/\/ccc-ccc.ca\/wp-content\/uploads\/2022\/10\/marg_s-195x300-1.jpg","contentUrl":"https:\/\/ccc-ccc.ca\/wp-content\/uploads\/2022\/10\/marg_s-195x300-1.jpg"},{"@type":"BreadcrumbList","@id":"https:\/\/ccc-ccc.ca\/fr\/directrice-marg-stubington\/#breadcrumb","itemListElement":[{"@type":"ListItem","position":1,"name":"Home","item":"https:\/\/ccc-ccc.ca\/fr\/"},{"@type":"ListItem","position":2,"name":"Directrice, Marg Stubington"}]},{"@type":"WebSite","@id":"https:\/\/ccc-ccc.ca\/#website","url":"https:\/\/ccc-ccc.ca\/","name":"Ch\u0153ur du Centenaire canadien.","description":"Non-profit community choir","potentialAction":[{"@type":"SearchAction","target":{"@type":"EntryPoint","urlTemplate":"https:\/\/ccc-ccc.ca\/?s={search_term_string}"},"query-input":{"@type":"PropertyValueSpecification","valueRequired":true,"valueName":"search_term_string"}}],"inLanguage":"fr-FR"}]}},"_links":{"self":[{"href":"https:\/\/ccc-ccc.ca\/fr\/wp-json\/wp\/v2\/pages\/41","targetHints":{"allow":["GET"]}}],"collection":[{"href":"https:\/\/ccc-ccc.ca\/fr\/wp-json\/wp\/v2\/pages"}],"about":[{"href":"https:\/\/ccc-ccc.ca\/fr\/wp-json\/wp\/v2\/types\/page"}],"author":[{"embeddable":true,"href":"https:\/\/ccc-ccc.ca\/fr\/wp-json\/wp\/v2\/users\/1"}],"replies":[{"embeddable":true,"href":"https:\/\/ccc-ccc.ca\/fr\/wp-json\/wp\/v2\/comments?post=41"}],"version-history":[{"count":0,"href":"https:\/\/ccc-ccc.ca\/fr\/wp-json\/wp\/v2\/pages\/41\/revisions"}],"wp:attachment":[{"href":"https:\/\/ccc-ccc.ca\/fr\/wp-json\/wp\/v2\/media?parent=41"}],"curies":[{"name":"wp","href":"https:\/\/api.w.org\/{rel}","templated":true}]}}