{"id":414,"date":"2018-06-26T13:35:16","date_gmt":"2018-06-26T13:35:16","guid":{"rendered":"http:\/\/canadiancentennialchoir.flywheelsites.com\/friends-of-the-choir\/"},"modified":"2025-11-11T00:53:57","modified_gmt":"2025-11-11T05:53:57","slug":"dons","status":"publish","type":"page","link":"https:\/\/ccc-ccc.ca\/fr\/dons\/","title":{"rendered":"Faire un don"},"content":{"rendered":"\n<h1>\n\t\t\tFaire un don\t<\/h1>\n\t<p>Appuyez le Ch\u0153ur du Centenaire canadien cette ann\u00e9e. Il y a six niveaux de soutien.<\/p>\n<p><em>Pour tout don, un re\u00e7u officiel sera \u00e9mis au nom du donateur. Tous les donateurs sont reconnus dans nos programmes de concerts.<\/em><\/p>\n<h3>\n\t\t\t<em>Cercle de la directrice<\/em>\t<\/h3>\n\t<p>1 000 $ et plus<\/p>\n<h3>\n\t\t\t<em>Soutien de la maestro<\/em>\t<\/h3>\n\t<p>750 $-999 $<\/p>\n<h3>\n\t\t\t<em>Bienfaiteur\/ bienfaitrice<\/em>\t<\/h3>\n\t<p>500 $-749 $<\/p>\n<h3>\n\t\t\t<em>M\u00e9c\u00e8ne<\/em>\t<\/h3>\n\t<p>250 $-499 $<\/p>\n<h3>\n\t\t\t<em>Associ\u00e9\/ associ\u00e9e<\/em>\t<\/h3>\n\t<p>100 $-249 $<\/p>\n<h3>\n\t\t\t<em>Donateur\/ donatrice<\/em>\t<\/h3>\n\t<p>10 $-99 $<\/p>\n\t<h2>Vous pouvez nous appuyer en :<\/h2>\n\t<h3>Postant un cheque au :<\/h3>\n<article id=\"fl-post-425\">\nCh\u0153ur du Centenaire canadien<br \/>\nC.P. 83046, surccursale Bank et Walkley,<br \/>\nOttawa, ON, K1V 1A3\n<\/article>\n\t<p><strong>OU<\/strong><\/p>\n\t<h3><a href=\"https:\/\/www.zeffy.com\/en-CA\/donation-form\/donate-to-support-ccc\" target=\"_blank\" rel=\"noopener\">Faisant un don en ligne par l&rsquo;entremise de Zeffy.<\/a><\/h3>\n<p>CCC utilise d\u00e9sormais la plateforme de collecte de fonds Zeffy, qui fournit un service totalement gratuit aux organisations caritatives. Zeffy ne facture aucun frais au CCC pour sa plateforme ou son utilisation. Au lieu de cela, Zeffy compte sur des pourboires volontaires et optionnels des donateurs\u00b7trices pour couvrir les co\u00fbts op\u00e9rationnels, nous permettant de conserver 100 % des fonds re\u00e7us.<\/p>\n<p>Notez qu&rsquo;il n&rsquo;y a\u00a0<u>aucune obligation<\/u>\u00a0de faire un don \u00e0 Zeffy en plus de votre don au CCC.<\/p>\n\t<p><strong>Quelle que soit la voie que vous empruntez, sachez que vos dons sont tr\u00e8s appr\u00e9ci\u00e9s et aident \u00e0 promouvoir la musique et des musiciens canadiens.<\/strong><\/p>\n<p><em><strong>Si vous faites un don \u00e0 la m\u00e9moire d&rsquo;un \u00eatre cher ou d&rsquo;un ami, veuillez indiquer son nom, et si vous le souhaitez, votre relation avec lui. Cette information figurera dans nos programmes de concert pendant un an.<\/strong><\/em><\/p>\n<h4>Num\u00e9ro d&rsquo;enregistrement d&rsquo;organisme de bienfaisance &#8211; 11882 9993 RR0001<\/h4>\n\n","protected":false},"excerpt":{"rendered":"<p>Faire un don Appuyez le Ch\u0153ur du Centenaire canadien cette ann\u00e9e. Il y a six niveaux de soutien. Pour tout don, un re\u00e7u officiel sera \u00e9mis au nom du donateur. Tous les donateurs sont reconnus dans nos programmes de concerts. Cercle de la directrice 1 000 $ et plus Soutien de la maestro 750 $-999&hellip;<\/p>\n","protected":false},"author":1,"featured_media":0,"parent":0,"menu_order":0,"comment_status":"closed","ping_status":"closed","template":"","meta":{"_acf_changed":false,"_monsterinsights_skip_tracking":false,"_monsterinsights_sitenote_active":false,"_monsterinsights_sitenote_note":"","_monsterinsights_sitenote_category":0,"footnotes":""},"class_list":["post-414","page","type-page","status-publish","hentry"],"acf":[],"yoast_head":"<!-- This site is optimized with the Yoast SEO plugin v27.4 - https:\/\/yoast.com\/product\/yoast-seo-wordpress\/ -->\n<title>Faire un don - Ch\u0153ur du Centenaire canadien.<\/title>\n<meta name=\"robots\" content=\"index, follow, max-snippet:-1, max-image-preview:large, max-video-preview:-1\" \/>\n<link rel=\"canonical\" href=\"https:\/\/ccc-ccc.ca\/fr\/dons\/\" \/>\n<meta property=\"og:locale\" content=\"fr_FR\" \/>\n<meta property=\"og:type\" content=\"article\" \/>\n<meta property=\"og:title\" content=\"Faire un don - Ch\u0153ur du Centenaire canadien.\" \/>\n<meta property=\"og:description\" content=\"Faire un don Appuyez le Ch\u0153ur du Centenaire canadien cette ann\u00e9e. Il y a six niveaux de soutien. Pour tout don, un re\u00e7u officiel sera \u00e9mis au nom du donateur. Tous les donateurs sont reconnus dans nos programmes de concerts. Cercle de la directrice 1 000 $ et plus Soutien de la maestro 750 $-999&hellip;\" \/>\n<meta property=\"og:url\" content=\"https:\/\/ccc-ccc.ca\/fr\/dons\/\" \/>\n<meta property=\"og:site_name\" content=\"Ch\u0153ur du Centenaire canadien.\" \/>\n<meta property=\"article:modified_time\" content=\"2025-11-11T05:53:57+00:00\" \/>\n<meta name=\"twitter:card\" content=\"summary_large_image\" \/>\n<meta name=\"twitter:label1\" content=\"Dur\u00e9e de lecture estim\u00e9e\" \/>\n\t<meta name=\"twitter:data1\" content=\"1 minute\" \/>\n<script type=\"application\/ld+json\" class=\"yoast-schema-graph\">{\"@context\":\"https:\\\/\\\/schema.org\",\"@graph\":[{\"@type\":\"WebPage\",\"@id\":\"https:\\\/\\\/ccc-ccc.ca\\\/fr\\\/dons\\\/\",\"url\":\"https:\\\/\\\/ccc-ccc.ca\\\/fr\\\/dons\\\/\",\"name\":\"Faire un don - Ch\u0153ur du Centenaire canadien.\",\"isPartOf\":{\"@id\":\"https:\\\/\\\/ccc-ccc.ca\\\/#website\"},\"datePublished\":\"2018-06-26T13:35:16+00:00\",\"dateModified\":\"2025-11-11T05:53:57+00:00\",\"breadcrumb\":{\"@id\":\"https:\\\/\\\/ccc-ccc.ca\\\/fr\\\/dons\\\/#breadcrumb\"},\"inLanguage\":\"fr-FR\",\"potentialAction\":[{\"@type\":\"ReadAction\",\"target\":[\"https:\\\/\\\/ccc-ccc.ca\\\/fr\\\/dons\\\/\"]}]},{\"@type\":\"BreadcrumbList\",\"@id\":\"https:\\\/\\\/ccc-ccc.ca\\\/fr\\\/dons\\\/#breadcrumb\",\"itemListElement\":[{\"@type\":\"ListItem\",\"position\":1,\"name\":\"Home\",\"item\":\"https:\\\/\\\/ccc-ccc.ca\\\/fr\\\/\"},{\"@type\":\"ListItem\",\"position\":2,\"name\":\"Faire un don\"}]},{\"@type\":\"WebSite\",\"@id\":\"https:\\\/\\\/ccc-ccc.ca\\\/#website\",\"url\":\"https:\\\/\\\/ccc-ccc.ca\\\/\",\"name\":\"Ch\u0153ur du Centenaire canadien.\",\"description\":\"Non-profit community choir\",\"potentialAction\":[{\"@type\":\"SearchAction\",\"target\":{\"@type\":\"EntryPoint\",\"urlTemplate\":\"https:\\\/\\\/ccc-ccc.ca\\\/?s={search_term_string}\"},\"query-input\":{\"@type\":\"PropertyValueSpecification\",\"valueRequired\":true,\"valueName\":\"search_term_string\"}}],\"inLanguage\":\"fr-FR\"}]}<\/script>\n<!-- \/ Yoast SEO plugin. -->","yoast_head_json":{"title":"Faire un don - Ch\u0153ur du Centenaire canadien.","robots":{"index":"index","follow":"follow","max-snippet":"max-snippet:-1","max-image-preview":"max-image-preview:large","max-video-preview":"max-video-preview:-1"},"canonical":"https:\/\/ccc-ccc.ca\/fr\/dons\/","og_locale":"fr_FR","og_type":"article","og_title":"Faire un don - Ch\u0153ur du Centenaire canadien.","og_description":"Faire un don Appuyez le Ch\u0153ur du Centenaire canadien cette ann\u00e9e. Il y a six niveaux de soutien. Pour tout don, un re\u00e7u officiel sera \u00e9mis au nom du donateur. Tous les donateurs sont reconnus dans nos programmes de concerts. Cercle de la directrice 1 000 $ et plus Soutien de la maestro 750 $-999&hellip;","og_url":"https:\/\/ccc-ccc.ca\/fr\/dons\/","og_site_name":"Ch\u0153ur du Centenaire canadien.","article_modified_time":"2025-11-11T05:53:57+00:00","twitter_card":"summary_large_image","twitter_misc":{"Dur\u00e9e de lecture estim\u00e9e":"1 minute"},"schema":{"@context":"https:\/\/schema.org","@graph":[{"@type":"WebPage","@id":"https:\/\/ccc-ccc.ca\/fr\/dons\/","url":"https:\/\/ccc-ccc.ca\/fr\/dons\/","name":"Faire un don - Ch\u0153ur du Centenaire canadien.","isPartOf":{"@id":"https:\/\/ccc-ccc.ca\/#website"},"datePublished":"2018-06-26T13:35:16+00:00","dateModified":"2025-11-11T05:53:57+00:00","breadcrumb":{"@id":"https:\/\/ccc-ccc.ca\/fr\/dons\/#breadcrumb"},"inLanguage":"fr-FR","potentialAction":[{"@type":"ReadAction","target":["https:\/\/ccc-ccc.ca\/fr\/dons\/"]}]},{"@type":"BreadcrumbList","@id":"https:\/\/ccc-ccc.ca\/fr\/dons\/#breadcrumb","itemListElement":[{"@type":"ListItem","position":1,"name":"Home","item":"https:\/\/ccc-ccc.ca\/fr\/"},{"@type":"ListItem","position":2,"name":"Faire un don"}]},{"@type":"WebSite","@id":"https:\/\/ccc-ccc.ca\/#website","url":"https:\/\/ccc-ccc.ca\/","name":"Ch\u0153ur du Centenaire canadien.","description":"Non-profit community choir","potentialAction":[{"@type":"SearchAction","target":{"@type":"EntryPoint","urlTemplate":"https:\/\/ccc-ccc.ca\/?s={search_term_string}"},"query-input":{"@type":"PropertyValueSpecification","valueRequired":true,"valueName":"search_term_string"}}],"inLanguage":"fr-FR"}]}},"_links":{"self":[{"href":"https:\/\/ccc-ccc.ca\/fr\/wp-json\/wp\/v2\/pages\/414","targetHints":{"allow":["GET"]}}],"collection":[{"href":"https:\/\/ccc-ccc.ca\/fr\/wp-json\/wp\/v2\/pages"}],"about":[{"href":"https:\/\/ccc-ccc.ca\/fr\/wp-json\/wp\/v2\/types\/page"}],"author":[{"embeddable":true,"href":"https:\/\/ccc-ccc.ca\/fr\/wp-json\/wp\/v2\/users\/1"}],"replies":[{"embeddable":true,"href":"https:\/\/ccc-ccc.ca\/fr\/wp-json\/wp\/v2\/comments?post=414"}],"version-history":[{"count":0,"href":"https:\/\/ccc-ccc.ca\/fr\/wp-json\/wp\/v2\/pages\/414\/revisions"}],"wp:attachment":[{"href":"https:\/\/ccc-ccc.ca\/fr\/wp-json\/wp\/v2\/media?parent=414"}],"curies":[{"name":"wp","href":"https:\/\/api.w.org\/{rel}","templated":true}]}}