{"id":422,"date":"2018-06-26T13:35:28","date_gmt":"2018-06-26T13:35:28","guid":{"rendered":"http:\/\/canadiancentennialchoir.flywheelsites.com\/join-the-choir\/"},"modified":"2023-08-05T11:40:03","modified_gmt":"2023-08-05T15:40:03","slug":"nous-joindre","status":"publish","type":"page","link":"https:\/\/ccc-ccc.ca\/fr\/nous-joindre\/","title":{"rendered":"Nous joindre"},"content":{"rendered":"\n<h1>\n\t\tDevenez membre du Ch\u0153ur\n\t<\/h1>\n\t<p>Pour devenir membre du Ch\u0153ur du Centenaire canadien, il faut passer une audition. Les auditions ont lieu \u00e0 la fin ao\u00fbt ou au d\u00e9but septembre. Pour un rendez-vous, \u00e9crivez \u00e0 la coordination des adh\u00e9sions \u00e0 l&rsquo;adresse <a href=\"mailto:membership@ccc-ccc.ca\">membership(arobas)ccc-ccc.ca.<\/a><\/p>\n<p>Les r\u00e9p\u00e9titions ont lieu de septembre \u00e0 mai, le mardi soir de 19 h \u00e0 21 h 30, \u00e0 un endroit situ\u00e9 dans le centre-ouest d&rsquo;Ottawa.<\/p>\n\n","protected":false},"excerpt":{"rendered":"<p>Devenez membre du Ch\u0153ur Pour devenir membre du Ch\u0153ur du Centenaire canadien, il faut passer une audition. Les auditions ont lieu \u00e0 la fin ao\u00fbt ou au d\u00e9but septembre. Pour un rendez-vous, \u00e9crivez \u00e0 la coordination des adh\u00e9sions \u00e0 l&rsquo;adresse membership(arobas)ccc-ccc.ca. Les r\u00e9p\u00e9titions ont lieu de septembre \u00e0 mai, le mardi soir de 19 h&hellip;<\/p>\n","protected":false},"author":1,"featured_media":0,"parent":0,"menu_order":0,"comment_status":"closed","ping_status":"closed","template":"","meta":{"_acf_changed":false,"_monsterinsights_skip_tracking":false,"_monsterinsights_sitenote_active":false,"_monsterinsights_sitenote_note":"","_monsterinsights_sitenote_category":0,"footnotes":""},"class_list":["post-422","page","type-page","status-publish","hentry"],"acf":[],"yoast_head":"<!-- This site is optimized with the Yoast SEO plugin v27.3 - https:\/\/yoast.com\/product\/yoast-seo-wordpress\/ -->\n<title>Nous joindre - Ch\u0153ur du Centenaire canadien.<\/title>\n<meta name=\"robots\" content=\"index, follow, max-snippet:-1, max-image-preview:large, max-video-preview:-1\" \/>\n<link rel=\"canonical\" href=\"https:\/\/ccc-ccc.ca\/fr\/nous-joindre\/\" \/>\n<meta property=\"og:locale\" content=\"fr_FR\" \/>\n<meta property=\"og:type\" content=\"article\" \/>\n<meta property=\"og:title\" content=\"Nous joindre - Ch\u0153ur du Centenaire canadien.\" \/>\n<meta property=\"og:description\" content=\"Devenez membre du Ch\u0153ur Pour devenir membre du Ch\u0153ur du Centenaire canadien, il faut passer une audition. Les auditions ont lieu \u00e0 la fin ao\u00fbt ou au d\u00e9but septembre. Pour un rendez-vous, \u00e9crivez \u00e0 la coordination des adh\u00e9sions \u00e0 l&rsquo;adresse membership(arobas)ccc-ccc.ca. Les r\u00e9p\u00e9titions ont lieu de septembre \u00e0 mai, le mardi soir de 19 h&hellip;\" \/>\n<meta property=\"og:url\" content=\"https:\/\/ccc-ccc.ca\/fr\/nous-joindre\/\" \/>\n<meta property=\"og:site_name\" content=\"Ch\u0153ur du Centenaire canadien.\" \/>\n<meta property=\"article:modified_time\" content=\"2023-08-05T15:40:03+00:00\" \/>\n<meta name=\"twitter:card\" content=\"summary_large_image\" \/>\n<script type=\"application\/ld+json\" class=\"yoast-schema-graph\">{\"@context\":\"https:\\\/\\\/schema.org\",\"@graph\":[{\"@type\":\"WebPage\",\"@id\":\"https:\\\/\\\/ccc-ccc.ca\\\/fr\\\/nous-joindre\\\/\",\"url\":\"https:\\\/\\\/ccc-ccc.ca\\\/fr\\\/nous-joindre\\\/\",\"name\":\"Nous joindre - Ch\u0153ur du Centenaire canadien.\",\"isPartOf\":{\"@id\":\"https:\\\/\\\/ccc-ccc.ca\\\/#website\"},\"datePublished\":\"2018-06-26T13:35:28+00:00\",\"dateModified\":\"2023-08-05T15:40:03+00:00\",\"breadcrumb\":{\"@id\":\"https:\\\/\\\/ccc-ccc.ca\\\/fr\\\/nous-joindre\\\/#breadcrumb\"},\"inLanguage\":\"fr-FR\",\"potentialAction\":[{\"@type\":\"ReadAction\",\"target\":[\"https:\\\/\\\/ccc-ccc.ca\\\/fr\\\/nous-joindre\\\/\"]}]},{\"@type\":\"BreadcrumbList\",\"@id\":\"https:\\\/\\\/ccc-ccc.ca\\\/fr\\\/nous-joindre\\\/#breadcrumb\",\"itemListElement\":[{\"@type\":\"ListItem\",\"position\":1,\"name\":\"Home\",\"item\":\"https:\\\/\\\/ccc-ccc.ca\\\/fr\\\/\"},{\"@type\":\"ListItem\",\"position\":2,\"name\":\"Nous joindre\"}]},{\"@type\":\"WebSite\",\"@id\":\"https:\\\/\\\/ccc-ccc.ca\\\/#website\",\"url\":\"https:\\\/\\\/ccc-ccc.ca\\\/\",\"name\":\"Ch\u0153ur du Centenaire canadien.\",\"description\":\"Non-profit community choir\",\"potentialAction\":[{\"@type\":\"SearchAction\",\"target\":{\"@type\":\"EntryPoint\",\"urlTemplate\":\"https:\\\/\\\/ccc-ccc.ca\\\/?s={search_term_string}\"},\"query-input\":{\"@type\":\"PropertyValueSpecification\",\"valueRequired\":true,\"valueName\":\"search_term_string\"}}],\"inLanguage\":\"fr-FR\"}]}<\/script>\n<!-- \/ Yoast SEO plugin. -->","yoast_head_json":{"title":"Nous joindre - Ch\u0153ur du Centenaire canadien.","robots":{"index":"index","follow":"follow","max-snippet":"max-snippet:-1","max-image-preview":"max-image-preview:large","max-video-preview":"max-video-preview:-1"},"canonical":"https:\/\/ccc-ccc.ca\/fr\/nous-joindre\/","og_locale":"fr_FR","og_type":"article","og_title":"Nous joindre - Ch\u0153ur du Centenaire canadien.","og_description":"Devenez membre du Ch\u0153ur Pour devenir membre du Ch\u0153ur du Centenaire canadien, il faut passer une audition. Les auditions ont lieu \u00e0 la fin ao\u00fbt ou au d\u00e9but septembre. Pour un rendez-vous, \u00e9crivez \u00e0 la coordination des adh\u00e9sions \u00e0 l&rsquo;adresse membership(arobas)ccc-ccc.ca. Les r\u00e9p\u00e9titions ont lieu de septembre \u00e0 mai, le mardi soir de 19 h&hellip;","og_url":"https:\/\/ccc-ccc.ca\/fr\/nous-joindre\/","og_site_name":"Ch\u0153ur du Centenaire canadien.","article_modified_time":"2023-08-05T15:40:03+00:00","twitter_card":"summary_large_image","schema":{"@context":"https:\/\/schema.org","@graph":[{"@type":"WebPage","@id":"https:\/\/ccc-ccc.ca\/fr\/nous-joindre\/","url":"https:\/\/ccc-ccc.ca\/fr\/nous-joindre\/","name":"Nous joindre - Ch\u0153ur du Centenaire canadien.","isPartOf":{"@id":"https:\/\/ccc-ccc.ca\/#website"},"datePublished":"2018-06-26T13:35:28+00:00","dateModified":"2023-08-05T15:40:03+00:00","breadcrumb":{"@id":"https:\/\/ccc-ccc.ca\/fr\/nous-joindre\/#breadcrumb"},"inLanguage":"fr-FR","potentialAction":[{"@type":"ReadAction","target":["https:\/\/ccc-ccc.ca\/fr\/nous-joindre\/"]}]},{"@type":"BreadcrumbList","@id":"https:\/\/ccc-ccc.ca\/fr\/nous-joindre\/#breadcrumb","itemListElement":[{"@type":"ListItem","position":1,"name":"Home","item":"https:\/\/ccc-ccc.ca\/fr\/"},{"@type":"ListItem","position":2,"name":"Nous joindre"}]},{"@type":"WebSite","@id":"https:\/\/ccc-ccc.ca\/#website","url":"https:\/\/ccc-ccc.ca\/","name":"Ch\u0153ur du Centenaire canadien.","description":"Non-profit community choir","potentialAction":[{"@type":"SearchAction","target":{"@type":"EntryPoint","urlTemplate":"https:\/\/ccc-ccc.ca\/?s={search_term_string}"},"query-input":{"@type":"PropertyValueSpecification","valueRequired":true,"valueName":"search_term_string"}}],"inLanguage":"fr-FR"}]}},"_links":{"self":[{"href":"https:\/\/ccc-ccc.ca\/fr\/wp-json\/wp\/v2\/pages\/422","targetHints":{"allow":["GET"]}}],"collection":[{"href":"https:\/\/ccc-ccc.ca\/fr\/wp-json\/wp\/v2\/pages"}],"about":[{"href":"https:\/\/ccc-ccc.ca\/fr\/wp-json\/wp\/v2\/types\/page"}],"author":[{"embeddable":true,"href":"https:\/\/ccc-ccc.ca\/fr\/wp-json\/wp\/v2\/users\/1"}],"replies":[{"embeddable":true,"href":"https:\/\/ccc-ccc.ca\/fr\/wp-json\/wp\/v2\/comments?post=422"}],"version-history":[{"count":0,"href":"https:\/\/ccc-ccc.ca\/fr\/wp-json\/wp\/v2\/pages\/422\/revisions"}],"wp:attachment":[{"href":"https:\/\/ccc-ccc.ca\/fr\/wp-json\/wp\/v2\/media?parent=422"}],"curies":[{"name":"wp","href":"https:\/\/api.w.org\/{rel}","templated":true}]}}