{"id":425,"date":"2018-06-26T13:35:11","date_gmt":"2018-06-26T13:35:11","guid":{"rendered":"http:\/\/canadiancentennialchoir.flywheelsites.com\/contact\/"},"modified":"2020-12-04T02:03:35","modified_gmt":"2020-12-04T06:03:35","slug":"contact","status":"publish","type":"page","link":"https:\/\/ccc-ccc.ca\/fr\/contact\/","title":{"rendered":"Contacts"},"content":{"rendered":"<h1>\n\t\tContacts\n\t<\/h1>\n\t<h2>Adresse postale<\/h2>\nCh\u0153ur du Centenaire canadien<br \/>\nC.P. 83046, succursale Bank et Walkley,<br \/>\nOttawa, ON, K1V 1A3\n<h2>Contacts individuels<\/h2>\n<p><strong>Pr\u00e9sident :<\/strong> \u00a0<a href=\"mailto:president@ccc-ccc.ca\">president(arobas)ccc-ccc.ca<\/a><\/p>\n<p><strong>Directrice de musique :<\/strong> <a href=\"mailto:director@ccc-ccc.ca\">director(arobas)ccc-ccc.ca<\/a><\/p>\n<p><strong>Publicit\u00e9 :<\/strong> \u00a0<a href=\"mailto:publicity@ccc-ccc.ca\">publicity(arobas)ccc-ccc.ca<\/a><\/p>\n<p><strong>Abonnements :<\/strong> <a href=\"mailto:subscriptions@ccc-ccc.ca\">subscriptions(arobas)ccc-ccc.ca<\/a><\/p>\n<p><b>Adh\u00e9sions et auditions :\u00a0<\/b><a href=\"mailto:membership@ccc-ccc.ca\">membership(arobas)ccc-ccc.ca<\/a><\/p>\n<p><b>Commandite :<\/b> <a href=\"mailto:sponsorship@ccc-ccc.ca\">sponsorship(arobas)ccc-ccc.ca<\/a><\/p>\n<p><b>Tr\u00e9sorier: <\/b><a href=\"mailto:treasurer@ccc-ccc.ca\">treasurer(arobas)ccc-ccc.ca<\/a><\/p>\n<p><b>Plates-formes \u00e0 louer:<\/b><a href=\"mailto:ccc.risers@ccc-ccc.ca\"> ccc.risers(arobas)ccc-ccc.ca<\/a><\/p>\n<p><b>Musicoth\u00e9caire:<\/b> <a href=\"mailto:librarian7@ccc-ccc.ca\">librarian7(arobas)ccc-ccc.ca<\/a><\/p>\n\t\t\t\t<img loading=\"lazy\" decoding=\"async\" src=\"https:\/\/ccc-ccc.ca\/wp-content\/uploads\/2018\/08\/20170507-76-edited-1024x681.jpg\" alt=\"20170507-76-edited\" itemprop=\"image\" height=\"681\" width=\"1024\" title=\"20170507-76-edited\" onerror=\"this.style.display='none'\"  \/>\n","protected":false},"excerpt":{"rendered":"<p>Contacts Adresse postale Ch\u0153ur du Centenaire canadien C.P. 83046, succursale Bank et Walkley, Ottawa, ON, K1V 1A3 Contacts individuels Pr\u00e9sident : \u00a0president(arobas)ccc-ccc.ca Directrice de musique : director(arobas)ccc-ccc.ca Publicit\u00e9 : \u00a0publicity(arobas)ccc-ccc.ca Abonnements : subscriptions(arobas)ccc-ccc.ca Adh\u00e9sions et auditions :\u00a0membership(arobas)ccc-ccc.ca Commandite : sponsorship(arobas)ccc-ccc.ca Tr\u00e9sorier: treasurer(arobas)ccc-ccc.ca Plates-formes \u00e0 louer: ccc.risers(arobas)ccc-ccc.ca Musicoth\u00e9caire: librarian7(arobas)ccc-ccc.ca<\/p>\n","protected":false},"author":1,"featured_media":0,"parent":0,"menu_order":0,"comment_status":"closed","ping_status":"closed","template":"","meta":{"_acf_changed":false,"_monsterinsights_skip_tracking":false,"_monsterinsights_sitenote_active":false,"_monsterinsights_sitenote_note":"","_monsterinsights_sitenote_category":0,"footnotes":""},"class_list":["post-425","page","type-page","status-publish","hentry"],"acf":[],"yoast_head":"<!-- This site is optimized with the Yoast SEO plugin v27.5 - https:\/\/yoast.com\/product\/yoast-seo-wordpress\/ -->\n<title>Contacts - Ch\u0153ur du Centenaire canadien.<\/title>\n<meta name=\"robots\" content=\"index, follow, max-snippet:-1, max-image-preview:large, max-video-preview:-1\" \/>\n<link rel=\"canonical\" href=\"https:\/\/ccc-ccc.ca\/fr\/contact\/\" \/>\n<meta property=\"og:locale\" content=\"fr_FR\" \/>\n<meta property=\"og:type\" content=\"article\" \/>\n<meta property=\"og:title\" content=\"Contacts - Ch\u0153ur du Centenaire canadien.\" \/>\n<meta property=\"og:description\" content=\"Contacts Adresse postale Ch\u0153ur du Centenaire canadien C.P. 83046, succursale Bank et Walkley, Ottawa, ON, K1V 1A3 Contacts individuels Pr\u00e9sident : \u00a0president(arobas)ccc-ccc.ca Directrice de musique : director(arobas)ccc-ccc.ca Publicit\u00e9 : \u00a0publicity(arobas)ccc-ccc.ca Abonnements : subscriptions(arobas)ccc-ccc.ca Adh\u00e9sions et auditions :\u00a0membership(arobas)ccc-ccc.ca Commandite : sponsorship(arobas)ccc-ccc.ca Tr\u00e9sorier: treasurer(arobas)ccc-ccc.ca Plates-formes \u00e0 louer: ccc.risers(arobas)ccc-ccc.ca Musicoth\u00e9caire: librarian7(arobas)ccc-ccc.ca\" \/>\n<meta property=\"og:url\" content=\"https:\/\/ccc-ccc.ca\/fr\/contact\/\" \/>\n<meta property=\"og:site_name\" content=\"Ch\u0153ur du Centenaire canadien.\" \/>\n<meta property=\"article:modified_time\" content=\"2020-12-04T06:03:35+00:00\" \/>\n<meta property=\"og:image\" content=\"https:\/\/ccc-ccc.ca\/wp-content\/uploads\/2018\/08\/20170507-76-edited-1024x681.jpg\" \/>\n<meta name=\"twitter:card\" content=\"summary_large_image\" \/>\n<script type=\"application\/ld+json\" class=\"yoast-schema-graph\">{\"@context\":\"https:\\\/\\\/schema.org\",\"@graph\":[{\"@type\":\"WebPage\",\"@id\":\"https:\\\/\\\/ccc-ccc.ca\\\/fr\\\/contact\\\/\",\"url\":\"https:\\\/\\\/ccc-ccc.ca\\\/fr\\\/contact\\\/\",\"name\":\"Contacts - Ch\u0153ur du Centenaire canadien.\",\"isPartOf\":{\"@id\":\"https:\\\/\\\/ccc-ccc.ca\\\/#website\"},\"primaryImageOfPage\":{\"@id\":\"https:\\\/\\\/ccc-ccc.ca\\\/fr\\\/contact\\\/#primaryimage\"},\"image\":{\"@id\":\"https:\\\/\\\/ccc-ccc.ca\\\/fr\\\/contact\\\/#primaryimage\"},\"thumbnailUrl\":\"https:\\\/\\\/ccc-ccc.ca\\\/wp-content\\\/uploads\\\/2018\\\/08\\\/20170507-76-edited-1024x681.jpg\",\"datePublished\":\"2018-06-26T13:35:11+00:00\",\"dateModified\":\"2020-12-04T06:03:35+00:00\",\"breadcrumb\":{\"@id\":\"https:\\\/\\\/ccc-ccc.ca\\\/fr\\\/contact\\\/#breadcrumb\"},\"inLanguage\":\"fr-FR\",\"potentialAction\":[{\"@type\":\"ReadAction\",\"target\":[\"https:\\\/\\\/ccc-ccc.ca\\\/fr\\\/contact\\\/\"]}]},{\"@type\":\"ImageObject\",\"inLanguage\":\"fr-FR\",\"@id\":\"https:\\\/\\\/ccc-ccc.ca\\\/fr\\\/contact\\\/#primaryimage\",\"url\":\"https:\\\/\\\/ccc-ccc.ca\\\/wp-content\\\/uploads\\\/2018\\\/08\\\/20170507-76-edited-1024x681.jpg\",\"contentUrl\":\"https:\\\/\\\/ccc-ccc.ca\\\/wp-content\\\/uploads\\\/2018\\\/08\\\/20170507-76-edited-1024x681.jpg\"},{\"@type\":\"BreadcrumbList\",\"@id\":\"https:\\\/\\\/ccc-ccc.ca\\\/fr\\\/contact\\\/#breadcrumb\",\"itemListElement\":[{\"@type\":\"ListItem\",\"position\":1,\"name\":\"Home\",\"item\":\"https:\\\/\\\/ccc-ccc.ca\\\/fr\\\/\"},{\"@type\":\"ListItem\",\"position\":2,\"name\":\"Contacts\"}]},{\"@type\":\"WebSite\",\"@id\":\"https:\\\/\\\/ccc-ccc.ca\\\/#website\",\"url\":\"https:\\\/\\\/ccc-ccc.ca\\\/\",\"name\":\"Ch\u0153ur du Centenaire canadien.\",\"description\":\"Non-profit community choir\",\"potentialAction\":[{\"@type\":\"SearchAction\",\"target\":{\"@type\":\"EntryPoint\",\"urlTemplate\":\"https:\\\/\\\/ccc-ccc.ca\\\/?s={search_term_string}\"},\"query-input\":{\"@type\":\"PropertyValueSpecification\",\"valueRequired\":true,\"valueName\":\"search_term_string\"}}],\"inLanguage\":\"fr-FR\"}]}<\/script>\n<!-- \/ Yoast SEO plugin. -->","yoast_head_json":{"title":"Contacts - Ch\u0153ur du Centenaire canadien.","robots":{"index":"index","follow":"follow","max-snippet":"max-snippet:-1","max-image-preview":"max-image-preview:large","max-video-preview":"max-video-preview:-1"},"canonical":"https:\/\/ccc-ccc.ca\/fr\/contact\/","og_locale":"fr_FR","og_type":"article","og_title":"Contacts - Ch\u0153ur du Centenaire canadien.","og_description":"Contacts Adresse postale Ch\u0153ur du Centenaire canadien C.P. 83046, succursale Bank et Walkley, Ottawa, ON, K1V 1A3 Contacts individuels Pr\u00e9sident : \u00a0president(arobas)ccc-ccc.ca Directrice de musique : director(arobas)ccc-ccc.ca Publicit\u00e9 : \u00a0publicity(arobas)ccc-ccc.ca Abonnements : subscriptions(arobas)ccc-ccc.ca Adh\u00e9sions et auditions :\u00a0membership(arobas)ccc-ccc.ca Commandite : sponsorship(arobas)ccc-ccc.ca Tr\u00e9sorier: treasurer(arobas)ccc-ccc.ca Plates-formes \u00e0 louer: ccc.risers(arobas)ccc-ccc.ca Musicoth\u00e9caire: librarian7(arobas)ccc-ccc.ca","og_url":"https:\/\/ccc-ccc.ca\/fr\/contact\/","og_site_name":"Ch\u0153ur du Centenaire canadien.","article_modified_time":"2020-12-04T06:03:35+00:00","og_image":[{"url":"https:\/\/ccc-ccc.ca\/wp-content\/uploads\/2018\/08\/20170507-76-edited-1024x681.jpg","type":"","width":"","height":""}],"twitter_card":"summary_large_image","schema":{"@context":"https:\/\/schema.org","@graph":[{"@type":"WebPage","@id":"https:\/\/ccc-ccc.ca\/fr\/contact\/","url":"https:\/\/ccc-ccc.ca\/fr\/contact\/","name":"Contacts - Ch\u0153ur du Centenaire canadien.","isPartOf":{"@id":"https:\/\/ccc-ccc.ca\/#website"},"primaryImageOfPage":{"@id":"https:\/\/ccc-ccc.ca\/fr\/contact\/#primaryimage"},"image":{"@id":"https:\/\/ccc-ccc.ca\/fr\/contact\/#primaryimage"},"thumbnailUrl":"https:\/\/ccc-ccc.ca\/wp-content\/uploads\/2018\/08\/20170507-76-edited-1024x681.jpg","datePublished":"2018-06-26T13:35:11+00:00","dateModified":"2020-12-04T06:03:35+00:00","breadcrumb":{"@id":"https:\/\/ccc-ccc.ca\/fr\/contact\/#breadcrumb"},"inLanguage":"fr-FR","potentialAction":[{"@type":"ReadAction","target":["https:\/\/ccc-ccc.ca\/fr\/contact\/"]}]},{"@type":"ImageObject","inLanguage":"fr-FR","@id":"https:\/\/ccc-ccc.ca\/fr\/contact\/#primaryimage","url":"https:\/\/ccc-ccc.ca\/wp-content\/uploads\/2018\/08\/20170507-76-edited-1024x681.jpg","contentUrl":"https:\/\/ccc-ccc.ca\/wp-content\/uploads\/2018\/08\/20170507-76-edited-1024x681.jpg"},{"@type":"BreadcrumbList","@id":"https:\/\/ccc-ccc.ca\/fr\/contact\/#breadcrumb","itemListElement":[{"@type":"ListItem","position":1,"name":"Home","item":"https:\/\/ccc-ccc.ca\/fr\/"},{"@type":"ListItem","position":2,"name":"Contacts"}]},{"@type":"WebSite","@id":"https:\/\/ccc-ccc.ca\/#website","url":"https:\/\/ccc-ccc.ca\/","name":"Ch\u0153ur du Centenaire canadien.","description":"Non-profit community choir","potentialAction":[{"@type":"SearchAction","target":{"@type":"EntryPoint","urlTemplate":"https:\/\/ccc-ccc.ca\/?s={search_term_string}"},"query-input":{"@type":"PropertyValueSpecification","valueRequired":true,"valueName":"search_term_string"}}],"inLanguage":"fr-FR"}]}},"_links":{"self":[{"href":"https:\/\/ccc-ccc.ca\/fr\/wp-json\/wp\/v2\/pages\/425","targetHints":{"allow":["GET"]}}],"collection":[{"href":"https:\/\/ccc-ccc.ca\/fr\/wp-json\/wp\/v2\/pages"}],"about":[{"href":"https:\/\/ccc-ccc.ca\/fr\/wp-json\/wp\/v2\/types\/page"}],"author":[{"embeddable":true,"href":"https:\/\/ccc-ccc.ca\/fr\/wp-json\/wp\/v2\/users\/1"}],"replies":[{"embeddable":true,"href":"https:\/\/ccc-ccc.ca\/fr\/wp-json\/wp\/v2\/comments?post=425"}],"version-history":[{"count":0,"href":"https:\/\/ccc-ccc.ca\/fr\/wp-json\/wp\/v2\/pages\/425\/revisions"}],"wp:attachment":[{"href":"https:\/\/ccc-ccc.ca\/fr\/wp-json\/wp\/v2\/media?parent=425"}],"curies":[{"name":"wp","href":"https:\/\/api.w.org\/{rel}","templated":true}]}}