{"id":434,"date":"2018-06-26T13:35:04","date_gmt":"2018-06-26T13:35:04","guid":{"rendered":"http:\/\/canadiancentennialchoir.flywheelsites.com\/the-2017-2018-season-sponsored-by\/"},"modified":"2025-07-18T22:00:12","modified_gmt":"2025-07-19T02:00:12","slug":"the-2017-2018-season-sponsored-by","status":"publish","type":"page","link":"https:\/\/ccc-ccc.ca\/fr\/","title":{"rendered":"Le Ch\u0153ur du Centenaire canadien"},"content":{"rendered":"\n\n\t<h3><strong>Saison de concerts 2025-2026 du CCC<\/strong><\/h3>\n<ul>\n<li><strong>Voil\u00e0 pourquoi nous chantons, partie IV : Hiver<\/strong><br \/>\nMardi 16 d\u00e9cembre 2025 \u00e0 19 h 30<br \/>\n\u00c9glise unie Woodroffe<\/li>\n<li><strong>Chants de l&rsquo;esprit<\/strong><br \/>\nDimanche 8 mars 2026 \u00e0 15 h<br \/>\n\u00c9glise anglicane St. Thomas the Apostle<\/li>\n<li><strong>Vive la vie!<\/strong><br \/>\nVendredi 29 mai 2026 \u00e0 19 h 30<br \/>\nCentre Carleton Dominion-Chalmers<\/li>\n<\/ul>\n<h4><a href=\"https:\/\/ccc-ccc.ca\/fr\/billets-concerts\/\"><strong>Plus d&rsquo;information<\/strong><\/a><\/h4>\n\t<table>\n<tbody>\n<tr>\n<td>Le Ch\u0153ur du Centenaire canadien est une chorale communautaire amatrice qui compte environ 70 voix. Il fut fond\u00e9 en 1967 \u00e0 l&rsquo;occasion du centenaire de la Conf\u00e9d\u00e9ration canadienne.\u00a0Il pr\u00e9sente de la musique profane et sacr\u00e9e tout en mettant un accent particulier sur des \u0153uvres command\u00e9es ou nouvelles, compos\u00e9es ou adapt\u00e9es par des artistes canadiens.\nLes concerts de notre s\u00e9rie annuelle attirent un auditoire important et vari\u00e9, et offrent aussi l&rsquo;occasion de se produire \u00e0 des artistes invit\u00e9s de la r\u00e9gion qui, comme le Ch\u0153ur, cherchent \u00e0 atteindre l&rsquo;excellence musicale. Sous la direction de sa directrice musicale, Marg Stubington, le Ch\u0153ur est fier de pr\u00e9senter sa 58<sup>e<\/sup>\u00a0saison.<\/td>\n<\/tr>\n<\/tbody>\n<\/table>\n<p>&nbsp;<\/p>\n<h3>\n\t\t<a href=\"https:\/\/ccc-ccc.ca\/fr\/billets-concerts\/\" title=\"Billets pour nos concerts\"  target=\"_self\">\n\t\t\tBillets pour nos concerts\t\t<\/a>\n\t<\/h3>\n\t\t\t\t<img decoding=\"async\" src=\"https:\/\/ccc-ccc.ca\/wp-content\/uploads\/2018\/08\/concertimages.jpg\" alt=\"concertimages\" itemprop=\"image\" height=\"300\" width=\"600\" title=\"concertimages\" onerror=\"this.style.display='none'\" loading='lazy' \/>\n\t<p>Les billets peuvent \u00eatre achet\u00e9s pour chacun des concerts, mais un abonnement pour la saison vous permettra d&rsquo;\u00e9conomiser jusqu&rsquo;\u00e0 25 p. 100 par rapport au prix d&rsquo;un seul billet.<\/p>\n\t\t\t<a href=\"https:\/\/ccc-ccc.ca\/fr\/billets-concerts\/#tickets\" target=\"_self\"  aria-label=\"Abonnements pour la saison\">\n\t\t\t\t\t\t\t\tAbonnements pour la saison \n\t\t\t\t\t\t\t<\/a>\n\t\t\t<a href=\"https:\/\/ccc-ccc.ca\/fr\/billets-concerts\/\" target=\"_self\"  aria-label=\"Concerts individuels\">\n\t\t\t\t\t\t\t\tConcerts individuels\n\t\t\t\t\t\t\t<\/a>\n<h3>\n\t\t<a href=\"https:\/\/ccc-ccc.ca\/fr\/levee-de-fonds\/\" title=\"Lev\u00e9es de fonds\"  target=\"_self\">\n\t\t\tLev\u00e9es de fonds\t\t<\/a>\n\t<\/h3>\n\t<p>Le Ch\u0153ur compte sur ses efforts de collecte de fonds pour aider \u00e0 soutenir ses activit\u00e9s. La plus grande partie de la collecte des fonds a lieu durant deux activit\u00e9s annuelles, soit les ventes de caf\u00e9 et les ventes de baies congel\u00e9es.<\/p>\n\t\t\t<a href=\"https:\/\/ccc-ccc.ca\/fr\/levee-de-fonds\/\" target=\"_self\">\n\t\t\t\t\t\t\tPlus d&rsquo;info\n\t\t\t\t\t<\/a>\n<h3>\n\t\t<a href=\"https:\/\/ccc-ccc.ca\/fr\/dons\/\" title=\"Faire un don pour appuyer le CCC\"  target=\"_self\">\n\t\t\tFaire un don pour appuyer le CCC\t\t<\/a>\n\t<\/h3>\n\t\t\t\t<img decoding=\"async\" src=\"https:\/\/ccc-ccc.ca\/wp-content\/uploads\/2018\/08\/frmoney-300x175.png\" alt=\"frmoney\" itemprop=\"image\" height=\"175\" width=\"300\" title=\"frmoney\" onerror=\"this.style.display='none'\" loading='lazy' \/>\n\t<p>Notre programme \u00ab Les ami(e)s du Ch\u0153ur \u00bb accepte avec gratitude tant les dons en argent que les dons \u00ab en nature \u00bb. Un re\u00e7u aux fins d&rsquo;imp\u00f4t sera remis pour tous les dons. Cliquez ci-dessous pour les d\u00e9tails.<\/p>\n\t\t\t<a href=\"https:\/\/ccc-ccc.ca\/fr\/dons\/\" target=\"_self\">\n\t\t\t\t\t\t\tPlus d&rsquo;info\n\t\t\t\t\t<\/a>\n\t<p><strong>Avis de confidentialit\u00e9<\/strong><\/p>\n<p>Veuillez noter que le Ch\u0153ur du Centenaire canadien (CCC), organisme de bienfaisance sans but lucratif, recueille des renseignements personnels de ses membres, donateurs, abonn\u00e9s, clients, participants \u00e0 la liste de diffusion et d&rsquo;autres personnes dans le but de faciliter les communications et les transactions. Ces renseignements ne sont partag\u00e9s avec aucun autre organisme. Ils sont prot\u00e9g\u00e9s pendant que le CCC les utilise, et le CCC en dispose en bonne et due forme \u00e0 la fin de la p\u00e9riode de r\u00e9tention. Si vous avez des questions ou des pr\u00e9occupations, veuillez communiquer avec le pr\u00e9sident du CCC, \u00e0\u00a0<a href=\"mailto:president@ccc-ccc.ca\" target=\"_blank\" rel=\"noopener\">president@ccc-ccc.ca<\/a>\u00a0.<\/p>\n\n","protected":false},"excerpt":{"rendered":"<p>Saison de concerts 2025-2026 du CCC Voil\u00e0 pourquoi nous chantons, partie IV : Hiver Mardi 16 d\u00e9cembre 2025 \u00e0 19 h 30 \u00c9glise unie Woodroffe Chants de l&rsquo;esprit Dimanche 8 mars 2026 \u00e0 15 h \u00c9glise anglicane St. Thomas the Apostle Vive la vie! Vendredi 29 mai 2026 \u00e0 19 h 30 Centre Carleton Dominion-Chalmers&hellip;<\/p>\n","protected":false},"author":1,"featured_media":0,"parent":0,"menu_order":0,"comment_status":"closed","ping_status":"closed","template":"","meta":{"_acf_changed":false,"_monsterinsights_skip_tracking":false,"_monsterinsights_sitenote_active":false,"_monsterinsights_sitenote_note":"","_monsterinsights_sitenote_category":0,"footnotes":""},"class_list":["post-434","page","type-page","status-publish","hentry"],"acf":[],"yoast_head":"<!-- This site is optimized with the Yoast SEO plugin v27.6 - https:\/\/yoast.com\/product\/yoast-seo-wordpress\/ -->\n<title>Le Ch\u0153ur du Centenaire canadien - Ch\u0153ur du Centenaire canadien.<\/title>\n<meta name=\"robots\" content=\"index, follow, max-snippet:-1, max-image-preview:large, max-video-preview:-1\" \/>\n<link rel=\"canonical\" href=\"https:\/\/ccc-ccc.ca\/fr\/\" \/>\n<meta property=\"og:locale\" content=\"fr_FR\" \/>\n<meta property=\"og:type\" content=\"article\" \/>\n<meta property=\"og:title\" content=\"Le Ch\u0153ur du Centenaire canadien - Ch\u0153ur du Centenaire canadien.\" \/>\n<meta property=\"og:description\" content=\"Saison de concerts 2025-2026 du CCC Voil\u00e0 pourquoi nous chantons, partie IV : Hiver Mardi 16 d\u00e9cembre 2025 \u00e0 19 h 30 \u00c9glise unie Woodroffe Chants de l&rsquo;esprit Dimanche 8 mars 2026 \u00e0 15 h \u00c9glise anglicane St. Thomas the Apostle Vive la vie! Vendredi 29 mai 2026 \u00e0 19 h 30 Centre Carleton Dominion-Chalmers&hellip;\" \/>\n<meta property=\"og:url\" content=\"https:\/\/ccc-ccc.ca\/fr\/\" \/>\n<meta property=\"og:site_name\" content=\"Ch\u0153ur du Centenaire canadien.\" \/>\n<meta property=\"article:modified_time\" content=\"2025-07-19T02:00:12+00:00\" \/>\n<meta property=\"og:image\" content=\"https:\/\/ccc-ccc.ca\/wp-content\/uploads\/2018\/08\/concertimages.jpg\" \/>\n<meta name=\"twitter:card\" content=\"summary_large_image\" \/>\n<meta name=\"twitter:label1\" content=\"Dur\u00e9e de lecture estim\u00e9e\" \/>\n\t<meta name=\"twitter:data1\" content=\"2 minutes\" \/>\n<script type=\"application\/ld+json\" class=\"yoast-schema-graph\">{\"@context\":\"https:\\\/\\\/schema.org\",\"@graph\":[{\"@type\":\"WebPage\",\"@id\":\"https:\\\/\\\/ccc-ccc.ca\\\/fr\\\/\",\"url\":\"https:\\\/\\\/ccc-ccc.ca\\\/fr\\\/\",\"name\":\"Le Ch\u0153ur du Centenaire canadien - Ch\u0153ur du Centenaire canadien.\",\"isPartOf\":{\"@id\":\"https:\\\/\\\/ccc-ccc.ca\\\/#website\"},\"primaryImageOfPage\":{\"@id\":\"https:\\\/\\\/ccc-ccc.ca\\\/fr\\\/#primaryimage\"},\"image\":{\"@id\":\"https:\\\/\\\/ccc-ccc.ca\\\/fr\\\/#primaryimage\"},\"thumbnailUrl\":\"https:\\\/\\\/ccc-ccc.ca\\\/wp-content\\\/uploads\\\/2018\\\/08\\\/concertimages.jpg\",\"datePublished\":\"2018-06-26T13:35:04+00:00\",\"dateModified\":\"2025-07-19T02:00:12+00:00\",\"breadcrumb\":{\"@id\":\"https:\\\/\\\/ccc-ccc.ca\\\/fr\\\/#breadcrumb\"},\"inLanguage\":\"fr-FR\",\"potentialAction\":[{\"@type\":\"ReadAction\",\"target\":[\"https:\\\/\\\/ccc-ccc.ca\\\/fr\\\/\"]}]},{\"@type\":\"ImageObject\",\"inLanguage\":\"fr-FR\",\"@id\":\"https:\\\/\\\/ccc-ccc.ca\\\/fr\\\/#primaryimage\",\"url\":\"https:\\\/\\\/ccc-ccc.ca\\\/wp-content\\\/uploads\\\/2018\\\/08\\\/concertimages.jpg\",\"contentUrl\":\"https:\\\/\\\/ccc-ccc.ca\\\/wp-content\\\/uploads\\\/2018\\\/08\\\/concertimages.jpg\"},{\"@type\":\"BreadcrumbList\",\"@id\":\"https:\\\/\\\/ccc-ccc.ca\\\/fr\\\/#breadcrumb\",\"itemListElement\":[{\"@type\":\"ListItem\",\"position\":1,\"name\":\"Home\",\"item\":\"https:\\\/\\\/ccc-ccc.ca\\\/fr\\\/\"},{\"@type\":\"ListItem\",\"position\":2,\"name\":\"Le Ch\u0153ur du Centenaire canadien\"}]},{\"@type\":\"WebSite\",\"@id\":\"https:\\\/\\\/ccc-ccc.ca\\\/#website\",\"url\":\"https:\\\/\\\/ccc-ccc.ca\\\/\",\"name\":\"Ch\u0153ur du Centenaire canadien.\",\"description\":\"Non-profit community choir\",\"potentialAction\":[{\"@type\":\"SearchAction\",\"target\":{\"@type\":\"EntryPoint\",\"urlTemplate\":\"https:\\\/\\\/ccc-ccc.ca\\\/?s={search_term_string}\"},\"query-input\":{\"@type\":\"PropertyValueSpecification\",\"valueRequired\":true,\"valueName\":\"search_term_string\"}}],\"inLanguage\":\"fr-FR\"}]}<\/script>\n<!-- \/ Yoast SEO plugin. -->","yoast_head_json":{"title":"Le Ch\u0153ur du Centenaire canadien - Ch\u0153ur du Centenaire canadien.","robots":{"index":"index","follow":"follow","max-snippet":"max-snippet:-1","max-image-preview":"max-image-preview:large","max-video-preview":"max-video-preview:-1"},"canonical":"https:\/\/ccc-ccc.ca\/fr\/","og_locale":"fr_FR","og_type":"article","og_title":"Le Ch\u0153ur du Centenaire canadien - Ch\u0153ur du Centenaire canadien.","og_description":"Saison de concerts 2025-2026 du CCC Voil\u00e0 pourquoi nous chantons, partie IV : Hiver Mardi 16 d\u00e9cembre 2025 \u00e0 19 h 30 \u00c9glise unie Woodroffe Chants de l&rsquo;esprit Dimanche 8 mars 2026 \u00e0 15 h \u00c9glise anglicane St. Thomas the Apostle Vive la vie! Vendredi 29 mai 2026 \u00e0 19 h 30 Centre Carleton Dominion-Chalmers&hellip;","og_url":"https:\/\/ccc-ccc.ca\/fr\/","og_site_name":"Ch\u0153ur du Centenaire canadien.","article_modified_time":"2025-07-19T02:00:12+00:00","og_image":[{"url":"https:\/\/ccc-ccc.ca\/wp-content\/uploads\/2018\/08\/concertimages.jpg","type":"","width":"","height":""}],"twitter_card":"summary_large_image","twitter_misc":{"Dur\u00e9e de lecture estim\u00e9e":"2 minutes"},"schema":{"@context":"https:\/\/schema.org","@graph":[{"@type":"WebPage","@id":"https:\/\/ccc-ccc.ca\/fr\/","url":"https:\/\/ccc-ccc.ca\/fr\/","name":"Le Ch\u0153ur du Centenaire canadien - Ch\u0153ur du Centenaire canadien.","isPartOf":{"@id":"https:\/\/ccc-ccc.ca\/#website"},"primaryImageOfPage":{"@id":"https:\/\/ccc-ccc.ca\/fr\/#primaryimage"},"image":{"@id":"https:\/\/ccc-ccc.ca\/fr\/#primaryimage"},"thumbnailUrl":"https:\/\/ccc-ccc.ca\/wp-content\/uploads\/2018\/08\/concertimages.jpg","datePublished":"2018-06-26T13:35:04+00:00","dateModified":"2025-07-19T02:00:12+00:00","breadcrumb":{"@id":"https:\/\/ccc-ccc.ca\/fr\/#breadcrumb"},"inLanguage":"fr-FR","potentialAction":[{"@type":"ReadAction","target":["https:\/\/ccc-ccc.ca\/fr\/"]}]},{"@type":"ImageObject","inLanguage":"fr-FR","@id":"https:\/\/ccc-ccc.ca\/fr\/#primaryimage","url":"https:\/\/ccc-ccc.ca\/wp-content\/uploads\/2018\/08\/concertimages.jpg","contentUrl":"https:\/\/ccc-ccc.ca\/wp-content\/uploads\/2018\/08\/concertimages.jpg"},{"@type":"BreadcrumbList","@id":"https:\/\/ccc-ccc.ca\/fr\/#breadcrumb","itemListElement":[{"@type":"ListItem","position":1,"name":"Home","item":"https:\/\/ccc-ccc.ca\/fr\/"},{"@type":"ListItem","position":2,"name":"Le Ch\u0153ur du Centenaire canadien"}]},{"@type":"WebSite","@id":"https:\/\/ccc-ccc.ca\/#website","url":"https:\/\/ccc-ccc.ca\/","name":"Ch\u0153ur du Centenaire canadien.","description":"Non-profit community choir","potentialAction":[{"@type":"SearchAction","target":{"@type":"EntryPoint","urlTemplate":"https:\/\/ccc-ccc.ca\/?s={search_term_string}"},"query-input":{"@type":"PropertyValueSpecification","valueRequired":true,"valueName":"search_term_string"}}],"inLanguage":"fr-FR"}]}},"_links":{"self":[{"href":"https:\/\/ccc-ccc.ca\/fr\/wp-json\/wp\/v2\/pages\/434","targetHints":{"allow":["GET"]}}],"collection":[{"href":"https:\/\/ccc-ccc.ca\/fr\/wp-json\/wp\/v2\/pages"}],"about":[{"href":"https:\/\/ccc-ccc.ca\/fr\/wp-json\/wp\/v2\/types\/page"}],"author":[{"embeddable":true,"href":"https:\/\/ccc-ccc.ca\/fr\/wp-json\/wp\/v2\/users\/1"}],"replies":[{"embeddable":true,"href":"https:\/\/ccc-ccc.ca\/fr\/wp-json\/wp\/v2\/comments?post=434"}],"version-history":[{"count":0,"href":"https:\/\/ccc-ccc.ca\/fr\/wp-json\/wp\/v2\/pages\/434\/revisions"}],"wp:attachment":[{"href":"https:\/\/ccc-ccc.ca\/fr\/wp-json\/wp\/v2\/media?parent=434"}],"curies":[{"name":"wp","href":"https:\/\/api.w.org\/{rel}","templated":true}]}}