{"id":44,"date":"2018-06-26T13:35:22","date_gmt":"2018-06-26T13:35:22","guid":{"rendered":"http:\/\/canadiancentennialchoir.flywheelsites.com\/?page_id=44"},"modified":"2018-09-25T16:17:27","modified_gmt":"2018-09-25T20:17:27","slug":"historique","status":"publish","type":"page","link":"https:\/\/ccc-ccc.ca\/fr\/historique\/","title":{"rendered":"Historique"},"content":{"rendered":"<h1>\n\t\tHistorique<br \/>\n\t<\/h1>\n<p>Le Ch\u0153ur du Centenaire canadien a vu le jour en 1966 lorsque, \u00e0 l\u2019invitation de la Commission du Centenaire canadien, feu <a href=\"https:\/\/encyclopediecanadienne.ca\/fr\/article\/goldschmidt-nicholas\/\">Nicholas Goldschmidt<\/a> a rassembl\u00e9 des membres de chorales de la r\u00e9gion d\u2019Ottawa pour contribuer aux c\u00e9l\u00e9brations du Centenaire de la Conf\u00e9d\u00e9ration canadienne. Le premier engagement de la nouvelle chorale constitu\u00e9e de 200 voix \u00e9tait de chanter <i>\u00d4\u00a0Canada <\/i>sur la Colline du Parlement, \u00e0 minuit, le 31 d\u00e9cembre 1966 et \u00e0 la m\u00eame date l\u2019ann\u00e9e suivante, bouclant ainsi les c\u00e9l\u00e9brations musicales du Centenaire dans la capitale. Le Ch\u0153ur du Centenaire canadien s\u2019est produit lors de l\u2019ouverture officielle du Centre national des Arts en 1969. En 1970, il y est revenu pour donner la premi\u00e8re canadienne du <i>Christ au mont des Oliviers<\/i>, le seul oratorio de Beethoven, l\u2019un des concerts, parmi plusieurs, qui seront diffus\u00e9s sur les ondes de CBC Radio.<\/p>\n<p>Le Ch\u0153ur du Centenaire canadien s\u2019est fait un nom pour la vari\u00e9t\u00e9 de ses talents et sa grande aptitude \u00e0 interpr\u00e9ter un vaste r\u00e9pertoire allant des chefs-d\u2019\u0153uvre classiques, compos\u00e9s par Bach, Haendel, Mozart, Faur\u00e9 et Britten, aux chansons populaires et folkloriques ainsi qu\u2019aux chants de No\u00ebl traditionnels du monde entier. Le Ch\u0153ur ne recule pas non plus devant le d\u00e9fi que pr\u00e9sentent les \u0153uvres de compositeurs canadiens contemporains tels Srul Irving Glick et Derek Holman. Au cours des derni\u00e8res saisons, il a interpr\u00e9t\u00e9 des \u0153uvres de compositeurs de la r\u00e9gion : il a notamment command\u00e9 puis cr\u00e9\u00e9 en concert des compositions de Patrick Cardy, de Peter Churchill, de Michael Bussi\u00e8re, de Nicholas\u00a0Piper et de Laura\u00a0Hawley de m\u00eame que <i>Earth Song <\/i>de Jan J\u00e4rvlepp. Il a aussi command\u00e9 des \u0153uvres d&rsquo;Eleanor Daley, de Patrick Wedd, de Pamela Houston et de James Caswell.<\/p>\n<p>Voici des exemples de concerts particuli\u00e8rement m\u00e9morables :<\/p>\n<ul>\n<li>Une production du <i>Requiem <\/i>de Berlioz sous la direction de Brian Law, \u00e0 titre de ch\u0153ur invit\u00e9 lors du concert marquant le\u00a050<sup>e\u00a0<\/sup>anniversaire de la Soci\u00e9t\u00e9 chorale d\u2019Ottawa.<\/li>\n<li>Un concert conjoint avec les Elmer Isler Singers et la Soci\u00e9t\u00e9 chorale de Saint-Lambert sous la direction de feu Elmer Iseler.<\/li>\n<li>Un concert de musique h\u00e9bra\u00efque chant\u00e9e dans une synagogue, avec la participation du cantor Stephen Chaiet, une exp\u00e9rience profond\u00e9ment \u00e9mouvante pour de nombreuses personnes qui entendaient cette musique de leur enfance qui avait presque disparu.<\/li>\n<li><i>Amazing Grace <\/i>est interpr\u00e9t\u00e9e \u00e0 l\u2019\u00e9glise Dominion-Chalmers United\u00a0: la premi\u00e8re strophe sera chant\u00e9e a cappella par les sopranos, auxquelles se joindront les autres sections du Ch\u0153ur \u00e0 la deuxi\u00e8me strophe, chant\u00e9e en parties harmoniques. \u00c0 la troisi\u00e8me strophe, l\u2019\u00e9clat de l\u2019orgue se fera entendre et, au point culminant, \u00e0 la quatri\u00e8me strophe, un ensemble de cornemuses \u00e9cossaises surgira de l\u2019obscurit\u00e9 de la galerie pour ajouter \u00e0 l\u2019\u00e9mouvant tintamarre. L\u2019\u00e9glise a retenti jusqu\u2019aux derniers rangs du jub\u00e9!<\/li>\n<li>Le premier concert de notre s\u00e9rie <i>We Introduce<\/i> (\u00ab\u00a0Nous vous pr\u00e9sentons\u00a0\u00bb), sous la direction de Robert Hall, mettant en vedette Ben\u00a0Heppner, marque le d\u00e9but d\u2019une tradition de soutien de nouveaux artistes prometteurs.<\/li>\n<li>Un concert \u00e0 l\u2019\u00e9glise Sacr\u00e9-C\u0153ur, \u00e0 Gatineau, enti\u00e8rement vou\u00e9 \u00e0 Mozart et offrant au programme <i>Litaniae de Beata Maria Virginae, Ave Verum Corpus <\/i>et <i>Vesperae Solennes de Confessore.<\/i><\/li>\n<li>Un concert offrant des morceaux favoris de Broadway, avec le concours enthousiaste du Treble Chorus de l\u2019\u00e9cole secondaire Canterbury et l\u2019\u00e9nergie d\u2019un quatuor de jazz r\u00e9uni autour de Rob\u00a0Fahie (fils de Carol\u00a0Fahie, soprano au sein du Ch\u0153ur) .<\/li>\n<li>Notre concert en mai 2017 soulignant notre\u00a050<sup>e\u00a0<\/sup>anniversaire, o\u00f9 nous avons pr\u00e9sent\u00e9 un programme exclusivement canadien comprennant notamment la premi\u00e8re mondiale de <i>In Song <\/i>de la compositrice d\u2019Ottawa Laura\u00a0Hawley (une commande du CCC).<\/li>\n<\/ul>\n<p>Le Ch\u0153ur du Centenaire canadien propose au public des concerts aussi divertissants que vari\u00e9s, puisant dans l\u2019ensemble du r\u00e9pertoire de musique chorale, tant les chefs-d\u2019\u0153uvre classiques tr\u00e8s appr\u00e9ci\u00e9s que les partitions de nouveaux compositeurs, en particulier, les compositeurs canadiens, tout en offrant une tribune de choix aux musiciens et aux solistes de la r\u00e9gion.<\/p>\n","protected":false},"excerpt":{"rendered":"<p>Historique Le Ch\u0153ur du Centenaire canadien a vu le jour en 1966 lorsque, \u00e0 l\u2019invitation de la Commission du Centenaire canadien, feu Nicholas Goldschmidt a rassembl\u00e9 des membres de chorales de la r\u00e9gion d\u2019Ottawa pour contribuer aux c\u00e9l\u00e9brations du Centenaire de la Conf\u00e9d\u00e9ration canadienne. Le premier engagement de la nouvelle chorale constitu\u00e9e de 200 voix&hellip;<\/p>\n","protected":false},"author":1,"featured_media":0,"parent":0,"menu_order":0,"comment_status":"closed","ping_status":"closed","template":"","meta":{"_acf_changed":false,"_monsterinsights_skip_tracking":false,"_monsterinsights_sitenote_active":false,"_monsterinsights_sitenote_note":"","_monsterinsights_sitenote_category":0,"footnotes":""},"class_list":["post-44","page","type-page","status-publish","hentry"],"acf":[],"yoast_head":"<!-- This site is optimized with the Yoast SEO plugin v27.3 - https:\/\/yoast.com\/product\/yoast-seo-wordpress\/ -->\n<title>Historique - Ch\u0153ur du Centenaire canadien.<\/title>\n<meta name=\"robots\" content=\"index, follow, max-snippet:-1, max-image-preview:large, max-video-preview:-1\" \/>\n<link rel=\"canonical\" href=\"https:\/\/ccc-ccc.ca\/fr\/historique\/\" \/>\n<meta property=\"og:locale\" content=\"fr_FR\" \/>\n<meta property=\"og:type\" content=\"article\" \/>\n<meta property=\"og:title\" content=\"Historique - Ch\u0153ur du Centenaire canadien.\" \/>\n<meta property=\"og:description\" content=\"Historique Le Ch\u0153ur du Centenaire canadien a vu le jour en 1966 lorsque, \u00e0 l\u2019invitation de la Commission du Centenaire canadien, feu Nicholas Goldschmidt a rassembl\u00e9 des membres de chorales de la r\u00e9gion d\u2019Ottawa pour contribuer aux c\u00e9l\u00e9brations du Centenaire de la Conf\u00e9d\u00e9ration canadienne. Le premier engagement de la nouvelle chorale constitu\u00e9e de 200 voix&hellip;\" \/>\n<meta property=\"og:url\" content=\"https:\/\/ccc-ccc.ca\/fr\/historique\/\" \/>\n<meta property=\"og:site_name\" content=\"Ch\u0153ur du Centenaire canadien.\" \/>\n<meta property=\"article:modified_time\" content=\"2018-09-25T20:17:27+00:00\" \/>\n<meta name=\"twitter:card\" content=\"summary_large_image\" \/>\n<meta name=\"twitter:label1\" content=\"Dur\u00e9e de lecture estim\u00e9e\" \/>\n\t<meta name=\"twitter:data1\" content=\"4 minutes\" \/>\n<script type=\"application\/ld+json\" class=\"yoast-schema-graph\">{\"@context\":\"https:\\\/\\\/schema.org\",\"@graph\":[{\"@type\":\"WebPage\",\"@id\":\"https:\\\/\\\/ccc-ccc.ca\\\/fr\\\/historique\\\/\",\"url\":\"https:\\\/\\\/ccc-ccc.ca\\\/fr\\\/historique\\\/\",\"name\":\"Historique - Ch\u0153ur du Centenaire canadien.\",\"isPartOf\":{\"@id\":\"https:\\\/\\\/ccc-ccc.ca\\\/#website\"},\"datePublished\":\"2018-06-26T13:35:22+00:00\",\"dateModified\":\"2018-09-25T20:17:27+00:00\",\"breadcrumb\":{\"@id\":\"https:\\\/\\\/ccc-ccc.ca\\\/fr\\\/historique\\\/#breadcrumb\"},\"inLanguage\":\"fr-FR\",\"potentialAction\":[{\"@type\":\"ReadAction\",\"target\":[\"https:\\\/\\\/ccc-ccc.ca\\\/fr\\\/historique\\\/\"]}]},{\"@type\":\"BreadcrumbList\",\"@id\":\"https:\\\/\\\/ccc-ccc.ca\\\/fr\\\/historique\\\/#breadcrumb\",\"itemListElement\":[{\"@type\":\"ListItem\",\"position\":1,\"name\":\"Home\",\"item\":\"https:\\\/\\\/ccc-ccc.ca\\\/fr\\\/\"},{\"@type\":\"ListItem\",\"position\":2,\"name\":\"Historique\"}]},{\"@type\":\"WebSite\",\"@id\":\"https:\\\/\\\/ccc-ccc.ca\\\/#website\",\"url\":\"https:\\\/\\\/ccc-ccc.ca\\\/\",\"name\":\"Ch\u0153ur du Centenaire canadien.\",\"description\":\"Non-profit community choir\",\"potentialAction\":[{\"@type\":\"SearchAction\",\"target\":{\"@type\":\"EntryPoint\",\"urlTemplate\":\"https:\\\/\\\/ccc-ccc.ca\\\/?s={search_term_string}\"},\"query-input\":{\"@type\":\"PropertyValueSpecification\",\"valueRequired\":true,\"valueName\":\"search_term_string\"}}],\"inLanguage\":\"fr-FR\"}]}<\/script>\n<!-- \/ Yoast SEO plugin. -->","yoast_head_json":{"title":"Historique - Ch\u0153ur du Centenaire canadien.","robots":{"index":"index","follow":"follow","max-snippet":"max-snippet:-1","max-image-preview":"max-image-preview:large","max-video-preview":"max-video-preview:-1"},"canonical":"https:\/\/ccc-ccc.ca\/fr\/historique\/","og_locale":"fr_FR","og_type":"article","og_title":"Historique - Ch\u0153ur du Centenaire canadien.","og_description":"Historique Le Ch\u0153ur du Centenaire canadien a vu le jour en 1966 lorsque, \u00e0 l\u2019invitation de la Commission du Centenaire canadien, feu Nicholas Goldschmidt a rassembl\u00e9 des membres de chorales de la r\u00e9gion d\u2019Ottawa pour contribuer aux c\u00e9l\u00e9brations du Centenaire de la Conf\u00e9d\u00e9ration canadienne. Le premier engagement de la nouvelle chorale constitu\u00e9e de 200 voix&hellip;","og_url":"https:\/\/ccc-ccc.ca\/fr\/historique\/","og_site_name":"Ch\u0153ur du Centenaire canadien.","article_modified_time":"2018-09-25T20:17:27+00:00","twitter_card":"summary_large_image","twitter_misc":{"Dur\u00e9e de lecture estim\u00e9e":"4 minutes"},"schema":{"@context":"https:\/\/schema.org","@graph":[{"@type":"WebPage","@id":"https:\/\/ccc-ccc.ca\/fr\/historique\/","url":"https:\/\/ccc-ccc.ca\/fr\/historique\/","name":"Historique - Ch\u0153ur du Centenaire canadien.","isPartOf":{"@id":"https:\/\/ccc-ccc.ca\/#website"},"datePublished":"2018-06-26T13:35:22+00:00","dateModified":"2018-09-25T20:17:27+00:00","breadcrumb":{"@id":"https:\/\/ccc-ccc.ca\/fr\/historique\/#breadcrumb"},"inLanguage":"fr-FR","potentialAction":[{"@type":"ReadAction","target":["https:\/\/ccc-ccc.ca\/fr\/historique\/"]}]},{"@type":"BreadcrumbList","@id":"https:\/\/ccc-ccc.ca\/fr\/historique\/#breadcrumb","itemListElement":[{"@type":"ListItem","position":1,"name":"Home","item":"https:\/\/ccc-ccc.ca\/fr\/"},{"@type":"ListItem","position":2,"name":"Historique"}]},{"@type":"WebSite","@id":"https:\/\/ccc-ccc.ca\/#website","url":"https:\/\/ccc-ccc.ca\/","name":"Ch\u0153ur du Centenaire canadien.","description":"Non-profit community choir","potentialAction":[{"@type":"SearchAction","target":{"@type":"EntryPoint","urlTemplate":"https:\/\/ccc-ccc.ca\/?s={search_term_string}"},"query-input":{"@type":"PropertyValueSpecification","valueRequired":true,"valueName":"search_term_string"}}],"inLanguage":"fr-FR"}]}},"_links":{"self":[{"href":"https:\/\/ccc-ccc.ca\/fr\/wp-json\/wp\/v2\/pages\/44","targetHints":{"allow":["GET"]}}],"collection":[{"href":"https:\/\/ccc-ccc.ca\/fr\/wp-json\/wp\/v2\/pages"}],"about":[{"href":"https:\/\/ccc-ccc.ca\/fr\/wp-json\/wp\/v2\/types\/page"}],"author":[{"embeddable":true,"href":"https:\/\/ccc-ccc.ca\/fr\/wp-json\/wp\/v2\/users\/1"}],"replies":[{"embeddable":true,"href":"https:\/\/ccc-ccc.ca\/fr\/wp-json\/wp\/v2\/comments?post=44"}],"version-history":[{"count":0,"href":"https:\/\/ccc-ccc.ca\/fr\/wp-json\/wp\/v2\/pages\/44\/revisions"}],"wp:attachment":[{"href":"https:\/\/ccc-ccc.ca\/fr\/wp-json\/wp\/v2\/media?parent=44"}],"curies":[{"name":"wp","href":"https:\/\/api.w.org\/{rel}","templated":true}]}}