{"id":45,"date":"2018-06-26T13:35:22","date_gmt":"2018-06-26T13:35:22","guid":{"rendered":"http:\/\/canadiancentennialchoir.flywheelsites.com\/?page_id=45"},"modified":"2019-10-07T14:43:59","modified_gmt":"2019-10-07T18:43:59","slug":"commandite","status":"publish","type":"page","link":"https:\/\/ccc-ccc.ca\/fr\/commandite\/","title":{"rendered":"Commandite"},"content":{"rendered":"<h1>\n\t\tCommandite\n\t<\/h1>\n\t<h5><strong>Pour plus d\u2019informations sur nos commanditaires actuels,<\/strong> <a href=\"https:\/\/ccc-ccc.ca\/fr\/commandite\/commandite\/\">cliquez ici<\/a>.<\/h5>\n<p>Il est facile de devenir commanditaire et vous appuierez directement le Ch\u0153ur du Centenaire canadien!<\/p>\n\t<p>VOTRE COMMANDITE AIDE LE CH\u0152UR DE PLUSIEURS FA\u00c7ONS IMPORTANTES<\/p>\n<ol>\n<li><strong>Appui au niveau du d\u00e9veloppement et de la direction du Ch\u0153ur<\/strong><\/li>\n<\/ol>\n<p>Attirer des chanteurs enthousiastes et offrir des activit\u00e9s musicales appropri\u00e9es aux membres du ch\u0153ur font partie int\u00e9grante de notre mandat. De plus, nous travaillons avec une directrice musicale et une accompagnatrice r\u00e9mun\u00e9r\u00e9es qui mettent leur exp\u00e9rience et leur talent au profit du perfectionnement du ch\u0153ur.<\/p>\n<ol start=\"2\">\n<li><strong>Appui au niveau de nos concerts<\/strong><\/li>\n<\/ol>\n<p>\u00c0 lui seul, le revenu provenant de la vente de billets ne couvre pas la totalit\u00e9 du co\u00fbt de nos concerts. Les frais de location du lieu et la r\u00e9mun\u00e9ration des musiciens et des solistes invit\u00e9s ne repr\u00e9sentent que quelques-unes de nos d\u00e9penses pour chaque repr\u00e9sentation. Avec votre aide, nous pouvons continuer d\u2019organiser des concerts int\u00e9ressants et divertissants mettant en vedette des artistes locaux talentueux.<\/p>\n<ol start=\"3\">\n<li><strong>Commande de nouvelles \u0153uvres chorales canadiennes<\/strong><\/li>\n<\/ol>\n<p>La musique pour ch\u0153ur est une forme artistique dynamique en \u00e9volution qui am\u00e9liore la qualit\u00e9 de vie, tant au niveau individuel que communautaire. \u00c0 ce titre, nous offrons r\u00e9guli\u00e8rement un appui financier aux compositeurs canadiens afin qu\u2019ils cr\u00e9ent de nouvelles \u0153uvres chorales pouvant \u00eatre interpr\u00e9t\u00e9es par le ch\u0153ur. Nous avons command\u00e9 et interpr\u00e9t\u00e9 pour la premi\u00e8re fois des \u0153uvres de Patrick\u00a0Cardy, Eleanor\u00a0Daley, Jan\u00a0J\u00e4rvlepp et Patrick\u00a0Wedd, et des compositeurs d\u2019Ottawa Michael\u00a0Bussi\u00e8re, Laura\u00a0Hawley et Nicholas\u00a0Piper.<\/p>\n<ol start=\"4\">\n<li><strong>Appui au niveau des adh\u00e9sions pour \u00e9tudiants, des bourses d\u2019entretien et des bourses d\u2019\u00e9tudes du ch\u0153ur<\/strong><\/li>\n<\/ol>\n<p>Le Ch\u0153ur du Centenaire canadien offre une r\u00e9duction des frais d\u2019adh\u00e9sion aux choristes \u00e9tudiants et contribue \u00e0 des bourses d\u2019entretien et d\u2019\u00e9tudes musicales choisies (\u00e0 la discr\u00e9tion du Conseil d\u2019administration du CCC).<\/p>\n\t<h3><strong>Possibilit\u00e9 de commandite<\/strong><\/h3>\n<p>Les commanditaires sont invit\u00e9s \u00e0 commanditer <strong>une saison enti\u00e8re<\/strong> (4 concerts) ou <strong>un ou plusieurs concerts individuels<\/strong> pendant la saison. Lors de chaque concert, 250 \u00e0 300 membres de l\u2019auditoire (ainsi que les 70 chanteurs du ch\u0153ur) liront le programme imprim\u00e9 et verront que vous \u00eates l\u2019un des donateurs appuyant l\u2019\u00e9v\u00e9nement.<\/p>\n<p><strong>Les niveaux de commandite et leurs avantages<\/strong> sont les suivants\u00a0:<\/p>\n\t<table>\n<tbody>\n<tr>\n<td width=\"180\"><strong>Niveau de commandite<\/strong><\/td>\n<td width=\"148\"><strong>Commanditaire de la saison<br \/>\n(4 concerts)<\/strong><\/td>\n<td width=\"148\"><strong>Commanditaire du concert\u00a0: Or<\/strong><\/td>\n<td width=\"148\"><strong>Commanditaire du concert\u00a0: Argent<\/strong><\/td>\n<\/tr>\n<tr>\n<td width=\"180\"><strong><em>Investissement<\/em><\/strong><\/td>\n<td width=\"148\">1\u00a0200\u00a0$<\/td>\n<td width=\"148\">500\u00a0$<\/td>\n<td width=\"148\">300\u00a0$<\/td>\n<\/tr>\n<tr>\n<td width=\"180\"><strong><em>Annonce dans le programme de concert imprim\u00e9 <\/em><\/strong><\/td>\n<td width=\"148\">Page compl\u00e8te<br \/>\nx 4 programmes<\/td>\n<td width=\"148\">Page compl\u00e8te<\/td>\n<td width=\"148\">Demi-page<\/td>\n<\/tr>\n<tr>\n<td width=\"180\"><strong><em>Mention sur le site Web du CCC et dans le mat\u00e9riel publicitaire du concert<br \/>\n<\/em><\/strong><em>(p.\u00a0ex., affiches, calendriers d\u2019\u00e9v\u00e9nements imprim\u00e9s et en ligne)<\/em><\/td>\n<td width=\"148\">\n<h4><strong>\u2713<\/strong><\/h4>\n<\/td>\n<td width=\"148\">\n<h4><strong>\u2713<\/strong><\/h4>\n<\/td>\n<td width=\"148\">\n<h4><strong>\u2713<\/strong><\/h4>\n<\/td>\n<\/tr>\n<tr>\n<td width=\"180\"><strong><em>Lien au site Web du commanditaire sur le site Web du CCC<\/em><\/strong><\/td>\n<td width=\"148\">\n<h4><strong>\u2713<\/strong><\/h4>\n<\/td>\n<td width=\"148\">\n<h4><strong>\u2713<\/strong><\/h4>\n<\/td>\n<td width=\"148\">\n<h4><strong>\u2713<\/strong><\/h4>\n<\/td>\n<\/tr>\n<tr>\n<td width=\"180\"><strong><em>Logo sur l\u2019affiche plac\u00e9e au lieu du concert<\/em><\/strong><\/td>\n<td width=\"148\">\n<h4><strong>\u2713<\/strong><\/h4>\n<\/td>\n<td width=\"148\">\n<h4><strong>\u2713<\/strong><\/h4>\n<\/td>\n<td width=\"148\">\n<h4><strong>\u2713<\/strong><\/h4>\n<\/td>\n<\/tr>\n<tr>\n<td width=\"180\"><strong><em>Remerciement verbal \u00e0 partir de la sc\u00e8ne<\/em><\/strong><\/td>\n<td width=\"148\">\n<h4><strong>\u2713<\/strong><\/h4>\n<\/td>\n<td width=\"148\">\n<h4><strong>\u2713<\/strong><\/h4>\n<\/td>\n<td width=\"148\">\n<h4><strong>\u2713<\/strong><\/h4>\n<\/td>\n<\/tr>\n<tr>\n<td width=\"180\"><strong><em>Billets de concert gratuits<\/em><\/strong><\/td>\n<td width=\"148\">4 x 4 concerts<br \/>\n(total 16)<\/td>\n<td width=\"148\">2<\/td>\n<td width=\"148\">2<\/td>\n<\/tr>\n<\/tbody>\n<\/table>\n\t<p>Chaque commanditaire fournit son logo pr\u00eat \u00e0 photographier. En \u00e9change, le logo du commanditaire occupe une place de premier plan dans le mat\u00e9riel publicitaire indiqu\u00e9 ci-dessus.<\/p>\n<p>Remarque\u00a0: La commandite est consid\u00e9r\u00e9e comme une d\u00e9pense publicitaire aux fins fiscales.<\/p>\n<p>Pour de plus amples renseignements, veuillez communiquer avec <a href=\"mailto:sponsorship@ccc-ccc.ca\"><strong>sponsorship(arobas)ccc-ccc.ca<\/strong><\/a>.<\/p>\n","protected":false},"excerpt":{"rendered":"<p>Commandite Pour plus d\u2019informations sur nos commanditaires actuels, cliquez ici. Il est facile de devenir commanditaire et vous appuierez directement le Ch\u0153ur du Centenaire canadien! VOTRE COMMANDITE AIDE LE CH\u0152UR DE PLUSIEURS FA\u00c7ONS IMPORTANTES Appui au niveau du d\u00e9veloppement et de la direction du Ch\u0153ur Attirer des chanteurs enthousiastes et offrir des activit\u00e9s musicales appropri\u00e9es&hellip;<\/p>\n","protected":false},"author":1,"featured_media":0,"parent":0,"menu_order":0,"comment_status":"closed","ping_status":"closed","template":"","meta":{"_acf_changed":false,"_monsterinsights_skip_tracking":false,"_monsterinsights_sitenote_active":false,"_monsterinsights_sitenote_note":"","_monsterinsights_sitenote_category":0,"footnotes":""},"class_list":["post-45","page","type-page","status-publish","hentry"],"acf":[],"yoast_head":"<!-- This site is optimized with the Yoast SEO plugin v27.3 - https:\/\/yoast.com\/product\/yoast-seo-wordpress\/ -->\n<title>Commandite - Ch\u0153ur du Centenaire canadien.<\/title>\n<meta name=\"robots\" content=\"index, follow, max-snippet:-1, max-image-preview:large, max-video-preview:-1\" \/>\n<link rel=\"canonical\" href=\"https:\/\/ccc-ccc.ca\/fr\/commandite\/\" \/>\n<meta property=\"og:locale\" content=\"fr_FR\" \/>\n<meta property=\"og:type\" content=\"article\" \/>\n<meta property=\"og:title\" content=\"Commandite - Ch\u0153ur du Centenaire canadien.\" \/>\n<meta property=\"og:description\" content=\"Commandite Pour plus d\u2019informations sur nos commanditaires actuels, cliquez ici. Il est facile de devenir commanditaire et vous appuierez directement le Ch\u0153ur du Centenaire canadien! VOTRE COMMANDITE AIDE LE CH\u0152UR DE PLUSIEURS FA\u00c7ONS IMPORTANTES Appui au niveau du d\u00e9veloppement et de la direction du Ch\u0153ur Attirer des chanteurs enthousiastes et offrir des activit\u00e9s musicales appropri\u00e9es&hellip;\" \/>\n<meta property=\"og:url\" content=\"https:\/\/ccc-ccc.ca\/fr\/commandite\/\" \/>\n<meta property=\"og:site_name\" content=\"Ch\u0153ur du Centenaire canadien.\" \/>\n<meta property=\"article:modified_time\" content=\"2019-10-07T18:43:59+00:00\" \/>\n<meta name=\"twitter:card\" content=\"summary_large_image\" \/>\n<meta name=\"twitter:label1\" content=\"Dur\u00e9e de lecture estim\u00e9e\" \/>\n\t<meta name=\"twitter:data1\" content=\"3 minutes\" \/>\n<script type=\"application\/ld+json\" class=\"yoast-schema-graph\">{\"@context\":\"https:\\\/\\\/schema.org\",\"@graph\":[{\"@type\":\"WebPage\",\"@id\":\"https:\\\/\\\/ccc-ccc.ca\\\/fr\\\/commandite\\\/\",\"url\":\"https:\\\/\\\/ccc-ccc.ca\\\/fr\\\/commandite\\\/\",\"name\":\"Commandite - Ch\u0153ur du Centenaire canadien.\",\"isPartOf\":{\"@id\":\"https:\\\/\\\/ccc-ccc.ca\\\/#website\"},\"datePublished\":\"2018-06-26T13:35:22+00:00\",\"dateModified\":\"2019-10-07T18:43:59+00:00\",\"breadcrumb\":{\"@id\":\"https:\\\/\\\/ccc-ccc.ca\\\/fr\\\/commandite\\\/#breadcrumb\"},\"inLanguage\":\"fr-FR\",\"potentialAction\":[{\"@type\":\"ReadAction\",\"target\":[\"https:\\\/\\\/ccc-ccc.ca\\\/fr\\\/commandite\\\/\"]}]},{\"@type\":\"BreadcrumbList\",\"@id\":\"https:\\\/\\\/ccc-ccc.ca\\\/fr\\\/commandite\\\/#breadcrumb\",\"itemListElement\":[{\"@type\":\"ListItem\",\"position\":1,\"name\":\"Home\",\"item\":\"https:\\\/\\\/ccc-ccc.ca\\\/fr\\\/\"},{\"@type\":\"ListItem\",\"position\":2,\"name\":\"Commandite\"}]},{\"@type\":\"WebSite\",\"@id\":\"https:\\\/\\\/ccc-ccc.ca\\\/#website\",\"url\":\"https:\\\/\\\/ccc-ccc.ca\\\/\",\"name\":\"Ch\u0153ur du Centenaire canadien.\",\"description\":\"Non-profit community choir\",\"potentialAction\":[{\"@type\":\"SearchAction\",\"target\":{\"@type\":\"EntryPoint\",\"urlTemplate\":\"https:\\\/\\\/ccc-ccc.ca\\\/?s={search_term_string}\"},\"query-input\":{\"@type\":\"PropertyValueSpecification\",\"valueRequired\":true,\"valueName\":\"search_term_string\"}}],\"inLanguage\":\"fr-FR\"}]}<\/script>\n<!-- \/ Yoast SEO plugin. -->","yoast_head_json":{"title":"Commandite - Ch\u0153ur du Centenaire canadien.","robots":{"index":"index","follow":"follow","max-snippet":"max-snippet:-1","max-image-preview":"max-image-preview:large","max-video-preview":"max-video-preview:-1"},"canonical":"https:\/\/ccc-ccc.ca\/fr\/commandite\/","og_locale":"fr_FR","og_type":"article","og_title":"Commandite - Ch\u0153ur du Centenaire canadien.","og_description":"Commandite Pour plus d\u2019informations sur nos commanditaires actuels, cliquez ici. Il est facile de devenir commanditaire et vous appuierez directement le Ch\u0153ur du Centenaire canadien! VOTRE COMMANDITE AIDE LE CH\u0152UR DE PLUSIEURS FA\u00c7ONS IMPORTANTES Appui au niveau du d\u00e9veloppement et de la direction du Ch\u0153ur Attirer des chanteurs enthousiastes et offrir des activit\u00e9s musicales appropri\u00e9es&hellip;","og_url":"https:\/\/ccc-ccc.ca\/fr\/commandite\/","og_site_name":"Ch\u0153ur du Centenaire canadien.","article_modified_time":"2019-10-07T18:43:59+00:00","twitter_card":"summary_large_image","twitter_misc":{"Dur\u00e9e de lecture estim\u00e9e":"3 minutes"},"schema":{"@context":"https:\/\/schema.org","@graph":[{"@type":"WebPage","@id":"https:\/\/ccc-ccc.ca\/fr\/commandite\/","url":"https:\/\/ccc-ccc.ca\/fr\/commandite\/","name":"Commandite - Ch\u0153ur du Centenaire canadien.","isPartOf":{"@id":"https:\/\/ccc-ccc.ca\/#website"},"datePublished":"2018-06-26T13:35:22+00:00","dateModified":"2019-10-07T18:43:59+00:00","breadcrumb":{"@id":"https:\/\/ccc-ccc.ca\/fr\/commandite\/#breadcrumb"},"inLanguage":"fr-FR","potentialAction":[{"@type":"ReadAction","target":["https:\/\/ccc-ccc.ca\/fr\/commandite\/"]}]},{"@type":"BreadcrumbList","@id":"https:\/\/ccc-ccc.ca\/fr\/commandite\/#breadcrumb","itemListElement":[{"@type":"ListItem","position":1,"name":"Home","item":"https:\/\/ccc-ccc.ca\/fr\/"},{"@type":"ListItem","position":2,"name":"Commandite"}]},{"@type":"WebSite","@id":"https:\/\/ccc-ccc.ca\/#website","url":"https:\/\/ccc-ccc.ca\/","name":"Ch\u0153ur du Centenaire canadien.","description":"Non-profit community choir","potentialAction":[{"@type":"SearchAction","target":{"@type":"EntryPoint","urlTemplate":"https:\/\/ccc-ccc.ca\/?s={search_term_string}"},"query-input":{"@type":"PropertyValueSpecification","valueRequired":true,"valueName":"search_term_string"}}],"inLanguage":"fr-FR"}]}},"_links":{"self":[{"href":"https:\/\/ccc-ccc.ca\/fr\/wp-json\/wp\/v2\/pages\/45","targetHints":{"allow":["GET"]}}],"collection":[{"href":"https:\/\/ccc-ccc.ca\/fr\/wp-json\/wp\/v2\/pages"}],"about":[{"href":"https:\/\/ccc-ccc.ca\/fr\/wp-json\/wp\/v2\/types\/page"}],"author":[{"embeddable":true,"href":"https:\/\/ccc-ccc.ca\/fr\/wp-json\/wp\/v2\/users\/1"}],"replies":[{"embeddable":true,"href":"https:\/\/ccc-ccc.ca\/fr\/wp-json\/wp\/v2\/comments?post=45"}],"version-history":[{"count":0,"href":"https:\/\/ccc-ccc.ca\/fr\/wp-json\/wp\/v2\/pages\/45\/revisions"}],"wp:attachment":[{"href":"https:\/\/ccc-ccc.ca\/fr\/wp-json\/wp\/v2\/media?parent=45"}],"curies":[{"name":"wp","href":"https:\/\/api.w.org\/{rel}","templated":true}]}}