{"id":62,"date":"2018-06-26T13:35:46","date_gmt":"2018-06-26T13:35:46","guid":{"rendered":"http:\/\/canadiancentennialchoir.flywheelsites.com\/?page_id=62"},"modified":"2019-05-23T00:14:28","modified_gmt":"2019-05-23T04:14:28","slug":"plates-formes-a-louer","status":"publish","type":"page","link":"https:\/\/ccc-ccc.ca\/fr\/plates-formes-a-louer\/","title":{"rendered":"Plates-formes \u00e0 louer"},"content":{"rendered":"<h1>\n\t\tPlates-formes \u00e0 louer\n\t<\/h1>\n\t<p>Pour ses concerts, le Ch\u0153ur utilise un ensemble de plates-formes sur\u00e9lev\u00e9es. Les plates-formes sur\u00e9lev\u00e9es peuvent \u00eatre lou\u00e9es par d\u2019autres organismes dans la r\u00e9gion d\u2019Ottawa. <\/p>\n<p><img loading=\"lazy\" decoding=\"async\" src=\"https:\/\/ccc-ccc.ca\/fr\/\/wp-content\/uploads\/2018\/08\/Dimensions-300x148.jpg\" alt=\"\" width=\"386\" height=\"191\" \/><\/p>\n<p>Il y a cinq sections de plates-formes sur\u00e9lev\u00e9es, dont chacune compte quatre rang\u00e9es. L\u2019ensemble mesure 8\u00a0pi.\u00a08\u00a0po. de profondeur par 28 pi. de largeur lorsque toutes les sections sont mont\u00e9es en formant une courbe. Les sections peuvent \u00eatre mont\u00e9es de diff\u00e9rentes fa\u00e7ons. Les plates-formes comprennent des barri\u00e8res de s\u00e9curit\u00e9 lat\u00e9rales et arri\u00e8res. Elles peuvent accueillir de 75 \u00e0 100 personnes environ lorsque la premi\u00e8re rang\u00e9e de personnes est debout sur le plancher. La capacit\u00e9 des plates-formes varie selon la taille des personnes et l\u2019espace entre elles.<\/p>\n<p>Pour de plus amples renseignements, veuillez consulter le site <a href=\"http:\/\/performance.stageright.com\/products\/music-risers\/alla-breve-standing-choral-riser\/\">http:\/\/performance.stageright.com\/products\/music-risers\/alla-breve-standing-choral-riser\/<\/a>\u00a0(en anglais seulement).<\/p>\n<p><img loading=\"lazy\" decoding=\"async\" src=\"https:\/\/ccc-ccc.ca\/fr\/\/wp-content\/uploads\/2018\/08\/Sample-of-Choir-on-Risers-300x157.png\" alt=\"\" width=\"373\" height=\"195\" \/><\/p>\n<p>Les frais de location des plates-formes sont de 250 $ (incluant la r\u00e9p\u00e9tition g\u00e9n\u00e9rale et le concert). Les plates-formes doivent \u00eatre transport\u00e9es par une entreprise professionnelle de d\u00e9m\u00e9nagement de votre choix, \u00e0 vos frais. Cependant, si votre spectacle a lieu l\u00e0 o\u00f9 elles sont entrepos\u00e9es (actuellement \u00e0 l&rsquo;\u00e9glise Trinity Anglican), il n\u2019y a pas de frais de transport.<\/p>\n<p>Pour la disponibilit\u00e9 des plateformes ou pour plus de renseignements, veuillez communiquer avec nous au moins deux semaines d\u2019avance, \u00e0 l\u2019adresse\u00a0<a href=\"mailto:ccc.risers@ccc-ccc.ca\">ccc.risers(arobas)ccc-ccc.ca.<\/a><\/p>\n","protected":false},"excerpt":{"rendered":"<p>Plates-formes \u00e0 louer Pour ses concerts, le Ch\u0153ur utilise un ensemble de plates-formes sur\u00e9lev\u00e9es. Les plates-formes sur\u00e9lev\u00e9es peuvent \u00eatre lou\u00e9es par d\u2019autres organismes dans la r\u00e9gion d\u2019Ottawa. Il y a cinq sections de plates-formes sur\u00e9lev\u00e9es, dont chacune compte quatre rang\u00e9es. L\u2019ensemble mesure 8\u00a0pi.\u00a08\u00a0po. de profondeur par 28 pi. de largeur lorsque toutes les sections sont&hellip;<\/p>\n","protected":false},"author":1,"featured_media":0,"parent":0,"menu_order":0,"comment_status":"closed","ping_status":"closed","template":"","meta":{"_acf_changed":false,"_monsterinsights_skip_tracking":false,"_monsterinsights_sitenote_active":false,"_monsterinsights_sitenote_note":"","_monsterinsights_sitenote_category":0,"footnotes":""},"class_list":["post-62","page","type-page","status-publish","hentry"],"acf":[],"yoast_head":"<!-- This site is optimized with the Yoast SEO plugin v27.3 - https:\/\/yoast.com\/product\/yoast-seo-wordpress\/ -->\n<title>Plates-formes \u00e0 louer - Ch\u0153ur du Centenaire canadien.<\/title>\n<meta name=\"robots\" content=\"index, follow, max-snippet:-1, max-image-preview:large, max-video-preview:-1\" \/>\n<link rel=\"canonical\" href=\"https:\/\/ccc-ccc.ca\/fr\/plates-formes-a-louer\/\" \/>\n<meta property=\"og:locale\" content=\"fr_FR\" \/>\n<meta property=\"og:type\" content=\"article\" \/>\n<meta property=\"og:title\" content=\"Plates-formes \u00e0 louer - Ch\u0153ur du Centenaire canadien.\" \/>\n<meta property=\"og:description\" content=\"Plates-formes \u00e0 louer Pour ses concerts, le Ch\u0153ur utilise un ensemble de plates-formes sur\u00e9lev\u00e9es. Les plates-formes sur\u00e9lev\u00e9es peuvent \u00eatre lou\u00e9es par d\u2019autres organismes dans la r\u00e9gion d\u2019Ottawa. Il y a cinq sections de plates-formes sur\u00e9lev\u00e9es, dont chacune compte quatre rang\u00e9es. L\u2019ensemble mesure 8\u00a0pi.\u00a08\u00a0po. de profondeur par 28 pi. de largeur lorsque toutes les sections sont&hellip;\" \/>\n<meta property=\"og:url\" content=\"https:\/\/ccc-ccc.ca\/fr\/plates-formes-a-louer\/\" \/>\n<meta property=\"og:site_name\" content=\"Ch\u0153ur du Centenaire canadien.\" \/>\n<meta property=\"article:modified_time\" content=\"2019-05-23T04:14:28+00:00\" \/>\n<meta property=\"og:image\" content=\"https:\/\/ccc-ccc.ca\/fr\/\/wp-content\/uploads\/2018\/08\/Dimensions-300x148.jpg\" \/>\n<meta name=\"twitter:card\" content=\"summary_large_image\" \/>\n<meta name=\"twitter:label1\" content=\"Dur\u00e9e de lecture estim\u00e9e\" \/>\n\t<meta name=\"twitter:data1\" content=\"1 minute\" \/>\n<script type=\"application\/ld+json\" class=\"yoast-schema-graph\">{\"@context\":\"https:\\\/\\\/schema.org\",\"@graph\":[{\"@type\":\"WebPage\",\"@id\":\"https:\\\/\\\/ccc-ccc.ca\\\/fr\\\/plates-formes-a-louer\\\/\",\"url\":\"https:\\\/\\\/ccc-ccc.ca\\\/fr\\\/plates-formes-a-louer\\\/\",\"name\":\"Plates-formes \u00e0 louer - Ch\u0153ur du Centenaire canadien.\",\"isPartOf\":{\"@id\":\"https:\\\/\\\/ccc-ccc.ca\\\/#website\"},\"primaryImageOfPage\":{\"@id\":\"https:\\\/\\\/ccc-ccc.ca\\\/fr\\\/plates-formes-a-louer\\\/#primaryimage\"},\"image\":{\"@id\":\"https:\\\/\\\/ccc-ccc.ca\\\/fr\\\/plates-formes-a-louer\\\/#primaryimage\"},\"thumbnailUrl\":\"https:\\\/\\\/ccc-ccc.ca\\\/fr\\\/\\\/wp-content\\\/uploads\\\/2018\\\/08\\\/Dimensions-300x148.jpg\",\"datePublished\":\"2018-06-26T13:35:46+00:00\",\"dateModified\":\"2019-05-23T04:14:28+00:00\",\"breadcrumb\":{\"@id\":\"https:\\\/\\\/ccc-ccc.ca\\\/fr\\\/plates-formes-a-louer\\\/#breadcrumb\"},\"inLanguage\":\"fr-FR\",\"potentialAction\":[{\"@type\":\"ReadAction\",\"target\":[\"https:\\\/\\\/ccc-ccc.ca\\\/fr\\\/plates-formes-a-louer\\\/\"]}]},{\"@type\":\"ImageObject\",\"inLanguage\":\"fr-FR\",\"@id\":\"https:\\\/\\\/ccc-ccc.ca\\\/fr\\\/plates-formes-a-louer\\\/#primaryimage\",\"url\":\"https:\\\/\\\/ccc-ccc.ca\\\/fr\\\/\\\/wp-content\\\/uploads\\\/2018\\\/08\\\/Dimensions-300x148.jpg\",\"contentUrl\":\"https:\\\/\\\/ccc-ccc.ca\\\/fr\\\/\\\/wp-content\\\/uploads\\\/2018\\\/08\\\/Dimensions-300x148.jpg\"},{\"@type\":\"BreadcrumbList\",\"@id\":\"https:\\\/\\\/ccc-ccc.ca\\\/fr\\\/plates-formes-a-louer\\\/#breadcrumb\",\"itemListElement\":[{\"@type\":\"ListItem\",\"position\":1,\"name\":\"Home\",\"item\":\"https:\\\/\\\/ccc-ccc.ca\\\/fr\\\/\"},{\"@type\":\"ListItem\",\"position\":2,\"name\":\"Plates-formes \u00e0 louer\"}]},{\"@type\":\"WebSite\",\"@id\":\"https:\\\/\\\/ccc-ccc.ca\\\/#website\",\"url\":\"https:\\\/\\\/ccc-ccc.ca\\\/\",\"name\":\"Ch\u0153ur du Centenaire canadien.\",\"description\":\"Non-profit community choir\",\"potentialAction\":[{\"@type\":\"SearchAction\",\"target\":{\"@type\":\"EntryPoint\",\"urlTemplate\":\"https:\\\/\\\/ccc-ccc.ca\\\/?s={search_term_string}\"},\"query-input\":{\"@type\":\"PropertyValueSpecification\",\"valueRequired\":true,\"valueName\":\"search_term_string\"}}],\"inLanguage\":\"fr-FR\"}]}<\/script>\n<!-- \/ Yoast SEO plugin. -->","yoast_head_json":{"title":"Plates-formes \u00e0 louer - Ch\u0153ur du Centenaire canadien.","robots":{"index":"index","follow":"follow","max-snippet":"max-snippet:-1","max-image-preview":"max-image-preview:large","max-video-preview":"max-video-preview:-1"},"canonical":"https:\/\/ccc-ccc.ca\/fr\/plates-formes-a-louer\/","og_locale":"fr_FR","og_type":"article","og_title":"Plates-formes \u00e0 louer - Ch\u0153ur du Centenaire canadien.","og_description":"Plates-formes \u00e0 louer Pour ses concerts, le Ch\u0153ur utilise un ensemble de plates-formes sur\u00e9lev\u00e9es. Les plates-formes sur\u00e9lev\u00e9es peuvent \u00eatre lou\u00e9es par d\u2019autres organismes dans la r\u00e9gion d\u2019Ottawa. Il y a cinq sections de plates-formes sur\u00e9lev\u00e9es, dont chacune compte quatre rang\u00e9es. L\u2019ensemble mesure 8\u00a0pi.\u00a08\u00a0po. de profondeur par 28 pi. de largeur lorsque toutes les sections sont&hellip;","og_url":"https:\/\/ccc-ccc.ca\/fr\/plates-formes-a-louer\/","og_site_name":"Ch\u0153ur du Centenaire canadien.","article_modified_time":"2019-05-23T04:14:28+00:00","og_image":[{"url":"https:\/\/ccc-ccc.ca\/fr\/\/wp-content\/uploads\/2018\/08\/Dimensions-300x148.jpg","type":"","width":"","height":""}],"twitter_card":"summary_large_image","twitter_misc":{"Dur\u00e9e de lecture estim\u00e9e":"1 minute"},"schema":{"@context":"https:\/\/schema.org","@graph":[{"@type":"WebPage","@id":"https:\/\/ccc-ccc.ca\/fr\/plates-formes-a-louer\/","url":"https:\/\/ccc-ccc.ca\/fr\/plates-formes-a-louer\/","name":"Plates-formes \u00e0 louer - Ch\u0153ur du Centenaire canadien.","isPartOf":{"@id":"https:\/\/ccc-ccc.ca\/#website"},"primaryImageOfPage":{"@id":"https:\/\/ccc-ccc.ca\/fr\/plates-formes-a-louer\/#primaryimage"},"image":{"@id":"https:\/\/ccc-ccc.ca\/fr\/plates-formes-a-louer\/#primaryimage"},"thumbnailUrl":"https:\/\/ccc-ccc.ca\/fr\/\/wp-content\/uploads\/2018\/08\/Dimensions-300x148.jpg","datePublished":"2018-06-26T13:35:46+00:00","dateModified":"2019-05-23T04:14:28+00:00","breadcrumb":{"@id":"https:\/\/ccc-ccc.ca\/fr\/plates-formes-a-louer\/#breadcrumb"},"inLanguage":"fr-FR","potentialAction":[{"@type":"ReadAction","target":["https:\/\/ccc-ccc.ca\/fr\/plates-formes-a-louer\/"]}]},{"@type":"ImageObject","inLanguage":"fr-FR","@id":"https:\/\/ccc-ccc.ca\/fr\/plates-formes-a-louer\/#primaryimage","url":"https:\/\/ccc-ccc.ca\/fr\/\/wp-content\/uploads\/2018\/08\/Dimensions-300x148.jpg","contentUrl":"https:\/\/ccc-ccc.ca\/fr\/\/wp-content\/uploads\/2018\/08\/Dimensions-300x148.jpg"},{"@type":"BreadcrumbList","@id":"https:\/\/ccc-ccc.ca\/fr\/plates-formes-a-louer\/#breadcrumb","itemListElement":[{"@type":"ListItem","position":1,"name":"Home","item":"https:\/\/ccc-ccc.ca\/fr\/"},{"@type":"ListItem","position":2,"name":"Plates-formes \u00e0 louer"}]},{"@type":"WebSite","@id":"https:\/\/ccc-ccc.ca\/#website","url":"https:\/\/ccc-ccc.ca\/","name":"Ch\u0153ur du Centenaire canadien.","description":"Non-profit community choir","potentialAction":[{"@type":"SearchAction","target":{"@type":"EntryPoint","urlTemplate":"https:\/\/ccc-ccc.ca\/?s={search_term_string}"},"query-input":{"@type":"PropertyValueSpecification","valueRequired":true,"valueName":"search_term_string"}}],"inLanguage":"fr-FR"}]}},"_links":{"self":[{"href":"https:\/\/ccc-ccc.ca\/fr\/wp-json\/wp\/v2\/pages\/62","targetHints":{"allow":["GET"]}}],"collection":[{"href":"https:\/\/ccc-ccc.ca\/fr\/wp-json\/wp\/v2\/pages"}],"about":[{"href":"https:\/\/ccc-ccc.ca\/fr\/wp-json\/wp\/v2\/types\/page"}],"author":[{"embeddable":true,"href":"https:\/\/ccc-ccc.ca\/fr\/wp-json\/wp\/v2\/users\/1"}],"replies":[{"embeddable":true,"href":"https:\/\/ccc-ccc.ca\/fr\/wp-json\/wp\/v2\/comments?post=62"}],"version-history":[{"count":0,"href":"https:\/\/ccc-ccc.ca\/fr\/wp-json\/wp\/v2\/pages\/62\/revisions"}],"wp:attachment":[{"href":"https:\/\/ccc-ccc.ca\/fr\/wp-json\/wp\/v2\/media?parent=62"}],"curies":[{"name":"wp","href":"https:\/\/api.w.org\/{rel}","templated":true}]}}