{"id":677,"date":"2018-06-26T13:35:10","date_gmt":"2018-06-26T13:35:10","guid":{"rendered":"http:\/\/canadiancentennialchoir.flywheelsites.com\/berry-sales\/"},"modified":"2025-02-18T17:22:23","modified_gmt":"2025-02-18T22:22:23","slug":"vente-de-baies","status":"publish","type":"page","link":"https:\/\/ccc-ccc.ca\/fr\/vente-de-baies\/","title":{"rendered":"Vente de baies"},"content":{"rendered":"\n<h1>\n\t\tVente de baies\n\t<\/h1>\n\t\n<p><strong>VENTE ANNUELLE DE BLEUETS &#8211;\u00a0<\/strong><strong>CANNEBERGES!<\/strong><\/p>\n<p>Notre campagne de baies pour l&rsquo;hiver 2025 est termin\u00e9e. Merci \u00e0 tous ceux qui ont command\u00e9 des baies de nous. Nous appr\u00e9cions votre soutien.<\/p>\n<p>Nous pr\u00e9voyons d&rsquo;organiser une collecte de fonds par la vente de petits fruits en janvier\/f\u00e9vrier 2026.<\/p>\n<p>Veuillez consulter la pr\u00e9sente page au d\u00e9but de janvier pour plus de d\u00e9tails.<\/p>\n<p>D&rsquo;ici l\u00e0, pensez \u00e0 faire un don pour soutenir les activit\u00e9s de la chorale.<\/p>\n<article id=\"fl-post-677\">\n<\/article>\n\n","protected":false},"excerpt":{"rendered":"<p>Vente de baies VENTE ANNUELLE DE BLEUETS &#8211;\u00a0CANNEBERGES! Notre campagne de baies pour l&rsquo;hiver 2025 est termin\u00e9e. Merci \u00e0 tous ceux qui ont command\u00e9 des baies de nous. Nous appr\u00e9cions votre soutien. Nous pr\u00e9voyons d&rsquo;organiser une collecte de fonds par la vente de petits fruits en janvier\/f\u00e9vrier 2026. Veuillez consulter la pr\u00e9sente page au d\u00e9but&hellip;<\/p>\n","protected":false},"author":1,"featured_media":0,"parent":0,"menu_order":0,"comment_status":"closed","ping_status":"closed","template":"","meta":{"_acf_changed":false,"_monsterinsights_skip_tracking":false,"_monsterinsights_sitenote_active":false,"_monsterinsights_sitenote_note":"","_monsterinsights_sitenote_category":0,"footnotes":""},"class_list":["post-677","page","type-page","status-publish","hentry"],"acf":[],"yoast_head":"<!-- This site is optimized with the Yoast SEO plugin v27.3 - https:\/\/yoast.com\/product\/yoast-seo-wordpress\/ -->\n<title>Vente de baies - Ch\u0153ur du Centenaire canadien.<\/title>\n<meta name=\"robots\" content=\"index, follow, max-snippet:-1, max-image-preview:large, max-video-preview:-1\" \/>\n<link rel=\"canonical\" href=\"https:\/\/ccc-ccc.ca\/fr\/vente-de-baies\/\" \/>\n<meta property=\"og:locale\" content=\"fr_FR\" \/>\n<meta property=\"og:type\" content=\"article\" \/>\n<meta property=\"og:title\" content=\"Vente de baies - Ch\u0153ur du Centenaire canadien.\" \/>\n<meta property=\"og:description\" content=\"Vente de baies VENTE ANNUELLE DE BLEUETS &#8211;\u00a0CANNEBERGES! Notre campagne de baies pour l&rsquo;hiver 2025 est termin\u00e9e. Merci \u00e0 tous ceux qui ont command\u00e9 des baies de nous. Nous appr\u00e9cions votre soutien. Nous pr\u00e9voyons d&rsquo;organiser une collecte de fonds par la vente de petits fruits en janvier\/f\u00e9vrier 2026. Veuillez consulter la pr\u00e9sente page au d\u00e9but&hellip;\" \/>\n<meta property=\"og:url\" content=\"https:\/\/ccc-ccc.ca\/fr\/vente-de-baies\/\" \/>\n<meta property=\"og:site_name\" content=\"Ch\u0153ur du Centenaire canadien.\" \/>\n<meta property=\"article:modified_time\" content=\"2025-02-18T22:22:23+00:00\" \/>\n<meta name=\"twitter:card\" content=\"summary_large_image\" \/>\n<script type=\"application\/ld+json\" class=\"yoast-schema-graph\">{\"@context\":\"https:\\\/\\\/schema.org\",\"@graph\":[{\"@type\":\"WebPage\",\"@id\":\"https:\\\/\\\/ccc-ccc.ca\\\/fr\\\/vente-de-baies\\\/\",\"url\":\"https:\\\/\\\/ccc-ccc.ca\\\/fr\\\/vente-de-baies\\\/\",\"name\":\"Vente de baies - Ch\u0153ur du Centenaire canadien.\",\"isPartOf\":{\"@id\":\"https:\\\/\\\/ccc-ccc.ca\\\/#website\"},\"datePublished\":\"2018-06-26T13:35:10+00:00\",\"dateModified\":\"2025-02-18T22:22:23+00:00\",\"breadcrumb\":{\"@id\":\"https:\\\/\\\/ccc-ccc.ca\\\/fr\\\/vente-de-baies\\\/#breadcrumb\"},\"inLanguage\":\"fr-FR\",\"potentialAction\":[{\"@type\":\"ReadAction\",\"target\":[\"https:\\\/\\\/ccc-ccc.ca\\\/fr\\\/vente-de-baies\\\/\"]}]},{\"@type\":\"BreadcrumbList\",\"@id\":\"https:\\\/\\\/ccc-ccc.ca\\\/fr\\\/vente-de-baies\\\/#breadcrumb\",\"itemListElement\":[{\"@type\":\"ListItem\",\"position\":1,\"name\":\"Home\",\"item\":\"https:\\\/\\\/ccc-ccc.ca\\\/fr\\\/\"},{\"@type\":\"ListItem\",\"position\":2,\"name\":\"Vente de baies\"}]},{\"@type\":\"WebSite\",\"@id\":\"https:\\\/\\\/ccc-ccc.ca\\\/#website\",\"url\":\"https:\\\/\\\/ccc-ccc.ca\\\/\",\"name\":\"Ch\u0153ur du Centenaire canadien.\",\"description\":\"Non-profit community choir\",\"potentialAction\":[{\"@type\":\"SearchAction\",\"target\":{\"@type\":\"EntryPoint\",\"urlTemplate\":\"https:\\\/\\\/ccc-ccc.ca\\\/?s={search_term_string}\"},\"query-input\":{\"@type\":\"PropertyValueSpecification\",\"valueRequired\":true,\"valueName\":\"search_term_string\"}}],\"inLanguage\":\"fr-FR\"}]}<\/script>\n<!-- \/ Yoast SEO plugin. -->","yoast_head_json":{"title":"Vente de baies - Ch\u0153ur du Centenaire canadien.","robots":{"index":"index","follow":"follow","max-snippet":"max-snippet:-1","max-image-preview":"max-image-preview:large","max-video-preview":"max-video-preview:-1"},"canonical":"https:\/\/ccc-ccc.ca\/fr\/vente-de-baies\/","og_locale":"fr_FR","og_type":"article","og_title":"Vente de baies - Ch\u0153ur du Centenaire canadien.","og_description":"Vente de baies VENTE ANNUELLE DE BLEUETS &#8211;\u00a0CANNEBERGES! Notre campagne de baies pour l&rsquo;hiver 2025 est termin\u00e9e. Merci \u00e0 tous ceux qui ont command\u00e9 des baies de nous. Nous appr\u00e9cions votre soutien. Nous pr\u00e9voyons d&rsquo;organiser une collecte de fonds par la vente de petits fruits en janvier\/f\u00e9vrier 2026. Veuillez consulter la pr\u00e9sente page au d\u00e9but&hellip;","og_url":"https:\/\/ccc-ccc.ca\/fr\/vente-de-baies\/","og_site_name":"Ch\u0153ur du Centenaire canadien.","article_modified_time":"2025-02-18T22:22:23+00:00","twitter_card":"summary_large_image","schema":{"@context":"https:\/\/schema.org","@graph":[{"@type":"WebPage","@id":"https:\/\/ccc-ccc.ca\/fr\/vente-de-baies\/","url":"https:\/\/ccc-ccc.ca\/fr\/vente-de-baies\/","name":"Vente de baies - Ch\u0153ur du Centenaire canadien.","isPartOf":{"@id":"https:\/\/ccc-ccc.ca\/#website"},"datePublished":"2018-06-26T13:35:10+00:00","dateModified":"2025-02-18T22:22:23+00:00","breadcrumb":{"@id":"https:\/\/ccc-ccc.ca\/fr\/vente-de-baies\/#breadcrumb"},"inLanguage":"fr-FR","potentialAction":[{"@type":"ReadAction","target":["https:\/\/ccc-ccc.ca\/fr\/vente-de-baies\/"]}]},{"@type":"BreadcrumbList","@id":"https:\/\/ccc-ccc.ca\/fr\/vente-de-baies\/#breadcrumb","itemListElement":[{"@type":"ListItem","position":1,"name":"Home","item":"https:\/\/ccc-ccc.ca\/fr\/"},{"@type":"ListItem","position":2,"name":"Vente de baies"}]},{"@type":"WebSite","@id":"https:\/\/ccc-ccc.ca\/#website","url":"https:\/\/ccc-ccc.ca\/","name":"Ch\u0153ur du Centenaire canadien.","description":"Non-profit community choir","potentialAction":[{"@type":"SearchAction","target":{"@type":"EntryPoint","urlTemplate":"https:\/\/ccc-ccc.ca\/?s={search_term_string}"},"query-input":{"@type":"PropertyValueSpecification","valueRequired":true,"valueName":"search_term_string"}}],"inLanguage":"fr-FR"}]}},"_links":{"self":[{"href":"https:\/\/ccc-ccc.ca\/fr\/wp-json\/wp\/v2\/pages\/677","targetHints":{"allow":["GET"]}}],"collection":[{"href":"https:\/\/ccc-ccc.ca\/fr\/wp-json\/wp\/v2\/pages"}],"about":[{"href":"https:\/\/ccc-ccc.ca\/fr\/wp-json\/wp\/v2\/types\/page"}],"author":[{"embeddable":true,"href":"https:\/\/ccc-ccc.ca\/fr\/wp-json\/wp\/v2\/users\/1"}],"replies":[{"embeddable":true,"href":"https:\/\/ccc-ccc.ca\/fr\/wp-json\/wp\/v2\/comments?post=677"}],"version-history":[{"count":0,"href":"https:\/\/ccc-ccc.ca\/fr\/wp-json\/wp\/v2\/pages\/677\/revisions"}],"wp:attachment":[{"href":"https:\/\/ccc-ccc.ca\/fr\/wp-json\/wp\/v2\/media?parent=677"}],"curies":[{"name":"wp","href":"https:\/\/api.w.org\/{rel}","templated":true}]}}